{"id":1081,"date":"2024-02-21T12:03:56","date_gmt":"2024-02-21T11:03:56","guid":{"rendered":"https:\/\/direkcije.rs\/?page_id=1081"},"modified":"2024-03-27T08:32:34","modified_gmt":"2024-03-27T07:32:34","slug":"administrativne-zabrane","status":"publish","type":"page","link":"https:\/\/direkcije.rs\/?page_id=1081","title":{"rendered":"Administrativne zabrane"},"content":{"rendered":"\n<div style=\"height:2rem\" aria-hidden=\"true\" class=\"wp-block-spacer\"><\/div>\n\n\n\n<figure class=\"wp-block-image size-large has-custom-border\" id=\"wp-block-themeisle-blocks-image-7153ff0e\"><img loading=\"lazy\" decoding=\"async\" width=\"1600\" height=\"691\" src=\"https:\/\/direkcije.rs\/wp-content\/uploads\/2024\/02\/writing-pen-sign-business-paper-brand-941490-pxhere.com_-1-1600x691.jpg\" alt=\"\" class=\"wp-image-1090\" style=\"border-radius:10px\" srcset=\"https:\/\/direkcije.rs\/wp-content\/uploads\/2024\/02\/writing-pen-sign-business-paper-brand-941490-pxhere.com_-1-1600x691.jpg 1600w, https:\/\/direkcije.rs\/wp-content\/uploads\/2024\/02\/writing-pen-sign-business-paper-brand-941490-pxhere.com_-1-300x130.jpg 300w, https:\/\/direkcije.rs\/wp-content\/uploads\/2024\/02\/writing-pen-sign-business-paper-brand-941490-pxhere.com_-1-200x86.jpg 200w, https:\/\/direkcije.rs\/wp-content\/uploads\/2024\/02\/writing-pen-sign-business-paper-brand-941490-pxhere.com_-1-18x8.jpg 18w, https:\/\/direkcije.rs\/wp-content\/uploads\/2024\/02\/writing-pen-sign-business-paper-brand-941490-pxhere.com_-1.jpg 1620w\" sizes=\"auto, (max-width: 1600px) 100vw, 1600px\" \/><\/figure>\n\n\n\n<div style=\"height:2rem\" aria-hidden=\"true\" class=\"wp-block-spacer\"><\/div>\n\n\n\n<p class=\"has-medium-font-size\">Ovde mo\u017eete preuzeti administrativne zabrane koje su trenutno aktuelne:<\/p>\n\n\n\n<div style=\"height:1rem\" aria-hidden=\"true\" class=\"wp-block-spacer\"><\/div>\n\n\n\n<p class=\"has-medium-font-size\">Za prole\u0107ni izlet u jugoisto\u010dnu Srbiju:<\/p>\n\n\n\n<p class=\"has-text-color has-link-color has-medium-font-size wp-elements-cc7427f54811ff6e7acb02154dd8ccc7\" style=\"color:#136ebf\">&#8211; <a href=\"https:\/\/direkcije.rs\/wp-content\/uploads\/2024\/03\/administrativna-Pirot-Clan.pdf\" target=\"_blank\" rel=\"noreferrer noopener\">Izlet u Pirot &#8211; \u010clan Direkcija<\/a><\/p>\n\n\n\n<p class=\"has-text-color has-link-color has-medium-font-size wp-elements-2d602ac066ffdc4e5f9fe21c8feda91c\" style=\"color:#136ebf\">&#8211; <a href=\"https:\/\/direkcije.rs\/wp-content\/uploads\/2024\/03\/administrativna-Pirot-puna-cena.pdf\">Izlet u Pirot &#8211; puna cena<\/a><\/p>\n\n\n\n<div style=\"height:1rem\" aria-hidden=\"true\" class=\"wp-block-spacer\"><\/div>\n\n\n\n<p class=\"has-medium-font-size\">Za rekreaciju:<\/p>\n\n\n\n<p class=\"has-text-color has-link-color has-medium-font-size wp-elements-59556e3008104da5499f3cf3869cdec9\" style=\"color:#136ebf\">&#8211; <a href=\"https:\/\/direkcije.rs\/wp-content\/uploads\/2024\/03\/Administrativna_zabrana_FitPass-clan.pdf\" target=\"_blank\" rel=\"noreferrer noopener\">Fitpass &#8211; \u010dlan SO Direkcija<\/a><\/p>\n\n\n\n<p class=\"has-text-color has-link-color has-medium-font-size wp-elements-8fa29bf75a484a131b00041bd5d8b949\" style=\"color:#136ebf\">&#8211; <a href=\"https:\/\/direkcije.rs\/wp-content\/uploads\/2024\/03\/Administrativna_zabrana_FitPass-porodica.pdf\" target=\"_blank\" rel=\"noreferrer noopener\">Fitpass &#8211; \u010dlan porodice<\/a><\/p>\n\n\n\n<div style=\"height:5rem\" aria-hidden=\"true\" class=\"wp-block-spacer\"><\/div>\n","protected":false},"excerpt":{"rendered":"<p>Ovde mo\u017eete preuzeti administrativne zabrane koje su trenutno aktuelne: Za prole\u0107ni izlet u jugoisto\u010dnu Srbiju: &#8211; Izlet u Pirot &#8211; \u010clan Direkcija &#8211; Izlet u Pirot &#8211; puna cena Za rekreaciju: &#8211; Fitpass &#8211; \u010dlan SO Direkcija &#8211; Fitpass &#8211; \u010dlan porodice<\/p>\n","protected":false},"author":1,"featured_media":0,"parent":0,"menu_order":0,"comment_status":"closed","ping_status":"closed","template":"","meta":{"_sitemap_exclude":false,"_sitemap_priority":"","_sitemap_frequency":"","_themeisle_gutenberg_block_has_review":false,"footnotes":""},"class_list":["post-1081","page","type-page","status-publish","hentry"],"yoast_head":"<!-- This site is optimized with the Yoast SEO plugin v24.7 - https:\/\/yoast.com\/wordpress\/plugins\/seo\/ -->\n<title>Administrativne zabrane - Sindikalna organizacija DIREKCIJE<\/title>\n<meta name=\"robots\" content=\"index, follow, max-snippet:-1, max-image-preview:large, max-video-preview:-1\" \/>\n<link rel=\"canonical\" href=\"https:\/\/direkcije.rs\/?page_id=1081\" \/>\n<meta property=\"og:locale\" content=\"sr_RS\" \/>\n<meta property=\"og:type\" content=\"article\" \/>\n<meta property=\"og:title\" content=\"Administrativne zabrane - Sindikalna organizacija DIREKCIJE\" \/>\n<meta property=\"og:description\" content=\"Ovde mo\u017eete preuzeti administrativne zabrane koje su trenutno aktuelne: Za prole\u0107ni izlet u jugoisto\u010dnu Srbiju: &#8211; Izlet u Pirot &#8211; \u010clan Direkcija &#8211; Izlet u Pirot &#8211; puna cena Za rekreaciju: &#8211; Fitpass &#8211; \u010dlan SO Direkcija &#8211; Fitpass &#8211; \u010dlan porodice\" \/>\n<meta property=\"og:url\" content=\"https:\/\/direkcije.rs\/?page_id=1081\" \/>\n<meta property=\"og:site_name\" content=\"Sindikalna organizacija DIREKCIJE\" \/>\n<meta property=\"article:publisher\" content=\"https:\/\/www.facebook.com\/profile.php?id=61556769311237\" \/>\n<meta property=\"article:modified_time\" content=\"2024-03-27T07:32:34+00:00\" \/>\n<meta property=\"og:image\" content=\"https:\/\/direkcije.rs\/wp-content\/uploads\/2024\/02\/writing-pen-sign-business-paper-brand-941490-pxhere.com_-1-1600x691.jpg\" \/>\n<meta name=\"twitter:card\" content=\"summary_large_image\" \/>\n<meta name=\"twitter:label1\" content=\"\u041f\u0440\u043e\u0446\u0435\u045a\u0435\u043d\u043e \u0432\u0440\u0435\u043c\u0435 \u0447\u0438\u0442\u0430\u045a\u0430\" \/>\n\t<meta name=\"twitter:data1\" content=\"1 \u043c\u0438\u043d\u0443\u0442\" \/>\n<script type=\"application\/ld+json\" class=\"yoast-schema-graph\">{\"@context\":\"https:\/\/schema.org\",\"@graph\":[{\"@type\":\"WebPage\",\"@id\":\"https:\/\/direkcije.rs\/?page_id=1081\",\"url\":\"https:\/\/direkcije.rs\/?page_id=1081\",\"name\":\"Administrativne zabrane - Sindikalna organizacija DIREKCIJE\",\"isPartOf\":{\"@id\":\"https:\/\/direkcije.rs\/#website\"},\"primaryImageOfPage\":{\"@id\":\"https:\/\/direkcije.rs\/?page_id=1081#primaryimage\"},\"image\":{\"@id\":\"https:\/\/direkcije.rs\/?page_id=1081#primaryimage\"},\"thumbnailUrl\":\"https:\/\/direkcije.rs\/wp-content\/uploads\/2024\/02\/writing-pen-sign-business-paper-brand-941490-pxhere.com_-1-1600x691.jpg\",\"datePublished\":\"2024-02-21T11:03:56+00:00\",\"dateModified\":\"2024-03-27T07:32:34+00:00\",\"breadcrumb\":{\"@id\":\"https:\/\/direkcije.rs\/?page_id=1081#breadcrumb\"},\"inLanguage\":\"sr-RS\",\"potentialAction\":[{\"@type\":\"ReadAction\",\"target\":[\"https:\/\/direkcije.rs\/?page_id=1081\"]}]},{\"@type\":\"ImageObject\",\"inLanguage\":\"sr-RS\",\"@id\":\"https:\/\/direkcije.rs\/?page_id=1081#primaryimage\",\"url\":\"https:\/\/direkcije.rs\/wp-content\/uploads\/2024\/02\/writing-pen-sign-business-paper-brand-941490-pxhere.com_-1.jpg\",\"contentUrl\":\"https:\/\/direkcije.rs\/wp-content\/uploads\/2024\/02\/writing-pen-sign-business-paper-brand-941490-pxhere.com_-1.jpg\",\"width\":1620,\"height\":700},{\"@type\":\"BreadcrumbList\",\"@id\":\"https:\/\/direkcije.rs\/?page_id=1081#breadcrumb\",\"itemListElement\":[{\"@type\":\"ListItem\",\"position\":1,\"name\":\"Home\",\"item\":\"https:\/\/direkcije.rs\/\"},{\"@type\":\"ListItem\",\"position\":2,\"name\":\"Administrativne zabrane\"}]},{\"@type\":\"WebSite\",\"@id\":\"https:\/\/direkcije.rs\/#website\",\"url\":\"https:\/\/direkcije.rs\/\",\"name\":\"Sindikalna organizacija DIREKCIJE\",\"description\":\"deo Sindikata PTTa\",\"publisher\":{\"@id\":\"https:\/\/direkcije.rs\/#organization\"},\"alternateName\":\"Direkcije\",\"potentialAction\":[{\"@type\":\"SearchAction\",\"target\":{\"@type\":\"EntryPoint\",\"urlTemplate\":\"https:\/\/direkcije.rs\/?s={search_term_string}\"},\"query-input\":{\"@type\":\"PropertyValueSpecification\",\"valueRequired\":true,\"valueName\":\"search_term_string\"}}],\"inLanguage\":\"sr-RS\"},{\"@type\":\"Organization\",\"@id\":\"https:\/\/direkcije.rs\/#organization\",\"name\":\"Sindikalna organizacija DIREKCIJE\",\"alternateName\":\"Direkcije\",\"url\":\"https:\/\/direkcije.rs\/\",\"logo\":{\"@type\":\"ImageObject\",\"inLanguage\":\"sr-RS\",\"@id\":\"https:\/\/direkcije.rs\/#\/schema\/logo\/image\/\",\"url\":\"https:\/\/direkcije.rs\/wp-content\/uploads\/2024\/02\/Copy-of-Sindikat-logo.jpg\",\"contentUrl\":\"https:\/\/direkcije.rs\/wp-content\/uploads\/2024\/02\/Copy-of-Sindikat-logo.jpg\",\"width\":238,\"height\":238,\"caption\":\"Sindikalna organizacija DIREKCIJE\"},\"image\":{\"@id\":\"https:\/\/direkcije.rs\/#\/schema\/logo\/image\/\"},\"sameAs\":[\"https:\/\/www.facebook.com\/profile.php?id=61556769311237\"]}]}<\/script>\n<!-- \/ Yoast SEO plugin. -->","yoast_head_json":{"title":"Administrativne zabrane - Sindikalna organizacija DIREKCIJE","robots":{"index":"index","follow":"follow","max-snippet":"max-snippet:-1","max-image-preview":"max-image-preview:large","max-video-preview":"max-video-preview:-1"},"canonical":"https:\/\/direkcije.rs\/?page_id=1081","og_locale":"sr_RS","og_type":"article","og_title":"Administrativne zabrane - Sindikalna organizacija DIREKCIJE","og_description":"Ovde mo\u017eete preuzeti administrativne zabrane koje su trenutno aktuelne: Za prole\u0107ni izlet u jugoisto\u010dnu Srbiju: &#8211; Izlet u Pirot &#8211; \u010clan Direkcija &#8211; Izlet u Pirot &#8211; puna cena Za rekreaciju: &#8211; Fitpass &#8211; \u010dlan SO Direkcija &#8211; Fitpass &#8211; \u010dlan porodice","og_url":"https:\/\/direkcije.rs\/?page_id=1081","og_site_name":"Sindikalna organizacija DIREKCIJE","article_publisher":"https:\/\/www.facebook.com\/profile.php?id=61556769311237","article_modified_time":"2024-03-27T07:32:34+00:00","og_image":[{"url":"https:\/\/direkcije.rs\/wp-content\/uploads\/2024\/02\/writing-pen-sign-business-paper-brand-941490-pxhere.com_-1-1600x691.jpg","type":"","width":"","height":""}],"twitter_card":"summary_large_image","twitter_misc":{"\u041f\u0440\u043e\u0446\u0435\u045a\u0435\u043d\u043e \u0432\u0440\u0435\u043c\u0435 \u0447\u0438\u0442\u0430\u045a\u0430":"1 \u043c\u0438\u043d\u0443\u0442"},"schema":{"@context":"https:\/\/schema.org","@graph":[{"@type":"WebPage","@id":"https:\/\/direkcije.rs\/?page_id=1081","url":"https:\/\/direkcije.rs\/?page_id=1081","name":"Administrativne zabrane - Sindikalna organizacija DIREKCIJE","isPartOf":{"@id":"https:\/\/direkcije.rs\/#website"},"primaryImageOfPage":{"@id":"https:\/\/direkcije.rs\/?page_id=1081#primaryimage"},"image":{"@id":"https:\/\/direkcije.rs\/?page_id=1081#primaryimage"},"thumbnailUrl":"https:\/\/direkcije.rs\/wp-content\/uploads\/2024\/02\/writing-pen-sign-business-paper-brand-941490-pxhere.com_-1-1600x691.jpg","datePublished":"2024-02-21T11:03:56+00:00","dateModified":"2024-03-27T07:32:34+00:00","breadcrumb":{"@id":"https:\/\/direkcije.rs\/?page_id=1081#breadcrumb"},"inLanguage":"sr-RS","potentialAction":[{"@type":"ReadAction","target":["https:\/\/direkcije.rs\/?page_id=1081"]}]},{"@type":"ImageObject","inLanguage":"sr-RS","@id":"https:\/\/direkcije.rs\/?page_id=1081#primaryimage","url":"https:\/\/direkcije.rs\/wp-content\/uploads\/2024\/02\/writing-pen-sign-business-paper-brand-941490-pxhere.com_-1.jpg","contentUrl":"https:\/\/direkcije.rs\/wp-content\/uploads\/2024\/02\/writing-pen-sign-business-paper-brand-941490-pxhere.com_-1.jpg","width":1620,"height":700},{"@type":"BreadcrumbList","@id":"https:\/\/direkcije.rs\/?page_id=1081#breadcrumb","itemListElement":[{"@type":"ListItem","position":1,"name":"Home","item":"https:\/\/direkcije.rs\/"},{"@type":"ListItem","position":2,"name":"Administrativne zabrane"}]},{"@type":"WebSite","@id":"https:\/\/direkcije.rs\/#website","url":"https:\/\/direkcije.rs\/","name":"Sindikalna organizacija DIREKCIJE","description":"deo Sindikata PTTa","publisher":{"@id":"https:\/\/direkcije.rs\/#organization"},"alternateName":"Direkcije","potentialAction":[{"@type":"SearchAction","target":{"@type":"EntryPoint","urlTemplate":"https:\/\/direkcije.rs\/?s={search_term_string}"},"query-input":{"@type":"PropertyValueSpecification","valueRequired":true,"valueName":"search_term_string"}}],"inLanguage":"sr-RS"},{"@type":"Organization","@id":"https:\/\/direkcije.rs\/#organization","name":"Sindikalna organizacija DIREKCIJE","alternateName":"Direkcije","url":"https:\/\/direkcije.rs\/","logo":{"@type":"ImageObject","inLanguage":"sr-RS","@id":"https:\/\/direkcije.rs\/#\/schema\/logo\/image\/","url":"https:\/\/direkcije.rs\/wp-content\/uploads\/2024\/02\/Copy-of-Sindikat-logo.jpg","contentUrl":"https:\/\/direkcije.rs\/wp-content\/uploads\/2024\/02\/Copy-of-Sindikat-logo.jpg","width":238,"height":238,"caption":"Sindikalna organizacija DIREKCIJE"},"image":{"@id":"https:\/\/direkcije.rs\/#\/schema\/logo\/image\/"},"sameAs":["https:\/\/www.facebook.com\/profile.php?id=61556769311237"]}]}},"_links":{"self":[{"href":"https:\/\/direkcije.rs\/index.php?rest_route=\/wp\/v2\/pages\/1081","targetHints":{"allow":["GET"]}}],"collection":[{"href":"https:\/\/direkcije.rs\/index.php?rest_route=\/wp\/v2\/pages"}],"about":[{"href":"https:\/\/direkcije.rs\/index.php?rest_route=\/wp\/v2\/types\/page"}],"author":[{"embeddable":true,"href":"https:\/\/direkcije.rs\/index.php?rest_route=\/wp\/v2\/users\/1"}],"replies":[{"embeddable":true,"href":"https:\/\/direkcije.rs\/index.php?rest_route=%2Fwp%2Fv2%2Fcomments&post=1081"}],"version-history":[{"count":3,"href":"https:\/\/direkcije.rs\/index.php?rest_route=\/wp\/v2\/pages\/1081\/revisions"}],"predecessor-version":[{"id":1575,"href":"https:\/\/direkcije.rs\/index.php?rest_route=\/wp\/v2\/pages\/1081\/revisions\/1575"}],"wp:attachment":[{"href":"https:\/\/direkcije.rs\/index.php?rest_route=%2Fwp%2Fv2%2Fmedia&parent=1081"}],"curies":[{"name":"wp","href":"https:\/\/api.w.org\/{rel}","templated":true}]}}