{"id":11,"date":"2023-12-11T12:32:35","date_gmt":"2023-12-11T11:32:35","guid":{"rendered":"https:\/\/direkcije.rs\/?page_id=11"},"modified":"2024-02-27T20:34:24","modified_gmt":"2024-02-27T19:34:24","slug":"o-nama","status":"publish","type":"page","link":"https:\/\/direkcije.rs\/?page_id=11","title":{"rendered":"O nama"},"content":{"rendered":"\n<p class=\"has-medium-font-size\">Sindikalna organizacija Direkcije Preduze\u0107a je jedna od 35 sindikalnih organizacija koje \u010dine Sindikat PTTa. Okuplja, predstavlja i \u0161titi prava zaposlenih u Funkcijama Preduze\u0107a, odnosno u nekada\u0161njim Direkcijama preduze\u0107a, pa otud i ime Direkcije.<\/p>\n\n\n\n<p class=\"has-medium-font-size\">\u010clanovi Direkcija, kao uostalom i zaposleni u funkcijama preduze\u0107a, su uglavnom vi\u0161e ili visoko obrazovani, te su stoga problemi koji se javljaju u Direkcijama u svojoj prirodi druga\u010diji od sindikalnih pitanja u radnim jedinicama. <\/p>\n\n\n\n<p class=\"has-medium-font-size\">Pomo\u0107 i podr\u0161ka \u010dlanovima Direkcija je zna\u010dajan deo rada na\u0161e sindikalne organizacije. Neke od na\u0161ih akcije postale su tradicionalne, kao \u0161to je ranac za \u0111aka prvaka, gde na po\u010detku svake \u0161kolske godine \u010dlanovima \u010dija deca polaze u prvi razred osnovne \u0161kole poklanjamo \u0161kolski ranac sa pernicom i neophodnim priborom. <\/p>\n\n\n\n<p class=\"has-medium-font-size\">Kako su dame najbrojniji deo \u010dlanstva, veoma va\u017ena akcija je poklon povodom 8. marta, gde svaka na\u0161a \u010dlanica dobija poklon \u010destitku sa vau\u010derom. <\/p>\n\n\n\n<p class=\"has-medium-font-size\">Tokom godina organizovali smo brojne akcije pomo\u0107i i podr\u0161ke kolegama, sindikalne proteste i \u0161trajkove, humanitarne akcije, davanja krvi i sli\u010dno. <\/p>\n\n\n\n<p class=\"has-medium-font-size\">SO Direkcije su imale nekoliko predsednika koji su ostavili dubok trag svojim radom, od kojih su neki u penziji, dok su drugi i dalje \u010dlanovi SO Direkcije, aktivni u sindikalnom Odboru Direkcija, ili u telima Sindikata PTTa: Vladan \u0110uri\u0107, Dejan Ru\u017ei\u0107, Vesna Ba\u0161i\u0107, Zvonko Kur\u0107ubi\u0107&#8230;<\/p>\n\n\n\n<div style=\"height:3rem\" aria-hidden=\"true\" class=\"wp-block-spacer\"><\/div>\n\n\n\n<figure data-wp-context=\"{&quot;imageId&quot;:&quot;69f6d10b6cc21&quot;}\" data-wp-interactive=\"core\/image\" class=\"wp-block-image alignleft size-large has-custom-border is-style-default wp-lightbox-container\" id=\"wp-block-themeisle-blocks-image-31bed392\"><img loading=\"lazy\" decoding=\"async\" width=\"1600\" height=\"922\" data-wp-class--hide=\"state.isContentHidden\" data-wp-class--show=\"state.isContentVisible\" data-wp-init=\"callbacks.setButtonStyles\" data-wp-on-async--click=\"actions.showLightbox\" data-wp-on-async--load=\"callbacks.setButtonStyles\" data-wp-on-async-window--resize=\"callbacks.setButtonStyles\" src=\"https:\/\/direkcije.rs\/wp-content\/uploads\/2024\/02\/Grupna-1600x922.jpg\" alt=\"\" class=\"wp-image-741\" style=\"border-radius:10px\" srcset=\"https:\/\/direkcije.rs\/wp-content\/uploads\/2024\/02\/Grupna-1600x922.jpg 1600w, https:\/\/direkcije.rs\/wp-content\/uploads\/2024\/02\/Grupna-300x173.jpg 300w, https:\/\/direkcije.rs\/wp-content\/uploads\/2024\/02\/Grupna-768x442.jpg 768w, https:\/\/direkcije.rs\/wp-content\/uploads\/2024\/02\/Grupna-1536x885.jpg 1536w, https:\/\/direkcije.rs\/wp-content\/uploads\/2024\/02\/Grupna-2048x1180.jpg 2048w, https:\/\/direkcije.rs\/wp-content\/uploads\/2024\/02\/Grupna-scaled-200x115.jpg 200w, https:\/\/direkcije.rs\/wp-content\/uploads\/2024\/02\/Grupna-scaled-18x10.jpg 18w\" sizes=\"auto, (max-width: 1600px) 100vw, 1600px\" \/><button\n\t\t\tclass=\"lightbox-trigger\"\n\t\t\ttype=\"button\"\n\t\t\taria-haspopup=\"dialog\"\n\t\t\taria-label=\"\u0423\u0432\u0435\u045b\u0430\u0458 \u0441\u043b\u0438\u043a\u0443\"\n\t\t\tdata-wp-init=\"callbacks.initTriggerButton\"\n\t\t\tdata-wp-on-async--click=\"actions.showLightbox\"\n\t\t\tdata-wp-style--right=\"state.imageButtonRight\"\n\t\t\tdata-wp-style--top=\"state.imageButtonTop\"\n\t\t>\n\t\t\t<svg xmlns=\"http:\/\/www.w3.org\/2000\/svg\" width=\"12\" height=\"12\" fill=\"none\" viewBox=\"0 0 12 12\">\n\t\t\t\t<path fill=\"#fff\" d=\"M2 0a2 2 0 0 0-2 2v2h1.5V2a.5.5 0 0 1 .5-.5h2V0H2Zm2 10.5H2a.5.5 0 0 1-.5-.5V8H0v2a2 2 0 0 0 2 2h2v-1.5ZM8 12v-1.5h2a.5.5 0 0 0 .5-.5V8H12v2a2 2 0 0 1-2 2H8Zm2-12a2 2 0 0 1 2 2v2h-1.5V2a.5.5 0 0 0-.5-.5H8V0h2Z\" \/>\n\t\t\t<\/svg>\n\t\t<\/button><figcaption class=\"wp-element-caption\">Podela ranaca na\u0161im \u0111acima prvacima 2014. god. Na ovoj slici su pored \u010dlanova i tri predsednika SO Direkcija Vesna Ba\u0161i\u0107, Zvonko Kur\u0107ubi\u0107 i Vladan \u0110uri\u0107. <em>Foto Nikola Dmitra\u0161inovi\u0107<\/em><\/figcaption><\/figure>\n\n\n\n<div style=\"height:3rem\" aria-hidden=\"true\" class=\"wp-block-spacer\"><\/div>\n","protected":false},"excerpt":{"rendered":"<p>Sindikalna organizacija Direkcije Preduze\u0107a je jedna od 35 sindikalnih organizacija koje \u010dine Sindikat PTTa. Okuplja, predstavlja i \u0161titi prava zaposlenih u Funkcijama Preduze\u0107a, odnosno u nekada\u0161njim Direkcijama preduze\u0107a, pa otud i ime Direkcije. \u010clanovi Direkcija, kao uostalom i zaposleni u funkcijama preduze\u0107a, su uglavnom vi\u0161e ili visoko obrazovani, te su stoga problemi koji se javljaju &hellip; <\/p>\n<p class=\"link-more\"><a href=\"https:\/\/direkcije.rs\/?page_id=11\" class=\"more-link\">Read more<span class=\"screen-reader-text\"> &#8222;O nama&#8220;<\/span><\/a><\/p>\n","protected":false},"author":1,"featured_media":0,"parent":0,"menu_order":0,"comment_status":"closed","ping_status":"closed","template":"","meta":{"_sitemap_exclude":false,"_sitemap_priority":"","_sitemap_frequency":"","_themeisle_gutenberg_block_has_review":false,"footnotes":""},"class_list":["post-11","page","type-page","status-publish","hentry"],"yoast_head":"<!-- This site is optimized with the Yoast SEO plugin v24.7 - https:\/\/yoast.com\/wordpress\/plugins\/seo\/ -->\n<title>O nama - Sindikalna organizacija DIREKCIJE<\/title>\n<meta name=\"robots\" content=\"index, follow, max-snippet:-1, max-image-preview:large, max-video-preview:-1\" \/>\n<link rel=\"canonical\" href=\"https:\/\/direkcije.rs\/?page_id=11\" \/>\n<meta property=\"og:locale\" content=\"sr_RS\" \/>\n<meta property=\"og:type\" content=\"article\" \/>\n<meta property=\"og:title\" content=\"O nama - Sindikalna organizacija DIREKCIJE\" \/>\n<meta property=\"og:description\" content=\"Sindikalna organizacija Direkcije Preduze\u0107a je jedna od 35 sindikalnih organizacija koje \u010dine Sindikat PTTa. Okuplja, predstavlja i \u0161titi prava zaposlenih u Funkcijama Preduze\u0107a, odnosno u nekada\u0161njim Direkcijama preduze\u0107a, pa otud i ime Direkcije. \u010clanovi Direkcija, kao uostalom i zaposleni u funkcijama preduze\u0107a, su uglavnom vi\u0161e ili visoko obrazovani, te su stoga problemi koji se javljaju &hellip; Read more &quot;O nama&quot;\" \/>\n<meta property=\"og:url\" content=\"https:\/\/direkcije.rs\/?page_id=11\" \/>\n<meta property=\"og:site_name\" content=\"Sindikalna organizacija DIREKCIJE\" \/>\n<meta property=\"article:publisher\" content=\"https:\/\/www.facebook.com\/profile.php?id=61556769311237\" \/>\n<meta property=\"article:modified_time\" content=\"2024-02-27T19:34:24+00:00\" \/>\n<meta property=\"og:image\" content=\"https:\/\/direkcije.rs\/wp-content\/uploads\/2024\/02\/Grupna-1600x922.jpg\" \/>\n<meta name=\"twitter:card\" content=\"summary_large_image\" \/>\n<meta name=\"twitter:label1\" content=\"\u041f\u0440\u043e\u0446\u0435\u045a\u0435\u043d\u043e \u0432\u0440\u0435\u043c\u0435 \u0447\u0438\u0442\u0430\u045a\u0430\" \/>\n\t<meta name=\"twitter:data1\" content=\"1 \u043c\u0438\u043d\u0443\u0442\" \/>\n<script type=\"application\/ld+json\" class=\"yoast-schema-graph\">{\"@context\":\"https:\/\/schema.org\",\"@graph\":[{\"@type\":\"WebPage\",\"@id\":\"https:\/\/direkcije.rs\/?page_id=11\",\"url\":\"https:\/\/direkcije.rs\/?page_id=11\",\"name\":\"O nama - Sindikalna organizacija DIREKCIJE\",\"isPartOf\":{\"@id\":\"https:\/\/direkcije.rs\/#website\"},\"primaryImageOfPage\":{\"@id\":\"https:\/\/direkcije.rs\/?page_id=11#primaryimage\"},\"image\":{\"@id\":\"https:\/\/direkcije.rs\/?page_id=11#primaryimage\"},\"thumbnailUrl\":\"https:\/\/direkcije.rs\/wp-content\/uploads\/2024\/02\/Grupna-1600x922.jpg\",\"datePublished\":\"2023-12-11T11:32:35+00:00\",\"dateModified\":\"2024-02-27T19:34:24+00:00\",\"breadcrumb\":{\"@id\":\"https:\/\/direkcije.rs\/?page_id=11#breadcrumb\"},\"inLanguage\":\"sr-RS\",\"potentialAction\":[{\"@type\":\"ReadAction\",\"target\":[\"https:\/\/direkcije.rs\/?page_id=11\"]}]},{\"@type\":\"ImageObject\",\"inLanguage\":\"sr-RS\",\"@id\":\"https:\/\/direkcije.rs\/?page_id=11#primaryimage\",\"url\":\"https:\/\/direkcije.rs\/wp-content\/uploads\/2024\/02\/Grupna-scaled.jpg\",\"contentUrl\":\"https:\/\/direkcije.rs\/wp-content\/uploads\/2024\/02\/Grupna-scaled.jpg\",\"width\":2560,\"height\":1475},{\"@type\":\"BreadcrumbList\",\"@id\":\"https:\/\/direkcije.rs\/?page_id=11#breadcrumb\",\"itemListElement\":[{\"@type\":\"ListItem\",\"position\":1,\"name\":\"Home\",\"item\":\"https:\/\/direkcije.rs\/\"},{\"@type\":\"ListItem\",\"position\":2,\"name\":\"O nama\"}]},{\"@type\":\"WebSite\",\"@id\":\"https:\/\/direkcije.rs\/#website\",\"url\":\"https:\/\/direkcije.rs\/\",\"name\":\"Sindikalna organizacija DIREKCIJE\",\"description\":\"deo Sindikata PTTa\",\"publisher\":{\"@id\":\"https:\/\/direkcije.rs\/#organization\"},\"alternateName\":\"Direkcije\",\"potentialAction\":[{\"@type\":\"SearchAction\",\"target\":{\"@type\":\"EntryPoint\",\"urlTemplate\":\"https:\/\/direkcije.rs\/?s={search_term_string}\"},\"query-input\":{\"@type\":\"PropertyValueSpecification\",\"valueRequired\":true,\"valueName\":\"search_term_string\"}}],\"inLanguage\":\"sr-RS\"},{\"@type\":\"Organization\",\"@id\":\"https:\/\/direkcije.rs\/#organization\",\"name\":\"Sindikalna organizacija DIREKCIJE\",\"alternateName\":\"Direkcije\",\"url\":\"https:\/\/direkcije.rs\/\",\"logo\":{\"@type\":\"ImageObject\",\"inLanguage\":\"sr-RS\",\"@id\":\"https:\/\/direkcije.rs\/#\/schema\/logo\/image\/\",\"url\":\"https:\/\/direkcije.rs\/wp-content\/uploads\/2024\/02\/Copy-of-Sindikat-logo.jpg\",\"contentUrl\":\"https:\/\/direkcije.rs\/wp-content\/uploads\/2024\/02\/Copy-of-Sindikat-logo.jpg\",\"width\":238,\"height\":238,\"caption\":\"Sindikalna organizacija DIREKCIJE\"},\"image\":{\"@id\":\"https:\/\/direkcije.rs\/#\/schema\/logo\/image\/\"},\"sameAs\":[\"https:\/\/www.facebook.com\/profile.php?id=61556769311237\"]}]}<\/script>\n<!-- \/ Yoast SEO plugin. -->","yoast_head_json":{"title":"O nama - Sindikalna organizacija DIREKCIJE","robots":{"index":"index","follow":"follow","max-snippet":"max-snippet:-1","max-image-preview":"max-image-preview:large","max-video-preview":"max-video-preview:-1"},"canonical":"https:\/\/direkcije.rs\/?page_id=11","og_locale":"sr_RS","og_type":"article","og_title":"O nama - Sindikalna organizacija DIREKCIJE","og_description":"Sindikalna organizacija Direkcije Preduze\u0107a je jedna od 35 sindikalnih organizacija koje \u010dine Sindikat PTTa. Okuplja, predstavlja i \u0161titi prava zaposlenih u Funkcijama Preduze\u0107a, odnosno u nekada\u0161njim Direkcijama preduze\u0107a, pa otud i ime Direkcije. \u010clanovi Direkcija, kao uostalom i zaposleni u funkcijama preduze\u0107a, su uglavnom vi\u0161e ili visoko obrazovani, te su stoga problemi koji se javljaju &hellip; Read more \"O nama\"","og_url":"https:\/\/direkcije.rs\/?page_id=11","og_site_name":"Sindikalna organizacija DIREKCIJE","article_publisher":"https:\/\/www.facebook.com\/profile.php?id=61556769311237","article_modified_time":"2024-02-27T19:34:24+00:00","og_image":[{"url":"https:\/\/direkcije.rs\/wp-content\/uploads\/2024\/02\/Grupna-1600x922.jpg","type":"","width":"","height":""}],"twitter_card":"summary_large_image","twitter_misc":{"\u041f\u0440\u043e\u0446\u0435\u045a\u0435\u043d\u043e \u0432\u0440\u0435\u043c\u0435 \u0447\u0438\u0442\u0430\u045a\u0430":"1 \u043c\u0438\u043d\u0443\u0442"},"schema":{"@context":"https:\/\/schema.org","@graph":[{"@type":"WebPage","@id":"https:\/\/direkcije.rs\/?page_id=11","url":"https:\/\/direkcije.rs\/?page_id=11","name":"O nama - Sindikalna organizacija DIREKCIJE","isPartOf":{"@id":"https:\/\/direkcije.rs\/#website"},"primaryImageOfPage":{"@id":"https:\/\/direkcije.rs\/?page_id=11#primaryimage"},"image":{"@id":"https:\/\/direkcije.rs\/?page_id=11#primaryimage"},"thumbnailUrl":"https:\/\/direkcije.rs\/wp-content\/uploads\/2024\/02\/Grupna-1600x922.jpg","datePublished":"2023-12-11T11:32:35+00:00","dateModified":"2024-02-27T19:34:24+00:00","breadcrumb":{"@id":"https:\/\/direkcije.rs\/?page_id=11#breadcrumb"},"inLanguage":"sr-RS","potentialAction":[{"@type":"ReadAction","target":["https:\/\/direkcije.rs\/?page_id=11"]}]},{"@type":"ImageObject","inLanguage":"sr-RS","@id":"https:\/\/direkcije.rs\/?page_id=11#primaryimage","url":"https:\/\/direkcije.rs\/wp-content\/uploads\/2024\/02\/Grupna-scaled.jpg","contentUrl":"https:\/\/direkcije.rs\/wp-content\/uploads\/2024\/02\/Grupna-scaled.jpg","width":2560,"height":1475},{"@type":"BreadcrumbList","@id":"https:\/\/direkcije.rs\/?page_id=11#breadcrumb","itemListElement":[{"@type":"ListItem","position":1,"name":"Home","item":"https:\/\/direkcije.rs\/"},{"@type":"ListItem","position":2,"name":"O nama"}]},{"@type":"WebSite","@id":"https:\/\/direkcije.rs\/#website","url":"https:\/\/direkcije.rs\/","name":"Sindikalna organizacija DIREKCIJE","description":"deo Sindikata PTTa","publisher":{"@id":"https:\/\/direkcije.rs\/#organization"},"alternateName":"Direkcije","potentialAction":[{"@type":"SearchAction","target":{"@type":"EntryPoint","urlTemplate":"https:\/\/direkcije.rs\/?s={search_term_string}"},"query-input":{"@type":"PropertyValueSpecification","valueRequired":true,"valueName":"search_term_string"}}],"inLanguage":"sr-RS"},{"@type":"Organization","@id":"https:\/\/direkcije.rs\/#organization","name":"Sindikalna organizacija DIREKCIJE","alternateName":"Direkcije","url":"https:\/\/direkcije.rs\/","logo":{"@type":"ImageObject","inLanguage":"sr-RS","@id":"https:\/\/direkcije.rs\/#\/schema\/logo\/image\/","url":"https:\/\/direkcije.rs\/wp-content\/uploads\/2024\/02\/Copy-of-Sindikat-logo.jpg","contentUrl":"https:\/\/direkcije.rs\/wp-content\/uploads\/2024\/02\/Copy-of-Sindikat-logo.jpg","width":238,"height":238,"caption":"Sindikalna organizacija DIREKCIJE"},"image":{"@id":"https:\/\/direkcije.rs\/#\/schema\/logo\/image\/"},"sameAs":["https:\/\/www.facebook.com\/profile.php?id=61556769311237"]}]}},"_links":{"self":[{"href":"https:\/\/direkcije.rs\/index.php?rest_route=\/wp\/v2\/pages\/11","targetHints":{"allow":["GET"]}}],"collection":[{"href":"https:\/\/direkcije.rs\/index.php?rest_route=\/wp\/v2\/pages"}],"about":[{"href":"https:\/\/direkcije.rs\/index.php?rest_route=\/wp\/v2\/types\/page"}],"author":[{"embeddable":true,"href":"https:\/\/direkcije.rs\/index.php?rest_route=\/wp\/v2\/users\/1"}],"replies":[{"embeddable":true,"href":"https:\/\/direkcije.rs\/index.php?rest_route=%2Fwp%2Fv2%2Fcomments&post=11"}],"version-history":[{"count":0,"href":"https:\/\/direkcije.rs\/index.php?rest_route=\/wp\/v2\/pages\/11\/revisions"}],"wp:attachment":[{"href":"https:\/\/direkcije.rs\/index.php?rest_route=%2Fwp%2Fv2%2Fmedia&parent=11"}],"curies":[{"name":"wp","href":"https:\/\/api.w.org\/{rel}","templated":true}]}}