{"id":12,"date":"2023-12-11T12:32:35","date_gmt":"2023-12-11T11:32:35","guid":{"rendered":"https:\/\/direkcije.rs\/?page_id=12"},"modified":"2024-09-06T11:54:03","modified_gmt":"2024-09-06T09:54:03","slug":"ko-smo","status":"publish","type":"page","link":"https:\/\/direkcije.rs\/?page_id=12","title":{"rendered":"Ko smo"},"content":{"rendered":"\n<figure data-wp-context=\"{&quot;imageId&quot;:&quot;69f6d10b7c8a9&quot;}\" data-wp-interactive=\"core\/image\" class=\"wp-block-image size-large is-resized has-custom-border wp-lightbox-container\"><img loading=\"lazy\" decoding=\"async\" width=\"1600\" height=\"750\" data-wp-class--hide=\"state.isContentHidden\" data-wp-class--show=\"state.isContentVisible\" data-wp-init=\"callbacks.setButtonStyles\" data-wp-on-async--click=\"actions.showLightbox\" data-wp-on-async--load=\"callbacks.setButtonStyles\" data-wp-on-async-window--resize=\"callbacks.setButtonStyles\" src=\"https:\/\/direkcije.rs\/wp-content\/uploads\/2024\/03\/20240315_sastanak-odbora-1600x750.jpg\" alt=\"\" class=\"wp-image-1518\" style=\"border-width:1px;border-radius:10px;width:1140px;height:auto\" srcset=\"https:\/\/direkcije.rs\/wp-content\/uploads\/2024\/03\/20240315_sastanak-odbora-1600x750.jpg 1600w, https:\/\/direkcije.rs\/wp-content\/uploads\/2024\/03\/20240315_sastanak-odbora-300x141.jpg 300w, https:\/\/direkcije.rs\/wp-content\/uploads\/2024\/03\/20240315_sastanak-odbora-18x8.jpg 18w, https:\/\/direkcije.rs\/wp-content\/uploads\/2024\/03\/20240315_sastanak-odbora-200x94.jpg 200w, https:\/\/direkcije.rs\/wp-content\/uploads\/2024\/03\/20240315_sastanak-odbora.jpg 1920w\" sizes=\"auto, (max-width: 1600px) 100vw, 1600px\" \/><button\n\t\t\tclass=\"lightbox-trigger\"\n\t\t\ttype=\"button\"\n\t\t\taria-haspopup=\"dialog\"\n\t\t\taria-label=\"\u0423\u0432\u0435\u045b\u0430\u0458 \u0441\u043b\u0438\u043a\u0443\"\n\t\t\tdata-wp-init=\"callbacks.initTriggerButton\"\n\t\t\tdata-wp-on-async--click=\"actions.showLightbox\"\n\t\t\tdata-wp-style--right=\"state.imageButtonRight\"\n\t\t\tdata-wp-style--top=\"state.imageButtonTop\"\n\t\t>\n\t\t\t<svg xmlns=\"http:\/\/www.w3.org\/2000\/svg\" width=\"12\" height=\"12\" fill=\"none\" viewBox=\"0 0 12 12\">\n\t\t\t\t<path fill=\"#fff\" d=\"M2 0a2 2 0 0 0-2 2v2h1.5V2a.5.5 0 0 1 .5-.5h2V0H2Zm2 10.5H2a.5.5 0 0 1-.5-.5V8H0v2a2 2 0 0 0 2 2h2v-1.5ZM8 12v-1.5h2a.5.5 0 0 0 .5-.5V8H12v2a2 2 0 0 1-2 2H8Zm2-12a2 2 0 0 1 2 2v2h-1.5V2a.5.5 0 0 0-.5-.5H8V0h2Z\" \/>\n\t\t\t<\/svg>\n\t\t<\/button><figcaption class=\"wp-element-caption\">Sastanak sindikalnog odbora SO Direkcije 15. marta 2024. godine. <em>Foto Nikola Dmitra\u0161inovi\u0107<\/em><\/figcaption><\/figure>\n\n\n\n<p style=\"font-size:clamp(15.747px, 0.984rem + ((1vw - 3.2px) * 0.73), 24px);\">Sindikalni predstavnici, izabrani \u010dlanovi SO Direkcije Po\u0161te Srbija su:<\/p>\n\n\n\n<p class=\"ticss-986a08bd has-primary-color has-text-color has-link-color has-medium-font-size wp-elements-2cbca04fbf6fb543663af2c9e331b380\" style=\"line-height:2\">&#8211; Zvonko Kur\u0107ubi\u0107 \u2013 Predsednik SO Direkcije, Funkcija usluga,&nbsp;<a href=\"mailto:zvonko.kurcubic@posta.rs\">zvonko.kurcubic@posta.rs<\/a>, tel 87983<\/p>\n\n\n\n<p class=\"has-primary-color has-text-color has-link-color has-medium-font-size wp-elements-42fa4c1f61ded72b5a76868b9cb71b15\" style=\"line-height:2\">&#8211; Dejan Ru\u017ei\u0107 \u2013 Funkcija kadrova,&nbsp;<a href=\"mailto:dejan.ruzic@posta.rs\">dejan.ruzic@posta.rs<\/a>, tel 50279<\/p>\n\n\n\n<p class=\"has-primary-color has-text-color has-link-color has-medium-font-size wp-elements-700067f41384e4257faebf5285d40e4a\" style=\"line-height:2\">&#8211; Dragana Kukobat \u2013 Pravna Funkcija,&nbsp;<a href=\"mailto: dragana.kukobat@posta.rs\">dragana.kukobat@posta.rs<\/a>,&nbsp; tel 50427<\/p>\n\n\n\n<p class=\"has-primary-color has-text-color has-link-color has-medium-font-size wp-elements-ffb0564060f2148cd3d31e998b3c3c44\" style=\"line-height:2\">&#8211; Nemanja Kresoja \u2013 Funkcija IT&amp;T,&nbsp;<a href=\"mailto:nemanja.kresoja@posta.rs\">nemanja.kresoja@posta.rs<\/a>, tel 60040<\/p>\n\n\n\n<p class=\"has-primary-color has-text-color has-link-color has-medium-font-size wp-elements-7f3eb722e5c4d358527c2ce515d53418\" style=\"line-height:2\">&#8211; Nikola Dmitra\u0161inovi\u0107 \u2013 Funkcija IT&amp;T,&nbsp;<a href=\"mailto:nikola.dmitrasinovic@posta.rs\">nikola.dmitrasinovic@posta.rs<\/a>, tel 54311<\/p>\n\n\n\n<p class=\"has-primary-color has-text-color has-link-color has-medium-font-size wp-elements-65c4e8d1b6d4eb8278a96364b5a17f16\" style=\"line-height:2\">&#8211; Jasmina Vukadinovi\u0107 \u2013 Funkcija IT&amp;T,&nbsp;<a href=\"mailto:jasmina.vukadinovic@posta.rs\">jasmina.vukadinovic@posta.rs<\/a>, tel 50112<\/p>\n\n\n\n<p class=\"has-primary-color has-text-color has-link-color has-medium-font-size wp-elements-710735d2688802f8130a055676f14151\" style=\"line-height:2\">&#8211; Marija Kokot \u2013 Ekonomska funkcija,&nbsp;<a href=\"mailto:marija.kokot@posta.rs\">marija.kokot@posta.rs<\/a>, tel 50459<\/p>\n\n\n\n<p class=\"has-primary-color has-text-color has-link-color has-medium-font-size wp-elements-803daecc25511dade7e7ac513fe158a5\" style=\"line-height:2;text-transform:none\">&#8211; Marija \u0110eni\u0107 &#8211; Funkcija nabavki, investicija i odr\u017eavanja, <a href=\"mailto:marija.djenic@posta.rs\">marija.djenic@posta.rs<\/a>, tel 50228<\/p>\n\n\n\n<p class=\"has-link-color has-medium-font-size wp-elements-d7315fc03d2b992cdddc6fa1fec79522\">&#8211; Mira Kova\u010devi\u0107 &#8211; Funkcija usluga, <a href=\"mailto:mira.kovacevic@posta.rs\">mira.kovacevic@posta.rs<\/a>, tel 52951<\/p>\n\n\n\n<p class=\"has-link-color has-medium-font-size wp-elements-1b78bac7ce9391b2179abd08826c2aaa\">&#8211; Aleksandar Nedovi\u0107 &#8211; Funkcija po\u0161tanske mre\u017ee, <a href=\"mailto:aleksandar.nedovic@posta.rs\">aleksandar.nedovic@posta.rs<\/a>, tel 55855<\/p>\n\n\n\n<p><\/p>\n\n\n\n<div style=\"height:10rem\" aria-hidden=\"true\" class=\"wp-block-spacer\"><\/div>\n","protected":false},"excerpt":{"rendered":"<p>Sindikalni predstavnici, izabrani \u010dlanovi SO Direkcije Po\u0161te Srbija su: &#8211; Zvonko Kur\u0107ubi\u0107 \u2013 Predsednik SO Direkcije, Funkcija usluga,&nbsp;zvonko.kurcubic@posta.rs, tel 87983 &#8211; Dejan Ru\u017ei\u0107 \u2013 Funkcija kadrova,&nbsp;dejan.ruzic@posta.rs, tel 50279 &#8211; Dragana Kukobat \u2013 Pravna Funkcija,&nbsp;dragana.kukobat@posta.rs,&nbsp; tel 50427 &#8211; Nemanja Kresoja \u2013 Funkcija IT&amp;T,&nbsp;nemanja.kresoja@posta.rs, tel 60040 &#8211; Nikola Dmitra\u0161inovi\u0107 \u2013 Funkcija IT&amp;T,&nbsp;nikola.dmitrasinovic@posta.rs, tel 54311 &#8211; Jasmina Vukadinovi\u0107 &hellip; <\/p>\n<p class=\"link-more\"><a href=\"https:\/\/direkcije.rs\/?page_id=12\" class=\"more-link\">Read more<span class=\"screen-reader-text\"> &#8222;Ko smo&#8220;<\/span><\/a><\/p>\n","protected":false},"author":1,"featured_media":0,"parent":0,"menu_order":0,"comment_status":"closed","ping_status":"closed","template":"","meta":{"_sitemap_exclude":false,"_sitemap_priority":"","_sitemap_frequency":"","_themeisle_gutenberg_block_has_review":false,"footnotes":""},"class_list":["post-12","page","type-page","status-publish","hentry"],"yoast_head":"<!-- This site is optimized with the Yoast SEO plugin v24.7 - https:\/\/yoast.com\/wordpress\/plugins\/seo\/ -->\n<title>Ko smo - Sindikalna organizacija DIREKCIJE<\/title>\n<meta name=\"robots\" content=\"index, follow, max-snippet:-1, max-image-preview:large, max-video-preview:-1\" \/>\n<link rel=\"canonical\" href=\"https:\/\/direkcije.rs\/?page_id=12\" \/>\n<meta property=\"og:locale\" content=\"sr_RS\" \/>\n<meta property=\"og:type\" content=\"article\" \/>\n<meta property=\"og:title\" content=\"Ko smo - Sindikalna organizacija DIREKCIJE\" \/>\n<meta property=\"og:description\" content=\"Sindikalni predstavnici, izabrani \u010dlanovi SO Direkcije Po\u0161te Srbija su: &#8211; Zvonko Kur\u0107ubi\u0107 \u2013 Predsednik SO Direkcije, Funkcija usluga,&nbsp;zvonko.kurcubic@posta.rs, tel 87983 &#8211; Dejan Ru\u017ei\u0107 \u2013 Funkcija kadrova,&nbsp;dejan.ruzic@posta.rs, tel 50279 &#8211; Dragana Kukobat \u2013 Pravna Funkcija,&nbsp;dragana.kukobat@posta.rs,&nbsp; tel 50427 &#8211; Nemanja Kresoja \u2013 Funkcija IT&amp;T,&nbsp;nemanja.kresoja@posta.rs, tel 60040 &#8211; Nikola Dmitra\u0161inovi\u0107 \u2013 Funkcija IT&amp;T,&nbsp;nikola.dmitrasinovic@posta.rs, tel 54311 &#8211; Jasmina Vukadinovi\u0107 &hellip; Read more &quot;Ko smo&quot;\" \/>\n<meta property=\"og:url\" content=\"https:\/\/direkcije.rs\/?page_id=12\" \/>\n<meta property=\"og:site_name\" content=\"Sindikalna organizacija DIREKCIJE\" \/>\n<meta property=\"article:publisher\" content=\"https:\/\/www.facebook.com\/profile.php?id=61556769311237\" \/>\n<meta property=\"article:modified_time\" content=\"2024-09-06T09:54:03+00:00\" \/>\n<meta property=\"og:image\" content=\"https:\/\/direkcije.rs\/wp-content\/uploads\/2024\/03\/20240315_sastanak-odbora-1600x750.jpg\" \/>\n<meta name=\"twitter:card\" content=\"summary_large_image\" \/>\n<meta name=\"twitter:label1\" content=\"\u041f\u0440\u043e\u0446\u0435\u045a\u0435\u043d\u043e \u0432\u0440\u0435\u043c\u0435 \u0447\u0438\u0442\u0430\u045a\u0430\" \/>\n\t<meta name=\"twitter:data1\" content=\"1 \u043c\u0438\u043d\u0443\u0442\" \/>\n<script type=\"application\/ld+json\" class=\"yoast-schema-graph\">{\"@context\":\"https:\/\/schema.org\",\"@graph\":[{\"@type\":\"WebPage\",\"@id\":\"https:\/\/direkcije.rs\/?page_id=12\",\"url\":\"https:\/\/direkcije.rs\/?page_id=12\",\"name\":\"Ko smo - Sindikalna organizacija DIREKCIJE\",\"isPartOf\":{\"@id\":\"https:\/\/direkcije.rs\/#website\"},\"primaryImageOfPage\":{\"@id\":\"https:\/\/direkcije.rs\/?page_id=12#primaryimage\"},\"image\":{\"@id\":\"https:\/\/direkcije.rs\/?page_id=12#primaryimage\"},\"thumbnailUrl\":\"https:\/\/direkcije.rs\/wp-content\/uploads\/2024\/03\/20240315_sastanak-odbora-1600x750.jpg\",\"datePublished\":\"2023-12-11T11:32:35+00:00\",\"dateModified\":\"2024-09-06T09:54:03+00:00\",\"breadcrumb\":{\"@id\":\"https:\/\/direkcije.rs\/?page_id=12#breadcrumb\"},\"inLanguage\":\"sr-RS\",\"potentialAction\":[{\"@type\":\"ReadAction\",\"target\":[\"https:\/\/direkcije.rs\/?page_id=12\"]}]},{\"@type\":\"ImageObject\",\"inLanguage\":\"sr-RS\",\"@id\":\"https:\/\/direkcije.rs\/?page_id=12#primaryimage\",\"url\":\"https:\/\/direkcije.rs\/wp-content\/uploads\/2024\/03\/20240315_sastanak-odbora.jpg\",\"contentUrl\":\"https:\/\/direkcije.rs\/wp-content\/uploads\/2024\/03\/20240315_sastanak-odbora.jpg\",\"width\":1920,\"height\":900,\"caption\":\"Sastanak sindikalnog odbora SO Direkcije 15. marta 2024. godine. Foto Nikola Dmitra\u0161inovi\u0107\"},{\"@type\":\"BreadcrumbList\",\"@id\":\"https:\/\/direkcije.rs\/?page_id=12#breadcrumb\",\"itemListElement\":[{\"@type\":\"ListItem\",\"position\":1,\"name\":\"Home\",\"item\":\"https:\/\/direkcije.rs\/\"},{\"@type\":\"ListItem\",\"position\":2,\"name\":\"Ko smo\"}]},{\"@type\":\"WebSite\",\"@id\":\"https:\/\/direkcije.rs\/#website\",\"url\":\"https:\/\/direkcije.rs\/\",\"name\":\"Sindikalna organizacija DIREKCIJE\",\"description\":\"deo Sindikata PTTa\",\"publisher\":{\"@id\":\"https:\/\/direkcije.rs\/#organization\"},\"alternateName\":\"Direkcije\",\"potentialAction\":[{\"@type\":\"SearchAction\",\"target\":{\"@type\":\"EntryPoint\",\"urlTemplate\":\"https:\/\/direkcije.rs\/?s={search_term_string}\"},\"query-input\":{\"@type\":\"PropertyValueSpecification\",\"valueRequired\":true,\"valueName\":\"search_term_string\"}}],\"inLanguage\":\"sr-RS\"},{\"@type\":\"Organization\",\"@id\":\"https:\/\/direkcije.rs\/#organization\",\"name\":\"Sindikalna organizacija DIREKCIJE\",\"alternateName\":\"Direkcije\",\"url\":\"https:\/\/direkcije.rs\/\",\"logo\":{\"@type\":\"ImageObject\",\"inLanguage\":\"sr-RS\",\"@id\":\"https:\/\/direkcije.rs\/#\/schema\/logo\/image\/\",\"url\":\"https:\/\/direkcije.rs\/wp-content\/uploads\/2024\/02\/Copy-of-Sindikat-logo.jpg\",\"contentUrl\":\"https:\/\/direkcije.rs\/wp-content\/uploads\/2024\/02\/Copy-of-Sindikat-logo.jpg\",\"width\":238,\"height\":238,\"caption\":\"Sindikalna organizacija DIREKCIJE\"},\"image\":{\"@id\":\"https:\/\/direkcije.rs\/#\/schema\/logo\/image\/\"},\"sameAs\":[\"https:\/\/www.facebook.com\/profile.php?id=61556769311237\"]}]}<\/script>\n<!-- \/ Yoast SEO plugin. -->","yoast_head_json":{"title":"Ko smo - Sindikalna organizacija DIREKCIJE","robots":{"index":"index","follow":"follow","max-snippet":"max-snippet:-1","max-image-preview":"max-image-preview:large","max-video-preview":"max-video-preview:-1"},"canonical":"https:\/\/direkcije.rs\/?page_id=12","og_locale":"sr_RS","og_type":"article","og_title":"Ko smo - Sindikalna organizacija DIREKCIJE","og_description":"Sindikalni predstavnici, izabrani \u010dlanovi SO Direkcije Po\u0161te Srbija su: &#8211; Zvonko Kur\u0107ubi\u0107 \u2013 Predsednik SO Direkcije, Funkcija usluga,&nbsp;zvonko.kurcubic@posta.rs, tel 87983 &#8211; Dejan Ru\u017ei\u0107 \u2013 Funkcija kadrova,&nbsp;dejan.ruzic@posta.rs, tel 50279 &#8211; Dragana Kukobat \u2013 Pravna Funkcija,&nbsp;dragana.kukobat@posta.rs,&nbsp; tel 50427 &#8211; Nemanja Kresoja \u2013 Funkcija IT&amp;T,&nbsp;nemanja.kresoja@posta.rs, tel 60040 &#8211; Nikola Dmitra\u0161inovi\u0107 \u2013 Funkcija IT&amp;T,&nbsp;nikola.dmitrasinovic@posta.rs, tel 54311 &#8211; Jasmina Vukadinovi\u0107 &hellip; Read more \"Ko smo\"","og_url":"https:\/\/direkcije.rs\/?page_id=12","og_site_name":"Sindikalna organizacija DIREKCIJE","article_publisher":"https:\/\/www.facebook.com\/profile.php?id=61556769311237","article_modified_time":"2024-09-06T09:54:03+00:00","og_image":[{"url":"https:\/\/direkcije.rs\/wp-content\/uploads\/2024\/03\/20240315_sastanak-odbora-1600x750.jpg","type":"","width":"","height":""}],"twitter_card":"summary_large_image","twitter_misc":{"\u041f\u0440\u043e\u0446\u0435\u045a\u0435\u043d\u043e \u0432\u0440\u0435\u043c\u0435 \u0447\u0438\u0442\u0430\u045a\u0430":"1 \u043c\u0438\u043d\u0443\u0442"},"schema":{"@context":"https:\/\/schema.org","@graph":[{"@type":"WebPage","@id":"https:\/\/direkcije.rs\/?page_id=12","url":"https:\/\/direkcije.rs\/?page_id=12","name":"Ko smo - Sindikalna organizacija DIREKCIJE","isPartOf":{"@id":"https:\/\/direkcije.rs\/#website"},"primaryImageOfPage":{"@id":"https:\/\/direkcije.rs\/?page_id=12#primaryimage"},"image":{"@id":"https:\/\/direkcije.rs\/?page_id=12#primaryimage"},"thumbnailUrl":"https:\/\/direkcije.rs\/wp-content\/uploads\/2024\/03\/20240315_sastanak-odbora-1600x750.jpg","datePublished":"2023-12-11T11:32:35+00:00","dateModified":"2024-09-06T09:54:03+00:00","breadcrumb":{"@id":"https:\/\/direkcije.rs\/?page_id=12#breadcrumb"},"inLanguage":"sr-RS","potentialAction":[{"@type":"ReadAction","target":["https:\/\/direkcije.rs\/?page_id=12"]}]},{"@type":"ImageObject","inLanguage":"sr-RS","@id":"https:\/\/direkcije.rs\/?page_id=12#primaryimage","url":"https:\/\/direkcije.rs\/wp-content\/uploads\/2024\/03\/20240315_sastanak-odbora.jpg","contentUrl":"https:\/\/direkcije.rs\/wp-content\/uploads\/2024\/03\/20240315_sastanak-odbora.jpg","width":1920,"height":900,"caption":"Sastanak sindikalnog odbora SO Direkcije 15. marta 2024. godine. Foto Nikola Dmitra\u0161inovi\u0107"},{"@type":"BreadcrumbList","@id":"https:\/\/direkcije.rs\/?page_id=12#breadcrumb","itemListElement":[{"@type":"ListItem","position":1,"name":"Home","item":"https:\/\/direkcije.rs\/"},{"@type":"ListItem","position":2,"name":"Ko smo"}]},{"@type":"WebSite","@id":"https:\/\/direkcije.rs\/#website","url":"https:\/\/direkcije.rs\/","name":"Sindikalna organizacija DIREKCIJE","description":"deo Sindikata PTTa","publisher":{"@id":"https:\/\/direkcije.rs\/#organization"},"alternateName":"Direkcije","potentialAction":[{"@type":"SearchAction","target":{"@type":"EntryPoint","urlTemplate":"https:\/\/direkcije.rs\/?s={search_term_string}"},"query-input":{"@type":"PropertyValueSpecification","valueRequired":true,"valueName":"search_term_string"}}],"inLanguage":"sr-RS"},{"@type":"Organization","@id":"https:\/\/direkcije.rs\/#organization","name":"Sindikalna organizacija DIREKCIJE","alternateName":"Direkcije","url":"https:\/\/direkcije.rs\/","logo":{"@type":"ImageObject","inLanguage":"sr-RS","@id":"https:\/\/direkcije.rs\/#\/schema\/logo\/image\/","url":"https:\/\/direkcije.rs\/wp-content\/uploads\/2024\/02\/Copy-of-Sindikat-logo.jpg","contentUrl":"https:\/\/direkcije.rs\/wp-content\/uploads\/2024\/02\/Copy-of-Sindikat-logo.jpg","width":238,"height":238,"caption":"Sindikalna organizacija DIREKCIJE"},"image":{"@id":"https:\/\/direkcije.rs\/#\/schema\/logo\/image\/"},"sameAs":["https:\/\/www.facebook.com\/profile.php?id=61556769311237"]}]}},"_links":{"self":[{"href":"https:\/\/direkcije.rs\/index.php?rest_route=\/wp\/v2\/pages\/12","targetHints":{"allow":["GET"]}}],"collection":[{"href":"https:\/\/direkcije.rs\/index.php?rest_route=\/wp\/v2\/pages"}],"about":[{"href":"https:\/\/direkcije.rs\/index.php?rest_route=\/wp\/v2\/types\/page"}],"author":[{"embeddable":true,"href":"https:\/\/direkcije.rs\/index.php?rest_route=\/wp\/v2\/users\/1"}],"replies":[{"embeddable":true,"href":"https:\/\/direkcije.rs\/index.php?rest_route=%2Fwp%2Fv2%2Fcomments&post=12"}],"version-history":[{"count":10,"href":"https:\/\/direkcije.rs\/index.php?rest_route=\/wp\/v2\/pages\/12\/revisions"}],"predecessor-version":[{"id":1729,"href":"https:\/\/direkcije.rs\/index.php?rest_route=\/wp\/v2\/pages\/12\/revisions\/1729"}],"wp:attachment":[{"href":"https:\/\/direkcije.rs\/index.php?rest_route=%2Fwp%2Fv2%2Fmedia&parent=12"}],"curies":[{"name":"wp","href":"https:\/\/api.w.org\/{rel}","templated":true}]}}