{"id":1205,"date":"2024-02-24T23:33:02","date_gmt":"2024-02-24T22:33:02","guid":{"rendered":"https:\/\/direkcije.rs\/?page_id=1205"},"modified":"2024-04-09T08:08:54","modified_gmt":"2024-04-09T06:08:54","slug":"sindikalne-pogodnosti","status":"publish","type":"page","link":"https:\/\/direkcije.rs\/?page_id=1205","title":{"rendered":"Sindikalne pogodnosti"},"content":{"rendered":"\n<div style=\"height:2rem\" aria-hidden=\"true\" class=\"wp-block-spacer\"><\/div>\n\n\n\n<figure class=\"wp-block-image size-large has-custom-border\" id=\"wp-block-themeisle-blocks-image-a7ed9fa3\"><img loading=\"lazy\" decoding=\"async\" width=\"1600\" height=\"895\" src=\"https:\/\/direkcije.rs\/wp-content\/uploads\/2024\/02\/blur-people-hanger-shop-spring-vehicle-1176303-pxhere-1600x895.jpg\" alt=\"\" class=\"wp-image-1309\" style=\"border-style:none;border-width:0px;border-radius:10px\" srcset=\"https:\/\/direkcije.rs\/wp-content\/uploads\/2024\/02\/blur-people-hanger-shop-spring-vehicle-1176303-pxhere-1600x895.jpg 1600w, https:\/\/direkcije.rs\/wp-content\/uploads\/2024\/02\/blur-people-hanger-shop-spring-vehicle-1176303-pxhere-300x168.jpg 300w, https:\/\/direkcije.rs\/wp-content\/uploads\/2024\/02\/blur-people-hanger-shop-spring-vehicle-1176303-pxhere-200x112.jpg 200w, https:\/\/direkcije.rs\/wp-content\/uploads\/2024\/02\/blur-people-hanger-shop-spring-vehicle-1176303-pxhere-18x10.jpg 18w, https:\/\/direkcije.rs\/wp-content\/uploads\/2024\/02\/blur-people-hanger-shop-spring-vehicle-1176303-pxhere.jpg 1620w\" sizes=\"auto, (max-width: 1600px) 100vw, 1600px\" \/><\/figure>\n\n\n\n<div style=\"height:2rem\" aria-hidden=\"true\" class=\"wp-block-spacer\"><\/div>\n\n\n\n<h2 class=\"wp-block-heading\" style=\"margin-top:var(--wp--preset--spacing--x-small);margin-bottom:var(--wp--preset--spacing--x-small);font-size:clamp(16.834px, 1.052rem + ((1vw - 3.2px) * 0.811), 26px);\">Prednosti sindikalne prodaje<\/h2>\n\n\n\n<p class=\"has-medium-font-size\" style=\"margin-top:var(--wp--preset--spacing--small);margin-bottom:var(--wp--preset--spacing--small)\">Smisao sindikalne prodaje sastoji se u tome da se ponudom odre\u0111ene robe, odre\u0111enog prodavca, ve\u0107em broju kupaca, omogu\u0107i da se postigne povoljnija cena i bolji uslovi prodaje. Tokom prethodnih godina imali smo potpisane ugovore o sindikalnoj prodaji sa firmama iz razli\u010ditih oblasti delatnosti i usluga. Na\u0161om ponudom bile su obuhva\u0107ene prodavnice bele tehnike, sanitarija, kupatilskog i obi\u010dnog name\u0161taja, gra\u0111evinskog materijala, ode\u0107e, obu\u0107e i hrane. Usluge su uglavnom obuhvatale delatnost opti\u010darskih i stomatolo\u0161kih ordinacija, registracija vozila, banaka, sportskih dru\u0161tava i turisti\u010dkih agencija.<\/p>\n\n\n\n<p class=\"has-primary-color has-text-color has-link-color has-medium-font-size wp-elements-baf7ef84a77fe10d2e9561741736d612\" style=\"margin-top:var(--wp--preset--spacing--small);margin-bottom:var(--wp--preset--spacing--small)\">Informacije o prethodnoj ponudi i saradnji mo\u017eete na\u0107i u delu: <a href=\"https:\/\/direkcije.rs\/?cat=7\" data-type=\"link\" data-id=\"https:\/\/direkcije.rs\/?cat=7\">Aktivnosti &#8211; Komercijalne<\/a>, dok se sve aktuelne administrativne zabrane koje se ti\u010du va\u017ee\u0107ih ugovora nalaze u delu <a href=\"https:\/\/direkcije.rs\/?page_id=1081\" data-type=\"link\" data-id=\"https:\/\/direkcije.rs\/?page_id=1081\">Preuzimanja &#8211; Administrativne zabrane<\/a>.<\/p>\n\n\n\n<div style=\"height:2rem\" aria-hidden=\"true\" class=\"wp-block-spacer\"><\/div>\n\n\n\n<h2 class=\"wp-block-heading\" style=\"margin-top:var(--wp--preset--spacing--x-small);margin-bottom:var(--wp--preset--spacing--x-small);font-size:clamp(16.834px, 1.052rem + ((1vw - 3.2px) * 0.811), 26px);\">Karte za pozori\u0161te<\/h2>\n\n\n\n<p class=\"has-medium-font-size\" style=\"margin-top:var(--wp--preset--spacing--x-small);margin-bottom:var(--wp--preset--spacing--x-small)\">Koriste\u0107i principe sindikalne prodaje, SO Direkcije je godinama uzimala karte za predstave u beogradskim pozori\u0161tima po cenama koje su bile povoljnije. Karte su potom bile distribuirane \u010dlanovima koji su \u017eeleli da gledaju predstave, po sistemu dva-za-jedan. \u010clan je pla\u0107ao jednu kartu, a Direkcije drugu. Ovaj princip primenjivao se i za karte za FEST. <\/p>\n\n\n\n<p class=\"has-medium-font-size\" style=\"margin-top:var(--wp--preset--spacing--x-small);margin-bottom:var(--wp--preset--spacing--x-small)\">Vremenom, pokazalo se da neki \u010dlanovi idu non-stop u pozori\u0161te, dok drugi ne mogu da do\u0111u do karata, da se gledaju iste predstave, ili da je \u010dak do\u0161lo do zasi\u0107enja. <\/p>\n\n\n\n<p class=\"has-medium-font-size\" style=\"margin-top:var(--wp--preset--spacing--x-small);margin-bottom:var(--wp--preset--spacing--x-small)\">Trenutno se primenjuje princip da se \u010dlanovima koji \u017eele da idu u pozori\u0161e refundira jedna ulaznica za predstave koje su gledali, najvi\u0161e jednom mese\u010dno, tokom trajanja pozori\u0161ne sezone. Refundacija se vr\u0161i tako \u0161to se e-mail, koji je \u010dlan dobio od pozori\u0161ta i u kom se nalaze ulaznice, prosledi sindikalnom predstavniku zajedno sa brojem \u017eiro ra\u010duna. Na ovaj na\u010din obezbe\u0111uje se transparentnost i kontrola samog procesa.<\/p>\n\n\n\n<div style=\"height:2rem\" aria-hidden=\"true\" class=\"wp-block-spacer\"><\/div>\n\n\n\n<figure class=\"wp-block-image size-large has-custom-border\"><img loading=\"lazy\" decoding=\"async\" width=\"1600\" height=\"857\" src=\"https:\/\/direkcije.rs\/wp-content\/uploads\/2024\/02\/Pozoriste-2023-1600x857.jpg\" alt=\"\" class=\"wp-image-1346\" style=\"border-width:1px;border-radius:10px\" srcset=\"https:\/\/direkcije.rs\/wp-content\/uploads\/2024\/02\/Pozoriste-2023-1600x857.jpg 1600w, https:\/\/direkcije.rs\/wp-content\/uploads\/2024\/02\/Pozoriste-2023-300x161.jpg 300w, https:\/\/direkcije.rs\/wp-content\/uploads\/2024\/02\/Pozoriste-2023-2000x1071.jpg 2000w, https:\/\/direkcije.rs\/wp-content\/uploads\/2024\/02\/Pozoriste-2023-scaled-200x107.jpg 200w, https:\/\/direkcije.rs\/wp-content\/uploads\/2024\/02\/Pozoriste-2023-scaled-18x10.jpg 18w\" sizes=\"auto, (max-width: 1600px) 100vw, 1600px\" \/><\/figure>\n\n\n\n<div style=\"height:2rem\" aria-hidden=\"true\" class=\"wp-block-spacer\"><\/div>\n\n\n\n<h2 class=\"wp-block-heading\" style=\"margin-top:var(--wp--preset--spacing--x-small);margin-bottom:var(--wp--preset--spacing--x-small);font-size:clamp(16.834px, 1.052rem + ((1vw - 3.2px) * 0.811), 26px);\">Sindikalni izleti<\/h2>\n\n\n\n<p class=\"has-link-color has-medium-font-size wp-elements-3a7e7913e23880dd25e3d16d8b0bd111\" style=\"margin-top:var(--wp--preset--spacing--small);margin-bottom:var(--wp--preset--spacing--small)\">\u010clanovi na\u0161e sindikalne organizacije vole da putuju, kako po Srbiji, tako i u regionu. Me\u0111utim, ljudi koji vole da putuju ponekad imaju problem da na\u0111u dru\u0161tvo za putovanje, a putovanje s kolegama s posla zna\u010di da je dobro dru\u0161tvo i jo\u0161 bolje dru\u017eenje zagarantovano. Pored toga SO Direkcije subvencioni\u0161u jedan dao iznosa koji bi ste, da idete u privatnoj re\u017eiji, platili turisti\u010dkoj agenciji. Iz ovog razloga uveli smo <a data-type=\"link\" data-id=\"https:\/\/direkcije.rs\/wp-content\/uploads\/2024\/02\/Inicijativa-za-organizovanje-izleta.pdf\" href=\"https:\/\/direkcije.rs\/wp-content\/uploads\/2024\/02\/Inicijativa-za-organizovanje-izleta.pdf\" target=\"_blank\" rel=\"noreferrer noopener\">Inicijativu za organizovanje izleta<\/a> kako bi se na\u0161i \u010dlanovi, zajedno sa kolegama, dogovorili o tome gde \u017eele da se putuje na slede\u0107em izletu.<\/p>\n\n\n\n<figure class=\"wp-block-image size-large has-custom-border\"><img loading=\"lazy\" decoding=\"async\" width=\"1536\" height=\"1024\" src=\"https:\/\/direkcije.rs\/wp-content\/uploads\/2024\/02\/IMG_7074-1536x1024.jpg\" alt=\"\" class=\"wp-image-1348\" style=\"border-radius:10px\" srcset=\"https:\/\/direkcije.rs\/wp-content\/uploads\/2024\/02\/IMG_7074-1536x1024.jpg 1536w, https:\/\/direkcije.rs\/wp-content\/uploads\/2024\/02\/IMG_7074-300x200.jpg 300w, https:\/\/direkcije.rs\/wp-content\/uploads\/2024\/02\/IMG_7074-768x512.jpg 768w, https:\/\/direkcije.rs\/wp-content\/uploads\/2024\/02\/IMG_7074-2048x1365.jpg 2048w, https:\/\/direkcije.rs\/wp-content\/uploads\/2024\/02\/IMG_7074-200x133.jpg 200w, https:\/\/direkcije.rs\/wp-content\/uploads\/2024\/02\/IMG_7074-2000x1333.jpg 2000w, https:\/\/direkcije.rs\/wp-content\/uploads\/2024\/02\/IMG_7074-scaled-18x12.jpg 18w\" sizes=\"auto, (max-width: 1536px) 100vw, 1536px\" \/><figcaption class=\"wp-element-caption\">Izlet u Veneciju 2018. godine. <em>Foto: Nikola Dmitra\u0161inovi\u0107<\/em><\/figcaption><\/figure>\n\n\n\n<div style=\"height:2rem\" aria-hidden=\"true\" class=\"wp-block-spacer\"><\/div>\n\n\n\n<h2 class=\"wp-block-heading\" style=\"margin-top:var(--wp--preset--spacing--x-small);margin-bottom:var(--wp--preset--spacing--x-small);font-size:clamp(16.834px, 1.052rem + ((1vw - 3.2px) * 0.811), 26px);\">Sufinansiranje rekreacije<\/h2>\n\n\n\n<p class=\"has-medium-font-size\" style=\"margin-top:var(--wp--preset--spacing--small);margin-bottom:var(--wp--preset--spacing--small)\">Bavljenje sportom je jedan od najboljih na\u010dina da vodimo brigu o svom zdravlju. Zbog toga smo, u kontinuitetu, od 2012. godine do danas, vodili ra\u010duna da na\u0161im \u010dlanovima omogu\u0107imo da se rekreiraju po povoljnijim uslovima. Prvenstveno putem subvencionisanja dela mese\u010dne \u010dlanarine kroz administrativnu zabranu, ili ukoliko nemamo potpisan ugovor o saradnji, kroz refundiranje dela tro\u0161kova. Ukoliko postoji dovoljno \u010dlanova koji bi \u017eeleli da se kolektivno bave nekim sportom, npr. fudbalom, ko\u0161arkom, jogom ili sli\u010dno mo\u017eemo snositi deo tro\u0161kova.<\/p>\n\n\n\n<p class=\"has-link-color has-medium-font-size wp-elements-6e201d7054bc6cb80454c97ba3c70af4\" style=\"margin-top:var(--wp--preset--spacing--small);margin-bottom:var(--wp--preset--spacing--small)\">Sve prethodno potpisane ugovore o saradnji sa sportskim dru\u0161tvima, ku\u0107ama i teretanama mo\u017eete na\u0107i u delu <a href=\"https:\/\/direkcije.rs\/?cat=19\" target=\"_blank\" rel=\"noreferrer noopener\">O nama &#8211; Aktivnosti &#8211; Zdravstvene<\/a>. Trenutno va\u017ee\u0107e ugovore o saradnji mo\u017eete na\u0107i u delu <a href=\"https:\/\/direkcije.rs\/?page_id=1081\" target=\"_blank\" rel=\"noreferrer noopener\">Preuzimanja &#8211; Administrativne zabrane<\/a>.<\/p>\n\n\n\n<figure class=\"wp-block-image size-large\"><img loading=\"lazy\" decoding=\"async\" width=\"1536\" height=\"1024\" src=\"https:\/\/direkcije.rs\/wp-content\/uploads\/2024\/03\/fitness-woman-person-sport-girl-background-1625613-pxhere.com_-1536x1024.jpg\" alt=\"\" class=\"wp-image-1505\" srcset=\"https:\/\/direkcije.rs\/wp-content\/uploads\/2024\/03\/fitness-woman-person-sport-girl-background-1625613-pxhere.com_-1536x1024.jpg 1536w, https:\/\/direkcije.rs\/wp-content\/uploads\/2024\/03\/fitness-woman-person-sport-girl-background-1625613-pxhere.com_-300x200.jpg 300w, https:\/\/direkcije.rs\/wp-content\/uploads\/2024\/03\/fitness-woman-person-sport-girl-background-1625613-pxhere.com_-18x12.jpg 18w, https:\/\/direkcije.rs\/wp-content\/uploads\/2024\/03\/fitness-woman-person-sport-girl-background-1625613-pxhere.com_-200x133.jpg 200w, https:\/\/direkcije.rs\/wp-content\/uploads\/2024\/03\/fitness-woman-person-sport-girl-background-1625613-pxhere.com_.jpg 1800w\" sizes=\"auto, (max-width: 1536px) 100vw, 1536px\" \/><\/figure>\n\n\n\n<div style=\"height:5rem\" aria-hidden=\"true\" class=\"wp-block-spacer\"><\/div>\n","protected":false},"excerpt":{"rendered":"<p>Prednosti sindikalne prodaje Smisao sindikalne prodaje sastoji se u tome da se ponudom odre\u0111ene robe, odre\u0111enog prodavca, ve\u0107em broju kupaca, omogu\u0107i da se postigne povoljnija cena i bolji uslovi prodaje. Tokom prethodnih godina imali smo potpisane ugovore o sindikalnoj prodaji sa firmama iz razli\u010ditih oblasti delatnosti i usluga. Na\u0161om ponudom bile su obuhva\u0107ene prodavnice bele &hellip; <\/p>\n<p class=\"link-more\"><a href=\"https:\/\/direkcije.rs\/?page_id=1205\" class=\"more-link\">Read more<span class=\"screen-reader-text\"> &#8222;Sindikalne pogodnosti&#8220;<\/span><\/a><\/p>\n","protected":false},"author":1,"featured_media":0,"parent":0,"menu_order":0,"comment_status":"closed","ping_status":"closed","template":"","meta":{"_sitemap_exclude":false,"_sitemap_priority":"","_sitemap_frequency":"","_themeisle_gutenberg_block_has_review":false,"footnotes":""},"class_list":["post-1205","page","type-page","status-publish","hentry"],"yoast_head":"<!-- This site is optimized with the Yoast SEO plugin v24.7 - https:\/\/yoast.com\/wordpress\/plugins\/seo\/ -->\n<title>Sindikalne pogodnosti - Sindikalna organizacija DIREKCIJE<\/title>\n<meta name=\"robots\" content=\"index, follow, max-snippet:-1, max-image-preview:large, max-video-preview:-1\" \/>\n<link rel=\"canonical\" href=\"https:\/\/direkcije.rs\/?page_id=1205\" \/>\n<meta property=\"og:locale\" content=\"sr_RS\" \/>\n<meta property=\"og:type\" content=\"article\" \/>\n<meta property=\"og:title\" content=\"Sindikalne pogodnosti - Sindikalna organizacija DIREKCIJE\" \/>\n<meta property=\"og:description\" content=\"Prednosti sindikalne prodaje Smisao sindikalne prodaje sastoji se u tome da se ponudom odre\u0111ene robe, odre\u0111enog prodavca, ve\u0107em broju kupaca, omogu\u0107i da se postigne povoljnija cena i bolji uslovi prodaje. Tokom prethodnih godina imali smo potpisane ugovore o sindikalnoj prodaji sa firmama iz razli\u010ditih oblasti delatnosti i usluga. Na\u0161om ponudom bile su obuhva\u0107ene prodavnice bele &hellip; Read more &quot;Sindikalne pogodnosti&quot;\" \/>\n<meta property=\"og:url\" content=\"https:\/\/direkcije.rs\/?page_id=1205\" \/>\n<meta property=\"og:site_name\" content=\"Sindikalna organizacija DIREKCIJE\" \/>\n<meta property=\"article:publisher\" content=\"https:\/\/www.facebook.com\/profile.php?id=61556769311237\" \/>\n<meta property=\"article:modified_time\" content=\"2024-04-09T06:08:54+00:00\" \/>\n<meta property=\"og:image\" content=\"https:\/\/direkcije.rs\/wp-content\/uploads\/2024\/02\/blur-people-hanger-shop-spring-vehicle-1176303-pxhere-1600x895.jpg\" \/>\n<meta name=\"twitter:card\" content=\"summary_large_image\" \/>\n<meta name=\"twitter:label1\" content=\"\u041f\u0440\u043e\u0446\u0435\u045a\u0435\u043d\u043e \u0432\u0440\u0435\u043c\u0435 \u0447\u0438\u0442\u0430\u045a\u0430\" \/>\n\t<meta name=\"twitter:data1\" content=\"4 \u043c\u0438\u043d\u0443\u0442\u0430\" \/>\n<script type=\"application\/ld+json\" class=\"yoast-schema-graph\">{\"@context\":\"https:\/\/schema.org\",\"@graph\":[{\"@type\":\"WebPage\",\"@id\":\"https:\/\/direkcije.rs\/?page_id=1205\",\"url\":\"https:\/\/direkcije.rs\/?page_id=1205\",\"name\":\"Sindikalne pogodnosti - Sindikalna organizacija DIREKCIJE\",\"isPartOf\":{\"@id\":\"https:\/\/direkcije.rs\/#website\"},\"primaryImageOfPage\":{\"@id\":\"https:\/\/direkcije.rs\/?page_id=1205#primaryimage\"},\"image\":{\"@id\":\"https:\/\/direkcije.rs\/?page_id=1205#primaryimage\"},\"thumbnailUrl\":\"https:\/\/direkcije.rs\/wp-content\/uploads\/2024\/02\/blur-people-hanger-shop-spring-vehicle-1176303-pxhere-1600x895.jpg\",\"datePublished\":\"2024-02-24T22:33:02+00:00\",\"dateModified\":\"2024-04-09T06:08:54+00:00\",\"breadcrumb\":{\"@id\":\"https:\/\/direkcije.rs\/?page_id=1205#breadcrumb\"},\"inLanguage\":\"sr-RS\",\"potentialAction\":[{\"@type\":\"ReadAction\",\"target\":[\"https:\/\/direkcije.rs\/?page_id=1205\"]}]},{\"@type\":\"ImageObject\",\"inLanguage\":\"sr-RS\",\"@id\":\"https:\/\/direkcije.rs\/?page_id=1205#primaryimage\",\"url\":\"https:\/\/direkcije.rs\/wp-content\/uploads\/2024\/02\/blur-people-hanger-shop-spring-vehicle-1176303-pxhere.jpg\",\"contentUrl\":\"https:\/\/direkcije.rs\/wp-content\/uploads\/2024\/02\/blur-people-hanger-shop-spring-vehicle-1176303-pxhere.jpg\",\"width\":1620,\"height\":906},{\"@type\":\"BreadcrumbList\",\"@id\":\"https:\/\/direkcije.rs\/?page_id=1205#breadcrumb\",\"itemListElement\":[{\"@type\":\"ListItem\",\"position\":1,\"name\":\"Home\",\"item\":\"https:\/\/direkcije.rs\/\"},{\"@type\":\"ListItem\",\"position\":2,\"name\":\"Sindikalne pogodnosti\"}]},{\"@type\":\"WebSite\",\"@id\":\"https:\/\/direkcije.rs\/#website\",\"url\":\"https:\/\/direkcije.rs\/\",\"name\":\"Sindikalna organizacija DIREKCIJE\",\"description\":\"deo Sindikata PTTa\",\"publisher\":{\"@id\":\"https:\/\/direkcije.rs\/#organization\"},\"alternateName\":\"Direkcije\",\"potentialAction\":[{\"@type\":\"SearchAction\",\"target\":{\"@type\":\"EntryPoint\",\"urlTemplate\":\"https:\/\/direkcije.rs\/?s={search_term_string}\"},\"query-input\":{\"@type\":\"PropertyValueSpecification\",\"valueRequired\":true,\"valueName\":\"search_term_string\"}}],\"inLanguage\":\"sr-RS\"},{\"@type\":\"Organization\",\"@id\":\"https:\/\/direkcije.rs\/#organization\",\"name\":\"Sindikalna organizacija DIREKCIJE\",\"alternateName\":\"Direkcije\",\"url\":\"https:\/\/direkcije.rs\/\",\"logo\":{\"@type\":\"ImageObject\",\"inLanguage\":\"sr-RS\",\"@id\":\"https:\/\/direkcije.rs\/#\/schema\/logo\/image\/\",\"url\":\"https:\/\/direkcije.rs\/wp-content\/uploads\/2024\/02\/Copy-of-Sindikat-logo.jpg\",\"contentUrl\":\"https:\/\/direkcije.rs\/wp-content\/uploads\/2024\/02\/Copy-of-Sindikat-logo.jpg\",\"width\":238,\"height\":238,\"caption\":\"Sindikalna organizacija DIREKCIJE\"},\"image\":{\"@id\":\"https:\/\/direkcije.rs\/#\/schema\/logo\/image\/\"},\"sameAs\":[\"https:\/\/www.facebook.com\/profile.php?id=61556769311237\"]}]}<\/script>\n<!-- \/ Yoast SEO plugin. -->","yoast_head_json":{"title":"Sindikalne pogodnosti - Sindikalna organizacija DIREKCIJE","robots":{"index":"index","follow":"follow","max-snippet":"max-snippet:-1","max-image-preview":"max-image-preview:large","max-video-preview":"max-video-preview:-1"},"canonical":"https:\/\/direkcije.rs\/?page_id=1205","og_locale":"sr_RS","og_type":"article","og_title":"Sindikalne pogodnosti - Sindikalna organizacija DIREKCIJE","og_description":"Prednosti sindikalne prodaje Smisao sindikalne prodaje sastoji se u tome da se ponudom odre\u0111ene robe, odre\u0111enog prodavca, ve\u0107em broju kupaca, omogu\u0107i da se postigne povoljnija cena i bolji uslovi prodaje. Tokom prethodnih godina imali smo potpisane ugovore o sindikalnoj prodaji sa firmama iz razli\u010ditih oblasti delatnosti i usluga. Na\u0161om ponudom bile su obuhva\u0107ene prodavnice bele &hellip; Read more \"Sindikalne pogodnosti\"","og_url":"https:\/\/direkcije.rs\/?page_id=1205","og_site_name":"Sindikalna organizacija DIREKCIJE","article_publisher":"https:\/\/www.facebook.com\/profile.php?id=61556769311237","article_modified_time":"2024-04-09T06:08:54+00:00","og_image":[{"url":"https:\/\/direkcije.rs\/wp-content\/uploads\/2024\/02\/blur-people-hanger-shop-spring-vehicle-1176303-pxhere-1600x895.jpg","type":"","width":"","height":""}],"twitter_card":"summary_large_image","twitter_misc":{"\u041f\u0440\u043e\u0446\u0435\u045a\u0435\u043d\u043e \u0432\u0440\u0435\u043c\u0435 \u0447\u0438\u0442\u0430\u045a\u0430":"4 \u043c\u0438\u043d\u0443\u0442\u0430"},"schema":{"@context":"https:\/\/schema.org","@graph":[{"@type":"WebPage","@id":"https:\/\/direkcije.rs\/?page_id=1205","url":"https:\/\/direkcije.rs\/?page_id=1205","name":"Sindikalne pogodnosti - Sindikalna organizacija DIREKCIJE","isPartOf":{"@id":"https:\/\/direkcije.rs\/#website"},"primaryImageOfPage":{"@id":"https:\/\/direkcije.rs\/?page_id=1205#primaryimage"},"image":{"@id":"https:\/\/direkcije.rs\/?page_id=1205#primaryimage"},"thumbnailUrl":"https:\/\/direkcije.rs\/wp-content\/uploads\/2024\/02\/blur-people-hanger-shop-spring-vehicle-1176303-pxhere-1600x895.jpg","datePublished":"2024-02-24T22:33:02+00:00","dateModified":"2024-04-09T06:08:54+00:00","breadcrumb":{"@id":"https:\/\/direkcije.rs\/?page_id=1205#breadcrumb"},"inLanguage":"sr-RS","potentialAction":[{"@type":"ReadAction","target":["https:\/\/direkcije.rs\/?page_id=1205"]}]},{"@type":"ImageObject","inLanguage":"sr-RS","@id":"https:\/\/direkcije.rs\/?page_id=1205#primaryimage","url":"https:\/\/direkcije.rs\/wp-content\/uploads\/2024\/02\/blur-people-hanger-shop-spring-vehicle-1176303-pxhere.jpg","contentUrl":"https:\/\/direkcije.rs\/wp-content\/uploads\/2024\/02\/blur-people-hanger-shop-spring-vehicle-1176303-pxhere.jpg","width":1620,"height":906},{"@type":"BreadcrumbList","@id":"https:\/\/direkcije.rs\/?page_id=1205#breadcrumb","itemListElement":[{"@type":"ListItem","position":1,"name":"Home","item":"https:\/\/direkcije.rs\/"},{"@type":"ListItem","position":2,"name":"Sindikalne pogodnosti"}]},{"@type":"WebSite","@id":"https:\/\/direkcije.rs\/#website","url":"https:\/\/direkcije.rs\/","name":"Sindikalna organizacija DIREKCIJE","description":"deo Sindikata PTTa","publisher":{"@id":"https:\/\/direkcije.rs\/#organization"},"alternateName":"Direkcije","potentialAction":[{"@type":"SearchAction","target":{"@type":"EntryPoint","urlTemplate":"https:\/\/direkcije.rs\/?s={search_term_string}"},"query-input":{"@type":"PropertyValueSpecification","valueRequired":true,"valueName":"search_term_string"}}],"inLanguage":"sr-RS"},{"@type":"Organization","@id":"https:\/\/direkcije.rs\/#organization","name":"Sindikalna organizacija DIREKCIJE","alternateName":"Direkcije","url":"https:\/\/direkcije.rs\/","logo":{"@type":"ImageObject","inLanguage":"sr-RS","@id":"https:\/\/direkcije.rs\/#\/schema\/logo\/image\/","url":"https:\/\/direkcije.rs\/wp-content\/uploads\/2024\/02\/Copy-of-Sindikat-logo.jpg","contentUrl":"https:\/\/direkcije.rs\/wp-content\/uploads\/2024\/02\/Copy-of-Sindikat-logo.jpg","width":238,"height":238,"caption":"Sindikalna organizacija DIREKCIJE"},"image":{"@id":"https:\/\/direkcije.rs\/#\/schema\/logo\/image\/"},"sameAs":["https:\/\/www.facebook.com\/profile.php?id=61556769311237"]}]}},"_links":{"self":[{"href":"https:\/\/direkcije.rs\/index.php?rest_route=\/wp\/v2\/pages\/1205","targetHints":{"allow":["GET"]}}],"collection":[{"href":"https:\/\/direkcije.rs\/index.php?rest_route=\/wp\/v2\/pages"}],"about":[{"href":"https:\/\/direkcije.rs\/index.php?rest_route=\/wp\/v2\/types\/page"}],"author":[{"embeddable":true,"href":"https:\/\/direkcije.rs\/index.php?rest_route=\/wp\/v2\/users\/1"}],"replies":[{"embeddable":true,"href":"https:\/\/direkcije.rs\/index.php?rest_route=%2Fwp%2Fv2%2Fcomments&post=1205"}],"version-history":[{"count":4,"href":"https:\/\/direkcije.rs\/index.php?rest_route=\/wp\/v2\/pages\/1205\/revisions"}],"predecessor-version":[{"id":1604,"href":"https:\/\/direkcije.rs\/index.php?rest_route=\/wp\/v2\/pages\/1205\/revisions\/1604"}],"wp:attachment":[{"href":"https:\/\/direkcije.rs\/index.php?rest_route=%2Fwp%2Fv2%2Fmedia&parent=1205"}],"curies":[{"name":"wp","href":"https:\/\/api.w.org\/{rel}","templated":true}]}}