{"id":45,"date":"2024-02-02T12:52:29","date_gmt":"2024-02-02T11:52:29","guid":{"rendered":"https:\/\/direkcije.rs\/?page_id=45"},"modified":"2024-02-27T20:37:10","modified_gmt":"2024-02-27T19:37:10","slug":"aktivnosti-2","status":"publish","type":"page","link":"https:\/\/direkcije.rs\/?page_id=45","title":{"rendered":"Sindikalni izleti"},"content":{"rendered":"\n<figure data-wp-context=\"{&quot;imageId&quot;:&quot;69f6d10b90023&quot;}\" data-wp-interactive=\"core\/image\" class=\"wp-block-image size-full has-custom-border wp-lightbox-container\" id=\"wp-block-themeisle-blocks-image-602461a0\"><img loading=\"lazy\" decoding=\"async\" width=\"1600\" height=\"750\" data-wp-class--hide=\"state.isContentHidden\" data-wp-class--show=\"state.isContentVisible\" data-wp-init=\"callbacks.setButtonStyles\" data-wp-on-async--click=\"actions.showLightbox\" data-wp-on-async--load=\"callbacks.setButtonStyles\" data-wp-on-async-window--resize=\"callbacks.setButtonStyles\" src=\"https:\/\/direkcije.rs\/wp-content\/uploads\/2024\/02\/Piza-2022.jpg\" alt=\"\" class=\"wp-image-619\" style=\"border-radius:5px\" srcset=\"https:\/\/direkcije.rs\/wp-content\/uploads\/2024\/02\/Piza-2022.jpg 1600w, https:\/\/direkcije.rs\/wp-content\/uploads\/2024\/02\/Piza-2022-300x141.jpg 300w, https:\/\/direkcije.rs\/wp-content\/uploads\/2024\/02\/Piza-2022-768x360.jpg 768w, https:\/\/direkcije.rs\/wp-content\/uploads\/2024\/02\/Piza-2022-1536x720.jpg 1536w, https:\/\/direkcije.rs\/wp-content\/uploads\/2024\/02\/Piza-2022-200x94.jpg 200w, https:\/\/direkcije.rs\/wp-content\/uploads\/2024\/02\/Piza-2022-18x8.jpg 18w\" sizes=\"auto, (max-width: 1600px) 100vw, 1600px\" \/><button\n\t\t\tclass=\"lightbox-trigger\"\n\t\t\ttype=\"button\"\n\t\t\taria-haspopup=\"dialog\"\n\t\t\taria-label=\"\u0423\u0432\u0435\u045b\u0430\u0458 \u0441\u043b\u0438\u043a\u0443\"\n\t\t\tdata-wp-init=\"callbacks.initTriggerButton\"\n\t\t\tdata-wp-on-async--click=\"actions.showLightbox\"\n\t\t\tdata-wp-style--right=\"state.imageButtonRight\"\n\t\t\tdata-wp-style--top=\"state.imageButtonTop\"\n\t\t>\n\t\t\t<svg xmlns=\"http:\/\/www.w3.org\/2000\/svg\" width=\"12\" height=\"12\" fill=\"none\" viewBox=\"0 0 12 12\">\n\t\t\t\t<path fill=\"#fff\" d=\"M2 0a2 2 0 0 0-2 2v2h1.5V2a.5.5 0 0 1 .5-.5h2V0H2Zm2 10.5H2a.5.5 0 0 1-.5-.5V8H0v2a2 2 0 0 0 2 2h2v-1.5ZM8 12v-1.5h2a.5.5 0 0 0 .5-.5V8H12v2a2 2 0 0 1-2 2H8Zm2-12a2 2 0 0 1 2 2v2h-1.5V2a.5.5 0 0 0-.5-.5H8V0h2Z\" \/>\n\t\t\t<\/svg>\n\t\t<\/button><figcaption class=\"wp-element-caption\"><em>Foto: Nikola Dmitra\u0161inovi\u0107<\/em><\/figcaption><\/figure>\n\n\n\n<div style=\"height:2rem\" aria-hidden=\"true\" class=\"wp-block-spacer\"><\/div>\n\n\n\n<p class=\"has-medium-font-size\" style=\"margin-top:var(--wp--preset--spacing--x-small);margin-bottom:var(--wp--preset--spacing--x-small)\">Sindikalna organizacija Direkcije organizuje izlete za svoje \u010dlanove dva puta godi\u0161nje. <\/p>\n\n\n\n<p class=\"has-medium-font-size\" style=\"margin-top:var(--wp--preset--spacing--x-small);margin-bottom:var(--wp--preset--spacing--x-small)\">Prole\u0107ni izlet se naj\u010de\u0161\u0107e organizuje u aprilu ili maju mesecu, dok je jesenji izlet naj\u010de\u0161\u0107e u oktobru ili novembru. Nepisano pravilo je da najmanje jedna od destinacija izleta bude na teritoriji Republike Srbije, a da druga bude u inostranstvu, u slu\u010daju da prilike i finansijsko stanje u sindikatu to dozvoljavaju. <\/p>\n\n\n\n<p class=\"has-medium-font-size\" style=\"margin-top:0;margin-bottom:0\">Organizacija izleta regulisana je Pravilnikom o organizaciji izleta. Pravilnikom je dopu\u0161teno da sami \u010dlanovi mogu podneti Inicijativu za organizovanje izleta, koja \u0107e sadr\u017eati predlog destinacije i broj no\u0107enja. Ukoliko takva inicijativa ne postoji, Odbor sindiklane organizacije \u0107e samostalno doneti odluku o destinaciji. <\/p>\n\n\n\n<p class=\"has-medium-font-size\" style=\"margin-top:var(--wp--preset--spacing--x-small);margin-bottom:var(--wp--preset--spacing--x-small)\">Na izlete mogu i\u0107i \u010dlanovi SO Direkcija, kao i punoletni \u010dlanovi njihovih porodica, a tek onda, ukoliko bude slobodnih mesta, druga Povezana lica (druge kolege iz Po\u0161te &#8211; \u010dlanovi drugih sindikalnih organizacija, kolege koji nisu \u010dlanovi, penzioneri, biv\u0161e kolege ili prijatelji). <\/p>\n\n\n\n<p class=\"has-medium-font-size\" style=\"margin-top:var(--wp--preset--spacing--x-small);margin-bottom:var(--wp--preset--spacing--x-small)\">Prethodnih godina obilazili smo Srbiju, a od 2014. godine putovali smo i van zemlje. Obi\u0161li smo skoro celu Srbiju, kao i Italiju (2016, 2018. i 2022. god), Austriju (2015. i 2017. godine), Ma\u0111arsku (2014. god), Hrvatsku i BiH (2016. i 2023. god) i Severnu Makedoniju (2023. god).<\/p>\n\n\n\n<p class=\"has-text-color has-link-color has-medium-font-size wp-elements-7ae2da0b85f4a613f388288bee8481f7\" style=\"color:#136ebf;margin-top:var(--wp--preset--spacing--x-small);margin-bottom:var(--wp--preset--spacing--x-small)\"><a href=\"https:\/\/direkcije.rs\/?page_id=1179\" data-type=\"link\" data-id=\"https:\/\/direkcije.rs\/?page_id=1179\">Fotografije sa izleta<\/a>.<\/p>\n\n\n\n<div style=\"height:5rem\" aria-hidden=\"true\" class=\"wp-block-spacer\"><\/div>\n","protected":false},"excerpt":{"rendered":"<p>Sindikalna organizacija Direkcije organizuje izlete za svoje \u010dlanove dva puta godi\u0161nje. Prole\u0107ni izlet se naj\u010de\u0161\u0107e organizuje u aprilu ili maju mesecu, dok je jesenji izlet naj\u010de\u0161\u0107e u oktobru ili novembru. Nepisano pravilo je da najmanje jedna od destinacija izleta bude na teritoriji Republike Srbije, a da druga bude u inostranstvu, u slu\u010daju da prilike i &hellip; <\/p>\n<p class=\"link-more\"><a href=\"https:\/\/direkcije.rs\/?page_id=45\" class=\"more-link\">Read more<span class=\"screen-reader-text\"> &#8222;Sindikalni izleti&#8220;<\/span><\/a><\/p>\n","protected":false},"author":1,"featured_media":0,"parent":0,"menu_order":0,"comment_status":"closed","ping_status":"closed","template":"","meta":{"_sitemap_exclude":false,"_sitemap_priority":"","_sitemap_frequency":"","_themeisle_gutenberg_block_has_review":false,"footnotes":""},"class_list":["post-45","page","type-page","status-publish","hentry"],"yoast_head":"<!-- This site is optimized with the Yoast SEO plugin v24.7 - https:\/\/yoast.com\/wordpress\/plugins\/seo\/ -->\n<title>Sindikalni izleti - Sindikalna organizacija DIREKCIJE<\/title>\n<meta name=\"robots\" content=\"index, follow, max-snippet:-1, max-image-preview:large, max-video-preview:-1\" \/>\n<link rel=\"canonical\" href=\"https:\/\/direkcije.rs\/?page_id=45\" \/>\n<meta property=\"og:locale\" content=\"sr_RS\" \/>\n<meta property=\"og:type\" content=\"article\" \/>\n<meta property=\"og:title\" content=\"Sindikalni izleti - Sindikalna organizacija DIREKCIJE\" \/>\n<meta property=\"og:description\" content=\"Sindikalna organizacija Direkcije organizuje izlete za svoje \u010dlanove dva puta godi\u0161nje. Prole\u0107ni izlet se naj\u010de\u0161\u0107e organizuje u aprilu ili maju mesecu, dok je jesenji izlet naj\u010de\u0161\u0107e u oktobru ili novembru. Nepisano pravilo je da najmanje jedna od destinacija izleta bude na teritoriji Republike Srbije, a da druga bude u inostranstvu, u slu\u010daju da prilike i &hellip; Read more &quot;Sindikalni izleti&quot;\" \/>\n<meta property=\"og:url\" content=\"https:\/\/direkcije.rs\/?page_id=45\" \/>\n<meta property=\"og:site_name\" content=\"Sindikalna organizacija DIREKCIJE\" \/>\n<meta property=\"article:publisher\" content=\"https:\/\/www.facebook.com\/profile.php?id=61556769311237\" \/>\n<meta property=\"article:modified_time\" content=\"2024-02-27T19:37:10+00:00\" \/>\n<meta property=\"og:image\" content=\"https:\/\/direkcije.rs\/wp-content\/uploads\/2024\/02\/Piza-2022.jpg\" \/>\n<meta name=\"twitter:card\" content=\"summary_large_image\" \/>\n<meta name=\"twitter:label1\" content=\"\u041f\u0440\u043e\u0446\u0435\u045a\u0435\u043d\u043e \u0432\u0440\u0435\u043c\u0435 \u0447\u0438\u0442\u0430\u045a\u0430\" \/>\n\t<meta name=\"twitter:data1\" content=\"1 \u043c\u0438\u043d\u0443\u0442\" \/>\n<script type=\"application\/ld+json\" class=\"yoast-schema-graph\">{\"@context\":\"https:\/\/schema.org\",\"@graph\":[{\"@type\":\"WebPage\",\"@id\":\"https:\/\/direkcije.rs\/?page_id=45\",\"url\":\"https:\/\/direkcije.rs\/?page_id=45\",\"name\":\"Sindikalni izleti - Sindikalna organizacija DIREKCIJE\",\"isPartOf\":{\"@id\":\"https:\/\/direkcije.rs\/#website\"},\"primaryImageOfPage\":{\"@id\":\"https:\/\/direkcije.rs\/?page_id=45#primaryimage\"},\"image\":{\"@id\":\"https:\/\/direkcije.rs\/?page_id=45#primaryimage\"},\"thumbnailUrl\":\"https:\/\/direkcije.rs\/wp-content\/uploads\/2024\/02\/Piza-2022.jpg\",\"datePublished\":\"2024-02-02T11:52:29+00:00\",\"dateModified\":\"2024-02-27T19:37:10+00:00\",\"breadcrumb\":{\"@id\":\"https:\/\/direkcije.rs\/?page_id=45#breadcrumb\"},\"inLanguage\":\"sr-RS\",\"potentialAction\":[{\"@type\":\"ReadAction\",\"target\":[\"https:\/\/direkcije.rs\/?page_id=45\"]}]},{\"@type\":\"ImageObject\",\"inLanguage\":\"sr-RS\",\"@id\":\"https:\/\/direkcije.rs\/?page_id=45#primaryimage\",\"url\":\"https:\/\/direkcije.rs\/wp-content\/uploads\/2024\/02\/Piza-2022.jpg\",\"contentUrl\":\"https:\/\/direkcije.rs\/wp-content\/uploads\/2024\/02\/Piza-2022.jpg\",\"width\":1600,\"height\":750,\"caption\":\"SO Direkcije u Pizi\"},{\"@type\":\"BreadcrumbList\",\"@id\":\"https:\/\/direkcije.rs\/?page_id=45#breadcrumb\",\"itemListElement\":[{\"@type\":\"ListItem\",\"position\":1,\"name\":\"Home\",\"item\":\"https:\/\/direkcije.rs\/\"},{\"@type\":\"ListItem\",\"position\":2,\"name\":\"Sindikalni izleti\"}]},{\"@type\":\"WebSite\",\"@id\":\"https:\/\/direkcije.rs\/#website\",\"url\":\"https:\/\/direkcije.rs\/\",\"name\":\"Sindikalna organizacija DIREKCIJE\",\"description\":\"deo Sindikata PTTa\",\"publisher\":{\"@id\":\"https:\/\/direkcije.rs\/#organization\"},\"alternateName\":\"Direkcije\",\"potentialAction\":[{\"@type\":\"SearchAction\",\"target\":{\"@type\":\"EntryPoint\",\"urlTemplate\":\"https:\/\/direkcije.rs\/?s={search_term_string}\"},\"query-input\":{\"@type\":\"PropertyValueSpecification\",\"valueRequired\":true,\"valueName\":\"search_term_string\"}}],\"inLanguage\":\"sr-RS\"},{\"@type\":\"Organization\",\"@id\":\"https:\/\/direkcije.rs\/#organization\",\"name\":\"Sindikalna organizacija DIREKCIJE\",\"alternateName\":\"Direkcije\",\"url\":\"https:\/\/direkcije.rs\/\",\"logo\":{\"@type\":\"ImageObject\",\"inLanguage\":\"sr-RS\",\"@id\":\"https:\/\/direkcije.rs\/#\/schema\/logo\/image\/\",\"url\":\"https:\/\/direkcije.rs\/wp-content\/uploads\/2024\/02\/Copy-of-Sindikat-logo.jpg\",\"contentUrl\":\"https:\/\/direkcije.rs\/wp-content\/uploads\/2024\/02\/Copy-of-Sindikat-logo.jpg\",\"width\":238,\"height\":238,\"caption\":\"Sindikalna organizacija DIREKCIJE\"},\"image\":{\"@id\":\"https:\/\/direkcije.rs\/#\/schema\/logo\/image\/\"},\"sameAs\":[\"https:\/\/www.facebook.com\/profile.php?id=61556769311237\"]}]}<\/script>\n<!-- \/ Yoast SEO plugin. -->","yoast_head_json":{"title":"Sindikalni izleti - Sindikalna organizacija DIREKCIJE","robots":{"index":"index","follow":"follow","max-snippet":"max-snippet:-1","max-image-preview":"max-image-preview:large","max-video-preview":"max-video-preview:-1"},"canonical":"https:\/\/direkcije.rs\/?page_id=45","og_locale":"sr_RS","og_type":"article","og_title":"Sindikalni izleti - Sindikalna organizacija DIREKCIJE","og_description":"Sindikalna organizacija Direkcije organizuje izlete za svoje \u010dlanove dva puta godi\u0161nje. Prole\u0107ni izlet se naj\u010de\u0161\u0107e organizuje u aprilu ili maju mesecu, dok je jesenji izlet naj\u010de\u0161\u0107e u oktobru ili novembru. Nepisano pravilo je da najmanje jedna od destinacija izleta bude na teritoriji Republike Srbije, a da druga bude u inostranstvu, u slu\u010daju da prilike i &hellip; Read more \"Sindikalni izleti\"","og_url":"https:\/\/direkcije.rs\/?page_id=45","og_site_name":"Sindikalna organizacija DIREKCIJE","article_publisher":"https:\/\/www.facebook.com\/profile.php?id=61556769311237","article_modified_time":"2024-02-27T19:37:10+00:00","og_image":[{"url":"https:\/\/direkcije.rs\/wp-content\/uploads\/2024\/02\/Piza-2022.jpg","type":"","width":"","height":""}],"twitter_card":"summary_large_image","twitter_misc":{"\u041f\u0440\u043e\u0446\u0435\u045a\u0435\u043d\u043e \u0432\u0440\u0435\u043c\u0435 \u0447\u0438\u0442\u0430\u045a\u0430":"1 \u043c\u0438\u043d\u0443\u0442"},"schema":{"@context":"https:\/\/schema.org","@graph":[{"@type":"WebPage","@id":"https:\/\/direkcije.rs\/?page_id=45","url":"https:\/\/direkcije.rs\/?page_id=45","name":"Sindikalni izleti - Sindikalna organizacija DIREKCIJE","isPartOf":{"@id":"https:\/\/direkcije.rs\/#website"},"primaryImageOfPage":{"@id":"https:\/\/direkcije.rs\/?page_id=45#primaryimage"},"image":{"@id":"https:\/\/direkcije.rs\/?page_id=45#primaryimage"},"thumbnailUrl":"https:\/\/direkcije.rs\/wp-content\/uploads\/2024\/02\/Piza-2022.jpg","datePublished":"2024-02-02T11:52:29+00:00","dateModified":"2024-02-27T19:37:10+00:00","breadcrumb":{"@id":"https:\/\/direkcije.rs\/?page_id=45#breadcrumb"},"inLanguage":"sr-RS","potentialAction":[{"@type":"ReadAction","target":["https:\/\/direkcije.rs\/?page_id=45"]}]},{"@type":"ImageObject","inLanguage":"sr-RS","@id":"https:\/\/direkcije.rs\/?page_id=45#primaryimage","url":"https:\/\/direkcije.rs\/wp-content\/uploads\/2024\/02\/Piza-2022.jpg","contentUrl":"https:\/\/direkcije.rs\/wp-content\/uploads\/2024\/02\/Piza-2022.jpg","width":1600,"height":750,"caption":"SO Direkcije u Pizi"},{"@type":"BreadcrumbList","@id":"https:\/\/direkcije.rs\/?page_id=45#breadcrumb","itemListElement":[{"@type":"ListItem","position":1,"name":"Home","item":"https:\/\/direkcije.rs\/"},{"@type":"ListItem","position":2,"name":"Sindikalni izleti"}]},{"@type":"WebSite","@id":"https:\/\/direkcije.rs\/#website","url":"https:\/\/direkcije.rs\/","name":"Sindikalna organizacija DIREKCIJE","description":"deo Sindikata PTTa","publisher":{"@id":"https:\/\/direkcije.rs\/#organization"},"alternateName":"Direkcije","potentialAction":[{"@type":"SearchAction","target":{"@type":"EntryPoint","urlTemplate":"https:\/\/direkcije.rs\/?s={search_term_string}"},"query-input":{"@type":"PropertyValueSpecification","valueRequired":true,"valueName":"search_term_string"}}],"inLanguage":"sr-RS"},{"@type":"Organization","@id":"https:\/\/direkcije.rs\/#organization","name":"Sindikalna organizacija DIREKCIJE","alternateName":"Direkcije","url":"https:\/\/direkcije.rs\/","logo":{"@type":"ImageObject","inLanguage":"sr-RS","@id":"https:\/\/direkcije.rs\/#\/schema\/logo\/image\/","url":"https:\/\/direkcije.rs\/wp-content\/uploads\/2024\/02\/Copy-of-Sindikat-logo.jpg","contentUrl":"https:\/\/direkcije.rs\/wp-content\/uploads\/2024\/02\/Copy-of-Sindikat-logo.jpg","width":238,"height":238,"caption":"Sindikalna organizacija DIREKCIJE"},"image":{"@id":"https:\/\/direkcije.rs\/#\/schema\/logo\/image\/"},"sameAs":["https:\/\/www.facebook.com\/profile.php?id=61556769311237"]}]}},"_links":{"self":[{"href":"https:\/\/direkcije.rs\/index.php?rest_route=\/wp\/v2\/pages\/45","targetHints":{"allow":["GET"]}}],"collection":[{"href":"https:\/\/direkcije.rs\/index.php?rest_route=\/wp\/v2\/pages"}],"about":[{"href":"https:\/\/direkcije.rs\/index.php?rest_route=\/wp\/v2\/types\/page"}],"author":[{"embeddable":true,"href":"https:\/\/direkcije.rs\/index.php?rest_route=\/wp\/v2\/users\/1"}],"replies":[{"embeddable":true,"href":"https:\/\/direkcije.rs\/index.php?rest_route=%2Fwp%2Fv2%2Fcomments&post=45"}],"version-history":[{"count":0,"href":"https:\/\/direkcije.rs\/index.php?rest_route=\/wp\/v2\/pages\/45\/revisions"}],"wp:attachment":[{"href":"https:\/\/direkcije.rs\/index.php?rest_route=%2Fwp%2Fv2%2Fmedia&parent=45"}],"curies":[{"name":"wp","href":"https:\/\/api.w.org\/{rel}","templated":true}]}}