{"id":48,"date":"2024-02-02T12:53:04","date_gmt":"2024-02-02T11:53:04","guid":{"rendered":"https:\/\/direkcije.rs\/?page_id=48"},"modified":"2024-02-27T11:56:55","modified_gmt":"2024-02-27T10:56:55","slug":"preuzimanja","status":"publish","type":"page","link":"https:\/\/direkcije.rs\/?page_id=48","title":{"rendered":"Preuzimanja"},"content":{"rendered":"\n<div style=\"height:1rem\" aria-hidden=\"true\" class=\"wp-block-spacer\"><\/div>\n\n\n\n<figure data-wp-context=\"{&quot;imageId&quot;:&quot;69f6d0ecca944&quot;}\" data-wp-interactive=\"core\/image\" class=\"wp-block-image size-large has-custom-border wp-lightbox-container\" id=\"wp-block-themeisle-blocks-image-720b54b9\"><img loading=\"lazy\" decoding=\"async\" width=\"1600\" height=\"840\" data-wp-class--hide=\"state.isContentHidden\" data-wp-class--show=\"state.isContentVisible\" data-wp-init=\"callbacks.setButtonStyles\" data-wp-on-async--click=\"actions.showLightbox\" data-wp-on-async--load=\"callbacks.setButtonStyles\" data-wp-on-async-window--resize=\"callbacks.setButtonStyles\" src=\"https:\/\/direkcije.rs\/wp-content\/uploads\/2024\/02\/red-furniture-archives-documents-bills-workbook-653173-pxhere.com_-1600x840.jpg\" alt=\"\" class=\"wp-image-1076\" style=\"border-style:none;border-width:0px;border-radius:10px\" srcset=\"https:\/\/direkcije.rs\/wp-content\/uploads\/2024\/02\/red-furniture-archives-documents-bills-workbook-653173-pxhere.com_-1600x840.jpg 1600w, https:\/\/direkcije.rs\/wp-content\/uploads\/2024\/02\/red-furniture-archives-documents-bills-workbook-653173-pxhere.com_-300x157.jpg 300w, https:\/\/direkcije.rs\/wp-content\/uploads\/2024\/02\/red-furniture-archives-documents-bills-workbook-653173-pxhere.com_-200x105.jpg 200w, https:\/\/direkcije.rs\/wp-content\/uploads\/2024\/02\/red-furniture-archives-documents-bills-workbook-653173-pxhere.com_-18x9.jpg 18w, https:\/\/direkcije.rs\/wp-content\/uploads\/2024\/02\/red-furniture-archives-documents-bills-workbook-653173-pxhere.com_.jpg 1620w\" sizes=\"auto, (max-width: 1600px) 100vw, 1600px\" \/><button\n\t\t\tclass=\"lightbox-trigger\"\n\t\t\ttype=\"button\"\n\t\t\taria-haspopup=\"dialog\"\n\t\t\taria-label=\"\u0423\u0432\u0435\u045b\u0430\u0458 \u0441\u043b\u0438\u043a\u0443\"\n\t\t\tdata-wp-init=\"callbacks.initTriggerButton\"\n\t\t\tdata-wp-on-async--click=\"actions.showLightbox\"\n\t\t\tdata-wp-style--right=\"state.imageButtonRight\"\n\t\t\tdata-wp-style--top=\"state.imageButtonTop\"\n\t\t>\n\t\t\t<svg xmlns=\"http:\/\/www.w3.org\/2000\/svg\" width=\"12\" height=\"12\" fill=\"none\" viewBox=\"0 0 12 12\">\n\t\t\t\t<path fill=\"#fff\" d=\"M2 0a2 2 0 0 0-2 2v2h1.5V2a.5.5 0 0 1 .5-.5h2V0H2Zm2 10.5H2a.5.5 0 0 1-.5-.5V8H0v2a2 2 0 0 0 2 2h2v-1.5ZM8 12v-1.5h2a.5.5 0 0 0 .5-.5V8H12v2a2 2 0 0 1-2 2H8Zm2-12a2 2 0 0 1 2 2v2h-1.5V2a.5.5 0 0 0-.5-.5H8V0h2Z\" \/>\n\t\t\t<\/svg>\n\t\t<\/button><\/figure>\n\n\n\n<div style=\"margin-top:2rem;margin-bottom:var(--wp--preset--spacing--x-small);height:2rem\" aria-hidden=\"true\" class=\"wp-block-spacer\"><\/div>\n\n\n\n<p class=\"has-medium-font-size\" style=\"margin-top:var(--wp--preset--spacing--x-small);margin-bottom:var(--wp--preset--spacing--x-small)\">Ukoliko tra\u017eite dokumenta vezana za rad sindikalne organizacije Direkcije, Sindikata PTT Srbije ili propisa koje donosi samo preduze\u0107e, a koji su vezani za rad i status sindikata, ona nalaze ovom delu sajta.<\/p>\n\n\n\n<p class=\"has-medium-font-size\" style=\"margin-top:var(--wp--preset--spacing--x-small);margin-bottom:var(--wp--preset--spacing--x-small)\">Ovde se tako\u0111e nalaze i administrativne zabrane ili dokumenta za prijavu za sve doga\u0111aje koji se nalaze \u0161irom na\u0161eg sajta.<\/p>\n\n\n\n<p class=\"has-medium-font-size\" style=\"margin-top:var(--wp--preset--spacing--x-small);margin-bottom:var(--wp--preset--spacing--x-small)\">Mo\u017eete preuzeti:<\/p>\n\n\n\n<p class=\"has-text-color has-link-color has-medium-font-size wp-elements-952fc31b540a60beea3d83de7ad06820\" style=\"color:#136ebf;margin-top:var(--wp--preset--spacing--x-small);margin-bottom:var(--wp--preset--spacing--x-small)\"><a href=\"https:\/\/direkcije.rs\/?page_id=840\">Dokumenta<\/a><\/p>\n\n\n\n<p class=\"has-text-color has-link-color has-medium-font-size wp-elements-edf986ababdfce61c34aaf2512fcf135\" style=\"color:#136ebf;margin-top:var(--wp--preset--spacing--x-small);margin-bottom:var(--wp--preset--spacing--x-small)\"><a href=\"https:\/\/direkcije.rs\/?page_id=1081\">Administrativne zabrane<\/a><\/p>\n\n\n\n<div style=\"height:5rem\" aria-hidden=\"true\" class=\"wp-block-spacer\"><\/div>\n","protected":false},"excerpt":{"rendered":"<p>Ukoliko tra\u017eite dokumenta vezana za rad sindikalne organizacije Direkcije, Sindikata PTT Srbije ili propisa koje donosi samo preduze\u0107e, a koji su vezani za rad i status sindikata, ona nalaze ovom delu sajta. Ovde se tako\u0111e nalaze i administrativne zabrane ili dokumenta za prijavu za sve doga\u0111aje koji se nalaze \u0161irom na\u0161eg sajta. Mo\u017eete preuzeti: Dokumenta &hellip; <\/p>\n<p class=\"link-more\"><a href=\"https:\/\/direkcije.rs\/?page_id=48\" class=\"more-link\">Read more<span class=\"screen-reader-text\"> &#8222;Preuzimanja&#8220;<\/span><\/a><\/p>\n","protected":false},"author":1,"featured_media":0,"parent":0,"menu_order":0,"comment_status":"closed","ping_status":"closed","template":"","meta":{"_sitemap_exclude":false,"_sitemap_priority":"","_sitemap_frequency":"","_themeisle_gutenberg_block_has_review":false,"footnotes":""},"class_list":["post-48","page","type-page","status-publish","hentry"],"yoast_head":"<!-- This site is optimized with the Yoast SEO plugin v24.7 - https:\/\/yoast.com\/wordpress\/plugins\/seo\/ -->\n<title>Preuzimanja - Sindikalna organizacija DIREKCIJE<\/title>\n<meta name=\"robots\" content=\"index, follow, max-snippet:-1, max-image-preview:large, max-video-preview:-1\" \/>\n<link rel=\"canonical\" href=\"https:\/\/direkcije.rs\/?page_id=48\" \/>\n<meta property=\"og:locale\" content=\"sr_RS\" \/>\n<meta property=\"og:type\" content=\"article\" \/>\n<meta property=\"og:title\" content=\"Preuzimanja - Sindikalna organizacija DIREKCIJE\" \/>\n<meta property=\"og:description\" content=\"Ukoliko tra\u017eite dokumenta vezana za rad sindikalne organizacije Direkcije, Sindikata PTT Srbije ili propisa koje donosi samo preduze\u0107e, a koji su vezani za rad i status sindikata, ona nalaze ovom delu sajta. Ovde se tako\u0111e nalaze i administrativne zabrane ili dokumenta za prijavu za sve doga\u0111aje koji se nalaze \u0161irom na\u0161eg sajta. Mo\u017eete preuzeti: Dokumenta &hellip; Read more &quot;Preuzimanja&quot;\" \/>\n<meta property=\"og:url\" content=\"https:\/\/direkcije.rs\/?page_id=48\" \/>\n<meta property=\"og:site_name\" content=\"Sindikalna organizacija DIREKCIJE\" \/>\n<meta property=\"article:publisher\" content=\"https:\/\/www.facebook.com\/profile.php?id=61556769311237\" \/>\n<meta property=\"article:modified_time\" content=\"2024-02-27T10:56:55+00:00\" \/>\n<meta property=\"og:image\" content=\"https:\/\/direkcije.rs\/wp-content\/uploads\/2024\/02\/red-furniture-archives-documents-bills-workbook-653173-pxhere.com_-1600x840.jpg\" \/>\n<meta name=\"twitter:card\" content=\"summary_large_image\" \/>\n<script type=\"application\/ld+json\" class=\"yoast-schema-graph\">{\"@context\":\"https:\/\/schema.org\",\"@graph\":[{\"@type\":\"WebPage\",\"@id\":\"https:\/\/direkcije.rs\/?page_id=48\",\"url\":\"https:\/\/direkcije.rs\/?page_id=48\",\"name\":\"Preuzimanja - Sindikalna organizacija DIREKCIJE\",\"isPartOf\":{\"@id\":\"https:\/\/direkcije.rs\/#website\"},\"primaryImageOfPage\":{\"@id\":\"https:\/\/direkcije.rs\/?page_id=48#primaryimage\"},\"image\":{\"@id\":\"https:\/\/direkcije.rs\/?page_id=48#primaryimage\"},\"thumbnailUrl\":\"https:\/\/direkcije.rs\/wp-content\/uploads\/2024\/02\/red-furniture-archives-documents-bills-workbook-653173-pxhere.com_-1600x840.jpg\",\"datePublished\":\"2024-02-02T11:53:04+00:00\",\"dateModified\":\"2024-02-27T10:56:55+00:00\",\"breadcrumb\":{\"@id\":\"https:\/\/direkcije.rs\/?page_id=48#breadcrumb\"},\"inLanguage\":\"sr-RS\",\"potentialAction\":[{\"@type\":\"ReadAction\",\"target\":[\"https:\/\/direkcije.rs\/?page_id=48\"]}]},{\"@type\":\"ImageObject\",\"inLanguage\":\"sr-RS\",\"@id\":\"https:\/\/direkcije.rs\/?page_id=48#primaryimage\",\"url\":\"https:\/\/direkcije.rs\/wp-content\/uploads\/2024\/02\/red-furniture-archives-documents-bills-workbook-653173-pxhere.com_.jpg\",\"contentUrl\":\"https:\/\/direkcije.rs\/wp-content\/uploads\/2024\/02\/red-furniture-archives-documents-bills-workbook-653173-pxhere.com_.jpg\",\"width\":1620,\"height\":850},{\"@type\":\"BreadcrumbList\",\"@id\":\"https:\/\/direkcije.rs\/?page_id=48#breadcrumb\",\"itemListElement\":[{\"@type\":\"ListItem\",\"position\":1,\"name\":\"Home\",\"item\":\"https:\/\/direkcije.rs\/\"},{\"@type\":\"ListItem\",\"position\":2,\"name\":\"Preuzimanja\"}]},{\"@type\":\"WebSite\",\"@id\":\"https:\/\/direkcije.rs\/#website\",\"url\":\"https:\/\/direkcije.rs\/\",\"name\":\"Sindikalna organizacija DIREKCIJE\",\"description\":\"deo Sindikata PTTa\",\"publisher\":{\"@id\":\"https:\/\/direkcije.rs\/#organization\"},\"alternateName\":\"Direkcije\",\"potentialAction\":[{\"@type\":\"SearchAction\",\"target\":{\"@type\":\"EntryPoint\",\"urlTemplate\":\"https:\/\/direkcije.rs\/?s={search_term_string}\"},\"query-input\":{\"@type\":\"PropertyValueSpecification\",\"valueRequired\":true,\"valueName\":\"search_term_string\"}}],\"inLanguage\":\"sr-RS\"},{\"@type\":\"Organization\",\"@id\":\"https:\/\/direkcije.rs\/#organization\",\"name\":\"Sindikalna organizacija DIREKCIJE\",\"alternateName\":\"Direkcije\",\"url\":\"https:\/\/direkcije.rs\/\",\"logo\":{\"@type\":\"ImageObject\",\"inLanguage\":\"sr-RS\",\"@id\":\"https:\/\/direkcije.rs\/#\/schema\/logo\/image\/\",\"url\":\"https:\/\/direkcije.rs\/wp-content\/uploads\/2024\/02\/Copy-of-Sindikat-logo.jpg\",\"contentUrl\":\"https:\/\/direkcije.rs\/wp-content\/uploads\/2024\/02\/Copy-of-Sindikat-logo.jpg\",\"width\":238,\"height\":238,\"caption\":\"Sindikalna organizacija DIREKCIJE\"},\"image\":{\"@id\":\"https:\/\/direkcije.rs\/#\/schema\/logo\/image\/\"},\"sameAs\":[\"https:\/\/www.facebook.com\/profile.php?id=61556769311237\"]}]}<\/script>\n<!-- \/ Yoast SEO plugin. -->","yoast_head_json":{"title":"Preuzimanja - Sindikalna organizacija DIREKCIJE","robots":{"index":"index","follow":"follow","max-snippet":"max-snippet:-1","max-image-preview":"max-image-preview:large","max-video-preview":"max-video-preview:-1"},"canonical":"https:\/\/direkcije.rs\/?page_id=48","og_locale":"sr_RS","og_type":"article","og_title":"Preuzimanja - Sindikalna organizacija DIREKCIJE","og_description":"Ukoliko tra\u017eite dokumenta vezana za rad sindikalne organizacije Direkcije, Sindikata PTT Srbije ili propisa koje donosi samo preduze\u0107e, a koji su vezani za rad i status sindikata, ona nalaze ovom delu sajta. Ovde se tako\u0111e nalaze i administrativne zabrane ili dokumenta za prijavu za sve doga\u0111aje koji se nalaze \u0161irom na\u0161eg sajta. Mo\u017eete preuzeti: Dokumenta &hellip; Read more \"Preuzimanja\"","og_url":"https:\/\/direkcije.rs\/?page_id=48","og_site_name":"Sindikalna organizacija DIREKCIJE","article_publisher":"https:\/\/www.facebook.com\/profile.php?id=61556769311237","article_modified_time":"2024-02-27T10:56:55+00:00","og_image":[{"url":"https:\/\/direkcije.rs\/wp-content\/uploads\/2024\/02\/red-furniture-archives-documents-bills-workbook-653173-pxhere.com_-1600x840.jpg","type":"","width":"","height":""}],"twitter_card":"summary_large_image","schema":{"@context":"https:\/\/schema.org","@graph":[{"@type":"WebPage","@id":"https:\/\/direkcije.rs\/?page_id=48","url":"https:\/\/direkcije.rs\/?page_id=48","name":"Preuzimanja - Sindikalna organizacija DIREKCIJE","isPartOf":{"@id":"https:\/\/direkcije.rs\/#website"},"primaryImageOfPage":{"@id":"https:\/\/direkcije.rs\/?page_id=48#primaryimage"},"image":{"@id":"https:\/\/direkcije.rs\/?page_id=48#primaryimage"},"thumbnailUrl":"https:\/\/direkcije.rs\/wp-content\/uploads\/2024\/02\/red-furniture-archives-documents-bills-workbook-653173-pxhere.com_-1600x840.jpg","datePublished":"2024-02-02T11:53:04+00:00","dateModified":"2024-02-27T10:56:55+00:00","breadcrumb":{"@id":"https:\/\/direkcije.rs\/?page_id=48#breadcrumb"},"inLanguage":"sr-RS","potentialAction":[{"@type":"ReadAction","target":["https:\/\/direkcije.rs\/?page_id=48"]}]},{"@type":"ImageObject","inLanguage":"sr-RS","@id":"https:\/\/direkcije.rs\/?page_id=48#primaryimage","url":"https:\/\/direkcije.rs\/wp-content\/uploads\/2024\/02\/red-furniture-archives-documents-bills-workbook-653173-pxhere.com_.jpg","contentUrl":"https:\/\/direkcije.rs\/wp-content\/uploads\/2024\/02\/red-furniture-archives-documents-bills-workbook-653173-pxhere.com_.jpg","width":1620,"height":850},{"@type":"BreadcrumbList","@id":"https:\/\/direkcije.rs\/?page_id=48#breadcrumb","itemListElement":[{"@type":"ListItem","position":1,"name":"Home","item":"https:\/\/direkcije.rs\/"},{"@type":"ListItem","position":2,"name":"Preuzimanja"}]},{"@type":"WebSite","@id":"https:\/\/direkcije.rs\/#website","url":"https:\/\/direkcije.rs\/","name":"Sindikalna organizacija DIREKCIJE","description":"deo Sindikata PTTa","publisher":{"@id":"https:\/\/direkcije.rs\/#organization"},"alternateName":"Direkcije","potentialAction":[{"@type":"SearchAction","target":{"@type":"EntryPoint","urlTemplate":"https:\/\/direkcije.rs\/?s={search_term_string}"},"query-input":{"@type":"PropertyValueSpecification","valueRequired":true,"valueName":"search_term_string"}}],"inLanguage":"sr-RS"},{"@type":"Organization","@id":"https:\/\/direkcije.rs\/#organization","name":"Sindikalna organizacija DIREKCIJE","alternateName":"Direkcije","url":"https:\/\/direkcije.rs\/","logo":{"@type":"ImageObject","inLanguage":"sr-RS","@id":"https:\/\/direkcije.rs\/#\/schema\/logo\/image\/","url":"https:\/\/direkcije.rs\/wp-content\/uploads\/2024\/02\/Copy-of-Sindikat-logo.jpg","contentUrl":"https:\/\/direkcije.rs\/wp-content\/uploads\/2024\/02\/Copy-of-Sindikat-logo.jpg","width":238,"height":238,"caption":"Sindikalna organizacija DIREKCIJE"},"image":{"@id":"https:\/\/direkcije.rs\/#\/schema\/logo\/image\/"},"sameAs":["https:\/\/www.facebook.com\/profile.php?id=61556769311237"]}]}},"_links":{"self":[{"href":"https:\/\/direkcije.rs\/index.php?rest_route=\/wp\/v2\/pages\/48","targetHints":{"allow":["GET"]}}],"collection":[{"href":"https:\/\/direkcije.rs\/index.php?rest_route=\/wp\/v2\/pages"}],"about":[{"href":"https:\/\/direkcije.rs\/index.php?rest_route=\/wp\/v2\/types\/page"}],"author":[{"embeddable":true,"href":"https:\/\/direkcije.rs\/index.php?rest_route=\/wp\/v2\/users\/1"}],"replies":[{"embeddable":true,"href":"https:\/\/direkcije.rs\/index.php?rest_route=%2Fwp%2Fv2%2Fcomments&post=48"}],"version-history":[{"count":0,"href":"https:\/\/direkcije.rs\/index.php?rest_route=\/wp\/v2\/pages\/48\/revisions"}],"wp:attachment":[{"href":"https:\/\/direkcije.rs\/index.php?rest_route=%2Fwp%2Fv2%2Fmedia&parent=48"}],"curies":[{"name":"wp","href":"https:\/\/api.w.org\/{rel}","templated":true}]}}