{"id":50,"date":"2024-02-02T12:53:49","date_gmt":"2024-02-02T11:53:49","guid":{"rendered":"https:\/\/direkcije.rs\/?page_id=50"},"modified":"2024-03-01T14:00:10","modified_gmt":"2024-03-01T13:00:10","slug":"pristupnica","status":"publish","type":"page","link":"https:\/\/direkcije.rs\/?page_id=50","title":{"rendered":"Pristupnica"},"content":{"rendered":"\n<figure class=\"wp-block-image size-large has-custom-border\" id=\"wp-block-themeisle-blocks-image-af41188a\"><img loading=\"lazy\" decoding=\"async\" width=\"1600\" height=\"642\" src=\"https:\/\/direkcije.rs\/wp-content\/uploads\/2024\/02\/writing-hand-pen-sign-finger-business-910947-pxhere.com_-1-1600x642.jpg\" alt=\"\" class=\"wp-image-1115\" style=\"border-radius:10px\" srcset=\"https:\/\/direkcije.rs\/wp-content\/uploads\/2024\/02\/writing-hand-pen-sign-finger-business-910947-pxhere.com_-1-1600x642.jpg 1600w, https:\/\/direkcije.rs\/wp-content\/uploads\/2024\/02\/writing-hand-pen-sign-finger-business-910947-pxhere.com_-1-300x120.jpg 300w, https:\/\/direkcije.rs\/wp-content\/uploads\/2024\/02\/writing-hand-pen-sign-finger-business-910947-pxhere.com_-1-200x80.jpg 200w, https:\/\/direkcije.rs\/wp-content\/uploads\/2024\/02\/writing-hand-pen-sign-finger-business-910947-pxhere.com_-1-18x7.jpg 18w, https:\/\/direkcije.rs\/wp-content\/uploads\/2024\/02\/writing-hand-pen-sign-finger-business-910947-pxhere.com_-1.jpg 1620w\" sizes=\"auto, (max-width: 1600px) 100vw, 1600px\" \/><\/figure>\n\n\n\n<div style=\"height:3rem\" aria-hidden=\"true\" class=\"wp-block-spacer\"><\/div>\n\n\n\n<p class=\"has-medium-font-size\">Pristupnicu za \u010dlanstvo u Sindikalnoj organizaciji Direkcije i automatsko \u010dlanstvo u Sindikatu radnika PTTa i Fondu Solidarnsoti mo\u017eete preuzeti ispod.<\/p>\n\n\n\n<p class=\"has-medium-font-size\">Popunite je i dostavite je u prostorije SO Direkcije ili je predajte Va\u0161em sindikalnom predstavniku. <\/p>\n\n\n\n<p class=\"has-primary-color has-text-color has-link-color has-medium-font-size wp-elements-1234d2463ede8067a04c8f0d7f16bde2\">Va\u0161e sindikalne predstavnike, odnosno \u010dlanove odbora SO Direkcija mo\u017eete prona\u0107i <a href=\"https:\/\/direkcije.rs\/?page_id=12\" data-type=\"link\" data-id=\"https:\/\/direkcije.rs\/?page_id=12\" target=\"_blank\" rel=\"noreferrer noopener\">OVDE<\/a>.<\/p>\n\n\n\n<div class=\"wp-block-buttons is-content-justification-center is-layout-flex wp-container-core-buttons-is-layout-1 wp-block-buttons-is-layout-flex\" style=\"margin-top:var(--wp--preset--spacing--small);margin-bottom:var(--wp--preset--spacing--small)\">\n<div class=\"wp-block-button has-custom-font-size has-medium-font-size\"><a class=\"wp-block-button__link has-background-color has-text-color has-background has-link-color wp-element-button\" href=\"https:\/\/direkcije.rs\/wp-content\/uploads\/2024\/02\/Pristupnica.pdf\" style=\"border-radius:5px;background-color:#136ebf;padding-top:var(--wp--preset--spacing--x-small);padding-right:var(--wp--preset--spacing--medium);padding-bottom:var(--wp--preset--spacing--x-small);padding-left:var(--wp--preset--spacing--medium)\" target=\"_blank\" rel=\"noreferrer noopener\">PREUZMI PRISTUPNICU<\/a><\/div>\n<\/div>\n\n\n\n<p class=\"has-text-align-center has-text-color has-link-color has-max-48-font-size wp-elements-deb71203e906f59676ccfab71db7eec2\" style=\"color:#136ebf\"><strong>DOBRO DO\u0160LI<\/strong><\/p>\n\n\n\n<div style=\"height:5rem\" aria-hidden=\"true\" class=\"wp-block-spacer\"><\/div>\n","protected":false},"excerpt":{"rendered":"<p>Pristupnicu za \u010dlanstvo u Sindikalnoj organizaciji Direkcije i automatsko \u010dlanstvo u Sindikatu radnika PTTa i Fondu Solidarnsoti mo\u017eete preuzeti ispod. Popunite je i dostavite je u prostorije SO Direkcije ili je predajte Va\u0161em sindikalnom predstavniku. Va\u0161e sindikalne predstavnike, odnosno \u010dlanove odbora SO Direkcija mo\u017eete prona\u0107i OVDE. DOBRO DO\u0160LI<\/p>\n","protected":false},"author":1,"featured_media":0,"parent":0,"menu_order":0,"comment_status":"closed","ping_status":"closed","template":"","meta":{"_sitemap_exclude":false,"_sitemap_priority":"","_sitemap_frequency":"","_themeisle_gutenberg_block_has_review":false,"footnotes":""},"class_list":["post-50","page","type-page","status-publish","hentry"],"yoast_head":"<!-- This site is optimized with the Yoast SEO plugin v24.7 - https:\/\/yoast.com\/wordpress\/plugins\/seo\/ -->\n<title>Pristupnica - Sindikalna organizacija DIREKCIJE<\/title>\n<meta name=\"robots\" content=\"index, follow, max-snippet:-1, max-image-preview:large, max-video-preview:-1\" \/>\n<link rel=\"canonical\" href=\"https:\/\/direkcije.rs\/?page_id=50\" \/>\n<meta property=\"og:locale\" content=\"sr_RS\" \/>\n<meta property=\"og:type\" content=\"article\" \/>\n<meta property=\"og:title\" content=\"Pristupnica - Sindikalna organizacija DIREKCIJE\" \/>\n<meta property=\"og:description\" content=\"Pristupnicu za \u010dlanstvo u Sindikalnoj organizaciji Direkcije i automatsko \u010dlanstvo u Sindikatu radnika PTTa i Fondu Solidarnsoti mo\u017eete preuzeti ispod. Popunite je i dostavite je u prostorije SO Direkcije ili je predajte Va\u0161em sindikalnom predstavniku. Va\u0161e sindikalne predstavnike, odnosno \u010dlanove odbora SO Direkcija mo\u017eete prona\u0107i OVDE. DOBRO DO\u0160LI\" \/>\n<meta property=\"og:url\" content=\"https:\/\/direkcije.rs\/?page_id=50\" \/>\n<meta property=\"og:site_name\" content=\"Sindikalna organizacija DIREKCIJE\" \/>\n<meta property=\"article:publisher\" content=\"https:\/\/www.facebook.com\/profile.php?id=61556769311237\" \/>\n<meta property=\"article:modified_time\" content=\"2024-03-01T13:00:10+00:00\" \/>\n<meta property=\"og:image\" content=\"https:\/\/direkcije.rs\/wp-content\/uploads\/2024\/02\/writing-hand-pen-sign-finger-business-910947-pxhere.com_-1-1600x642.jpg\" \/>\n<meta name=\"twitter:card\" content=\"summary_large_image\" \/>\n<script type=\"application\/ld+json\" class=\"yoast-schema-graph\">{\"@context\":\"https:\/\/schema.org\",\"@graph\":[{\"@type\":\"WebPage\",\"@id\":\"https:\/\/direkcije.rs\/?page_id=50\",\"url\":\"https:\/\/direkcije.rs\/?page_id=50\",\"name\":\"Pristupnica - Sindikalna organizacija DIREKCIJE\",\"isPartOf\":{\"@id\":\"https:\/\/direkcije.rs\/#website\"},\"primaryImageOfPage\":{\"@id\":\"https:\/\/direkcije.rs\/?page_id=50#primaryimage\"},\"image\":{\"@id\":\"https:\/\/direkcije.rs\/?page_id=50#primaryimage\"},\"thumbnailUrl\":\"https:\/\/direkcije.rs\/wp-content\/uploads\/2024\/02\/writing-hand-pen-sign-finger-business-910947-pxhere.com_-1-1600x642.jpg\",\"datePublished\":\"2024-02-02T11:53:49+00:00\",\"dateModified\":\"2024-03-01T13:00:10+00:00\",\"breadcrumb\":{\"@id\":\"https:\/\/direkcije.rs\/?page_id=50#breadcrumb\"},\"inLanguage\":\"sr-RS\",\"potentialAction\":[{\"@type\":\"ReadAction\",\"target\":[\"https:\/\/direkcije.rs\/?page_id=50\"]}]},{\"@type\":\"ImageObject\",\"inLanguage\":\"sr-RS\",\"@id\":\"https:\/\/direkcije.rs\/?page_id=50#primaryimage\",\"url\":\"https:\/\/direkcije.rs\/wp-content\/uploads\/2024\/02\/writing-hand-pen-sign-finger-business-910947-pxhere.com_-1.jpg\",\"contentUrl\":\"https:\/\/direkcije.rs\/wp-content\/uploads\/2024\/02\/writing-hand-pen-sign-finger-business-910947-pxhere.com_-1.jpg\",\"width\":1620,\"height\":650},{\"@type\":\"BreadcrumbList\",\"@id\":\"https:\/\/direkcije.rs\/?page_id=50#breadcrumb\",\"itemListElement\":[{\"@type\":\"ListItem\",\"position\":1,\"name\":\"Home\",\"item\":\"https:\/\/direkcije.rs\/\"},{\"@type\":\"ListItem\",\"position\":2,\"name\":\"Pristupnica\"}]},{\"@type\":\"WebSite\",\"@id\":\"https:\/\/direkcije.rs\/#website\",\"url\":\"https:\/\/direkcije.rs\/\",\"name\":\"Sindikalna organizacija DIREKCIJE\",\"description\":\"deo Sindikata PTTa\",\"publisher\":{\"@id\":\"https:\/\/direkcije.rs\/#organization\"},\"alternateName\":\"Direkcije\",\"potentialAction\":[{\"@type\":\"SearchAction\",\"target\":{\"@type\":\"EntryPoint\",\"urlTemplate\":\"https:\/\/direkcije.rs\/?s={search_term_string}\"},\"query-input\":{\"@type\":\"PropertyValueSpecification\",\"valueRequired\":true,\"valueName\":\"search_term_string\"}}],\"inLanguage\":\"sr-RS\"},{\"@type\":\"Organization\",\"@id\":\"https:\/\/direkcije.rs\/#organization\",\"name\":\"Sindikalna organizacija DIREKCIJE\",\"alternateName\":\"Direkcije\",\"url\":\"https:\/\/direkcije.rs\/\",\"logo\":{\"@type\":\"ImageObject\",\"inLanguage\":\"sr-RS\",\"@id\":\"https:\/\/direkcije.rs\/#\/schema\/logo\/image\/\",\"url\":\"https:\/\/direkcije.rs\/wp-content\/uploads\/2024\/02\/Copy-of-Sindikat-logo.jpg\",\"contentUrl\":\"https:\/\/direkcije.rs\/wp-content\/uploads\/2024\/02\/Copy-of-Sindikat-logo.jpg\",\"width\":238,\"height\":238,\"caption\":\"Sindikalna organizacija DIREKCIJE\"},\"image\":{\"@id\":\"https:\/\/direkcije.rs\/#\/schema\/logo\/image\/\"},\"sameAs\":[\"https:\/\/www.facebook.com\/profile.php?id=61556769311237\"]}]}<\/script>\n<!-- \/ Yoast SEO plugin. -->","yoast_head_json":{"title":"Pristupnica - Sindikalna organizacija DIREKCIJE","robots":{"index":"index","follow":"follow","max-snippet":"max-snippet:-1","max-image-preview":"max-image-preview:large","max-video-preview":"max-video-preview:-1"},"canonical":"https:\/\/direkcije.rs\/?page_id=50","og_locale":"sr_RS","og_type":"article","og_title":"Pristupnica - Sindikalna organizacija DIREKCIJE","og_description":"Pristupnicu za \u010dlanstvo u Sindikalnoj organizaciji Direkcije i automatsko \u010dlanstvo u Sindikatu radnika PTTa i Fondu Solidarnsoti mo\u017eete preuzeti ispod. Popunite je i dostavite je u prostorije SO Direkcije ili je predajte Va\u0161em sindikalnom predstavniku. Va\u0161e sindikalne predstavnike, odnosno \u010dlanove odbora SO Direkcija mo\u017eete prona\u0107i OVDE. DOBRO DO\u0160LI","og_url":"https:\/\/direkcije.rs\/?page_id=50","og_site_name":"Sindikalna organizacija DIREKCIJE","article_publisher":"https:\/\/www.facebook.com\/profile.php?id=61556769311237","article_modified_time":"2024-03-01T13:00:10+00:00","og_image":[{"url":"https:\/\/direkcije.rs\/wp-content\/uploads\/2024\/02\/writing-hand-pen-sign-finger-business-910947-pxhere.com_-1-1600x642.jpg","type":"","width":"","height":""}],"twitter_card":"summary_large_image","schema":{"@context":"https:\/\/schema.org","@graph":[{"@type":"WebPage","@id":"https:\/\/direkcije.rs\/?page_id=50","url":"https:\/\/direkcije.rs\/?page_id=50","name":"Pristupnica - Sindikalna organizacija DIREKCIJE","isPartOf":{"@id":"https:\/\/direkcije.rs\/#website"},"primaryImageOfPage":{"@id":"https:\/\/direkcije.rs\/?page_id=50#primaryimage"},"image":{"@id":"https:\/\/direkcije.rs\/?page_id=50#primaryimage"},"thumbnailUrl":"https:\/\/direkcije.rs\/wp-content\/uploads\/2024\/02\/writing-hand-pen-sign-finger-business-910947-pxhere.com_-1-1600x642.jpg","datePublished":"2024-02-02T11:53:49+00:00","dateModified":"2024-03-01T13:00:10+00:00","breadcrumb":{"@id":"https:\/\/direkcije.rs\/?page_id=50#breadcrumb"},"inLanguage":"sr-RS","potentialAction":[{"@type":"ReadAction","target":["https:\/\/direkcije.rs\/?page_id=50"]}]},{"@type":"ImageObject","inLanguage":"sr-RS","@id":"https:\/\/direkcije.rs\/?page_id=50#primaryimage","url":"https:\/\/direkcije.rs\/wp-content\/uploads\/2024\/02\/writing-hand-pen-sign-finger-business-910947-pxhere.com_-1.jpg","contentUrl":"https:\/\/direkcije.rs\/wp-content\/uploads\/2024\/02\/writing-hand-pen-sign-finger-business-910947-pxhere.com_-1.jpg","width":1620,"height":650},{"@type":"BreadcrumbList","@id":"https:\/\/direkcije.rs\/?page_id=50#breadcrumb","itemListElement":[{"@type":"ListItem","position":1,"name":"Home","item":"https:\/\/direkcije.rs\/"},{"@type":"ListItem","position":2,"name":"Pristupnica"}]},{"@type":"WebSite","@id":"https:\/\/direkcije.rs\/#website","url":"https:\/\/direkcije.rs\/","name":"Sindikalna organizacija DIREKCIJE","description":"deo Sindikata PTTa","publisher":{"@id":"https:\/\/direkcije.rs\/#organization"},"alternateName":"Direkcije","potentialAction":[{"@type":"SearchAction","target":{"@type":"EntryPoint","urlTemplate":"https:\/\/direkcije.rs\/?s={search_term_string}"},"query-input":{"@type":"PropertyValueSpecification","valueRequired":true,"valueName":"search_term_string"}}],"inLanguage":"sr-RS"},{"@type":"Organization","@id":"https:\/\/direkcije.rs\/#organization","name":"Sindikalna organizacija DIREKCIJE","alternateName":"Direkcije","url":"https:\/\/direkcije.rs\/","logo":{"@type":"ImageObject","inLanguage":"sr-RS","@id":"https:\/\/direkcije.rs\/#\/schema\/logo\/image\/","url":"https:\/\/direkcije.rs\/wp-content\/uploads\/2024\/02\/Copy-of-Sindikat-logo.jpg","contentUrl":"https:\/\/direkcije.rs\/wp-content\/uploads\/2024\/02\/Copy-of-Sindikat-logo.jpg","width":238,"height":238,"caption":"Sindikalna organizacija DIREKCIJE"},"image":{"@id":"https:\/\/direkcije.rs\/#\/schema\/logo\/image\/"},"sameAs":["https:\/\/www.facebook.com\/profile.php?id=61556769311237"]}]}},"_links":{"self":[{"href":"https:\/\/direkcije.rs\/index.php?rest_route=\/wp\/v2\/pages\/50","targetHints":{"allow":["GET"]}}],"collection":[{"href":"https:\/\/direkcije.rs\/index.php?rest_route=\/wp\/v2\/pages"}],"about":[{"href":"https:\/\/direkcije.rs\/index.php?rest_route=\/wp\/v2\/types\/page"}],"author":[{"embeddable":true,"href":"https:\/\/direkcije.rs\/index.php?rest_route=\/wp\/v2\/users\/1"}],"replies":[{"embeddable":true,"href":"https:\/\/direkcije.rs\/index.php?rest_route=%2Fwp%2Fv2%2Fcomments&post=50"}],"version-history":[{"count":0,"href":"https:\/\/direkcije.rs\/index.php?rest_route=\/wp\/v2\/pages\/50\/revisions"}],"wp:attachment":[{"href":"https:\/\/direkcije.rs\/index.php?rest_route=%2Fwp%2Fv2%2Fmedia&parent=50"}],"curies":[{"name":"wp","href":"https:\/\/api.w.org\/{rel}","templated":true}]}}