{"id":588,"date":"2024-02-06T12:06:35","date_gmt":"2024-02-06T11:06:35","guid":{"rendered":"https:\/\/direkcije.rs\/?page_id=588"},"modified":"2024-03-01T14:33:20","modified_gmt":"2024-03-01T13:33:20","slug":"sindikat-ptt-srbije","status":"publish","type":"page","link":"https:\/\/direkcije.rs\/?page_id=588","title":{"rendered":"Sindikat PTT Srbije"},"content":{"rendered":"\n<figure data-wp-context=\"{&quot;imageId&quot;:&quot;69f6d10b52362&quot;}\" data-wp-interactive=\"core\/image\" class=\"wp-block-image size-full has-custom-border wp-lightbox-container\" id=\"wp-block-themeisle-blocks-image-38da1cde\"><img loading=\"lazy\" decoding=\"async\" width=\"1600\" height=\"555\" data-wp-class--hide=\"state.isContentHidden\" data-wp-class--show=\"state.isContentVisible\" data-wp-init=\"callbacks.setButtonStyles\" data-wp-on-async--click=\"actions.showLightbox\" data-wp-on-async--load=\"callbacks.setButtonStyles\" data-wp-on-async-window--resize=\"callbacks.setButtonStyles\" src=\"https:\/\/direkcije.rs\/wp-content\/uploads\/2024\/02\/Skupstina_20221013.jpg\" alt=\"\" class=\"wp-image-594\" style=\"border-width:1px;border-radius:10px\" srcset=\"https:\/\/direkcije.rs\/wp-content\/uploads\/2024\/02\/Skupstina_20221013.jpg 1600w, https:\/\/direkcije.rs\/wp-content\/uploads\/2024\/02\/Skupstina_20221013-300x104.jpg 300w, https:\/\/direkcije.rs\/wp-content\/uploads\/2024\/02\/Skupstina_20221013-1024x355.jpg 1024w, https:\/\/direkcije.rs\/wp-content\/uploads\/2024\/02\/Skupstina_20221013-768x266.jpg 768w, https:\/\/direkcije.rs\/wp-content\/uploads\/2024\/02\/Skupstina_20221013-1536x533.jpg 1536w, https:\/\/direkcije.rs\/wp-content\/uploads\/2024\/02\/Skupstina_20221013-200x69.jpg 200w, https:\/\/direkcije.rs\/wp-content\/uploads\/2024\/02\/Skupstina_20221013-18x6.jpg 18w\" sizes=\"auto, (max-width: 1600px) 100vw, 1600px\" \/><button\n\t\t\tclass=\"lightbox-trigger\"\n\t\t\ttype=\"button\"\n\t\t\taria-haspopup=\"dialog\"\n\t\t\taria-label=\"\u0423\u0432\u0435\u045b\u0430\u0458 \u0441\u043b\u0438\u043a\u0443\"\n\t\t\tdata-wp-init=\"callbacks.initTriggerButton\"\n\t\t\tdata-wp-on-async--click=\"actions.showLightbox\"\n\t\t\tdata-wp-style--right=\"state.imageButtonRight\"\n\t\t\tdata-wp-style--top=\"state.imageButtonTop\"\n\t\t>\n\t\t\t<svg xmlns=\"http:\/\/www.w3.org\/2000\/svg\" width=\"12\" height=\"12\" fill=\"none\" viewBox=\"0 0 12 12\">\n\t\t\t\t<path fill=\"#fff\" d=\"M2 0a2 2 0 0 0-2 2v2h1.5V2a.5.5 0 0 1 .5-.5h2V0H2Zm2 10.5H2a.5.5 0 0 1-.5-.5V8H0v2a2 2 0 0 0 2 2h2v-1.5ZM8 12v-1.5h2a.5.5 0 0 0 .5-.5V8H12v2a2 2 0 0 1-2 2H8Zm2-12a2 2 0 0 1 2 2v2h-1.5V2a.5.5 0 0 0-.5-.5H8V0h2Z\" \/>\n\t\t\t<\/svg>\n\t\t<\/button><figcaption class=\"wp-element-caption\">Skup\u0161tina Sindikata PTT odr\u017eana u Velikom Gradi\u0161tu 13. oktobra 2022. godine.<em> Foto Nikola Dmitra\u0161inovi\u0107<\/em><\/figcaption><\/figure>\n\n\n\n<div style=\"height:4rem\" aria-hidden=\"true\" class=\"wp-block-spacer\"><\/div>\n\n\n\n<p class=\"has-medium-font-size\">U \u010dlanstvu Sindikata PTT Srbije se nalazi pribli\u017eno tre\u0107ina svih zaposlenih u JP \u201cPo\u0161ta Srbije\u201d, koji su organizovani u 35 sindikalnih organizacija. Najvi\u0161i organ Sindikata PTT Srbije je Skup\u0161tina koja ima promenljiv broj \u010dlanova u zavisnosti od broja sindikalnih organizacija i broja \u010dlanova u njima, \u0161to se konstatuje na po\u010detku zasedanja Skup\u0161tine.<\/p>\n\n\n\n<div style=\"height:25px\" aria-hidden=\"true\" class=\"wp-block-spacer\"><\/div>\n\n\n\n<p class=\"has-medium-font-size\">Skup\u0161tinu \u010dine predsednici sindikalnih organizacija po funkciji i \u010dlanovi Skup\u0161tine izabrani u sindikalnim organizacijama i to:<\/p>\n\n\n\n<div style=\"height:25px\" aria-hidden=\"true\" class=\"wp-block-spacer\"><\/div>\n\n\n\n<ul class=\"wp-block-list\">\n<li class=\"has-medium-font-size\">od 31 do 200 \u010dlanova sindikalne organizacije bira se jedan \u010dlan Skup\u0161tine,<\/li>\n\n\n\n<li class=\"has-medium-font-size\">na svakih slede\u0107ih 200 i zapo\u010detih 200 \u010dlanova sindikalne organizacije, bira se jo\u0161 po jedan \u010dlan Skup\u0161tine.<\/li>\n<\/ul>\n\n\n\n<div style=\"height:2rem\" aria-hidden=\"true\" class=\"wp-block-spacer\"><\/div>\n\n\n\n<p class=\"has-medium-font-size\">Skup\u0161tina bira Predsedni\u0161tvo Sindikata PTT Srbije, kao izvr\u0161ni organ, iz redova sindikalnih aktivista (\u010dlanova odbora SO) po principu jedinstvene izborne liste isklju\u010divo tajnim glasanjem izme\u0111u dve i vi\u0161e predlo\u017eenih lista, a aklamacijom ukoliko je predlo\u017eena samo jedna izborna lista.<\/p>\n\n\n\n<div style=\"height:2rem\" aria-hidden=\"true\" class=\"wp-block-spacer\"><\/div>\n\n\n\n<p class=\"has-medium-font-size\">Skup\u0161tina se sastaje jednom godi\u0161nje u redovnom zasedanju, dok je u me\u0111uvremenu najvi\u0161i organ Glavni odbor Sindikata koji broji 35 \u010dlanova i \u010dine ga predsednici sindikalnih organizacija.<\/p>\n\n\n\n<div style=\"height:25px\" aria-hidden=\"true\" class=\"wp-block-spacer\"><\/div>\n\n\n\n<div style=\"height:2rem\" aria-hidden=\"true\" class=\"wp-block-spacer\"><\/div>\n\n\n\n<h2 class=\"wp-block-heading has-text-align-center\" style=\"margin-top:var(--wp--preset--spacing--small);margin-bottom:var(--wp--preset--spacing--small);font-style:normal;font-weight:600\">Rukovodstvo Sindikata PTT Srbije<\/h2>\n\n\n\n<div class=\"wp-block-columns has-background is-layout-flex wp-container-core-columns-is-layout-1 wp-block-columns-is-layout-flex\" style=\"border-width:1px;border-radius:5px;background-color:#d9d9d9\">\n<div class=\"wp-block-column is-layout-flow wp-block-column-is-layout-flow\">\n<h3 class=\"wp-block-heading has-text-align-center has-medium-font-size\" style=\"font-style:normal;font-weight:600\">Slavko Novakov<\/h3>\n\n\n\n<p class=\"has-text-align-center has-medium-font-size\">Predsednik <\/p>\n\n\n\n<figure class=\"wp-block-image aligncenter size-large is-resized has-custom-border is-style-default\"><img decoding=\"async\" src=\"https:\/\/www.sindikatptt.org.rs\/images\/slike\/SlavkoS.jpg\" alt=\"\" style=\"border-style:none;border-width:0px;border-radius:5px;width:200px\"\/><\/figure>\n<\/div>\n\n\n\n<div class=\"wp-block-column is-layout-flow wp-block-column-is-layout-flow\">\n<h3 class=\"wp-block-heading has-text-align-center has-medium-font-size\" style=\"font-style:normal;font-weight:600\">Bo\u0161ko \u017dera\u0111anin<\/h3>\n\n\n\n<p class=\"has-text-align-center has-medium-font-size\">Potpredsednik <\/p>\n\n\n\n<figure class=\"wp-block-image aligncenter size-large is-resized has-custom-border is-style-default\"><img decoding=\"async\" src=\"https:\/\/www.sindikatptt.org.rs\/images\/slike\/BoskoS.jpg\" alt=\"\" style=\"border-radius:5px;width:193px;height:auto\"\/><\/figure>\n<\/div>\n\n\n\n<div class=\"wp-block-column is-layout-flow wp-block-column-is-layout-flow\">\n<h3 class=\"wp-block-heading has-text-align-center has-medium-font-size\" style=\"font-style:normal;font-weight:600\">Goran Lazi\u0107<\/h3>\n\n\n\n<p class=\"has-text-align-center has-medium-font-size\">Sekretar<\/p>\n\n\n\n<figure class=\"wp-block-image aligncenter size-large is-resized has-custom-border is-style-default\"><img decoding=\"async\" src=\"https:\/\/www.sindikatptt.org.rs\/images\/slike\/LazicS.jpg\" alt=\"\" style=\"border-radius:5px;width:185px;height:auto\"\/><\/figure>\n<\/div>\n<\/div>\n\n\n\n<div style=\"height:5rem\" aria-hidden=\"true\" class=\"wp-block-spacer\"><\/div>\n","protected":false},"excerpt":{"rendered":"<p>U \u010dlanstvu Sindikata PTT Srbije se nalazi pribli\u017eno tre\u0107ina svih zaposlenih u JP \u201cPo\u0161ta Srbije\u201d, koji su organizovani u 35 sindikalnih organizacija. Najvi\u0161i organ Sindikata PTT Srbije je Skup\u0161tina koja ima promenljiv broj \u010dlanova u zavisnosti od broja sindikalnih organizacija i broja \u010dlanova u njima, \u0161to se konstatuje na po\u010detku zasedanja Skup\u0161tine. Skup\u0161tinu \u010dine predsednici &hellip; <\/p>\n<p class=\"link-more\"><a href=\"https:\/\/direkcije.rs\/?page_id=588\" class=\"more-link\">Read more<span class=\"screen-reader-text\"> &#8222;Sindikat PTT Srbije&#8220;<\/span><\/a><\/p>\n","protected":false},"author":1,"featured_media":0,"parent":0,"menu_order":0,"comment_status":"closed","ping_status":"closed","template":"","meta":{"_sitemap_exclude":false,"_sitemap_priority":"","_sitemap_frequency":"","_themeisle_gutenberg_block_has_review":false,"footnotes":""},"class_list":["post-588","page","type-page","status-publish","hentry"],"yoast_head":"<!-- This site is optimized with the Yoast SEO plugin v24.7 - https:\/\/yoast.com\/wordpress\/plugins\/seo\/ -->\n<title>Sindikat PTT Srbije - Sindikalna organizacija DIREKCIJE<\/title>\n<meta name=\"robots\" content=\"index, follow, max-snippet:-1, max-image-preview:large, max-video-preview:-1\" \/>\n<link rel=\"canonical\" href=\"https:\/\/direkcije.rs\/?page_id=588\" \/>\n<meta property=\"og:locale\" content=\"sr_RS\" \/>\n<meta property=\"og:type\" content=\"article\" \/>\n<meta property=\"og:title\" content=\"Sindikat PTT Srbije - Sindikalna organizacija DIREKCIJE\" \/>\n<meta property=\"og:description\" content=\"U \u010dlanstvu Sindikata PTT Srbije se nalazi pribli\u017eno tre\u0107ina svih zaposlenih u JP \u201cPo\u0161ta Srbije\u201d, koji su organizovani u 35 sindikalnih organizacija. Najvi\u0161i organ Sindikata PTT Srbije je Skup\u0161tina koja ima promenljiv broj \u010dlanova u zavisnosti od broja sindikalnih organizacija i broja \u010dlanova u njima, \u0161to se konstatuje na po\u010detku zasedanja Skup\u0161tine. Skup\u0161tinu \u010dine predsednici &hellip; Read more &quot;Sindikat PTT Srbije&quot;\" \/>\n<meta property=\"og:url\" content=\"https:\/\/direkcije.rs\/?page_id=588\" \/>\n<meta property=\"og:site_name\" content=\"Sindikalna organizacija DIREKCIJE\" \/>\n<meta property=\"article:publisher\" content=\"https:\/\/www.facebook.com\/profile.php?id=61556769311237\" \/>\n<meta property=\"article:modified_time\" content=\"2024-03-01T13:33:20+00:00\" \/>\n<meta property=\"og:image\" content=\"https:\/\/direkcije.rs\/wp-content\/uploads\/2024\/02\/Skupstina_20221013.jpg\" \/>\n<meta name=\"twitter:card\" content=\"summary_large_image\" \/>\n<meta name=\"twitter:label1\" content=\"\u041f\u0440\u043e\u0446\u0435\u045a\u0435\u043d\u043e \u0432\u0440\u0435\u043c\u0435 \u0447\u0438\u0442\u0430\u045a\u0430\" \/>\n\t<meta name=\"twitter:data1\" content=\"1 \u043c\u0438\u043d\u0443\u0442\" \/>\n<script type=\"application\/ld+json\" class=\"yoast-schema-graph\">{\"@context\":\"https:\/\/schema.org\",\"@graph\":[{\"@type\":\"WebPage\",\"@id\":\"https:\/\/direkcije.rs\/?page_id=588\",\"url\":\"https:\/\/direkcije.rs\/?page_id=588\",\"name\":\"Sindikat PTT Srbije - Sindikalna organizacija DIREKCIJE\",\"isPartOf\":{\"@id\":\"https:\/\/direkcije.rs\/#website\"},\"primaryImageOfPage\":{\"@id\":\"https:\/\/direkcije.rs\/?page_id=588#primaryimage\"},\"image\":{\"@id\":\"https:\/\/direkcije.rs\/?page_id=588#primaryimage\"},\"thumbnailUrl\":\"https:\/\/direkcije.rs\/wp-content\/uploads\/2024\/02\/Skupstina_20221013.jpg\",\"datePublished\":\"2024-02-06T11:06:35+00:00\",\"dateModified\":\"2024-03-01T13:33:20+00:00\",\"breadcrumb\":{\"@id\":\"https:\/\/direkcije.rs\/?page_id=588#breadcrumb\"},\"inLanguage\":\"sr-RS\",\"potentialAction\":[{\"@type\":\"ReadAction\",\"target\":[\"https:\/\/direkcije.rs\/?page_id=588\"]}]},{\"@type\":\"ImageObject\",\"inLanguage\":\"sr-RS\",\"@id\":\"https:\/\/direkcije.rs\/?page_id=588#primaryimage\",\"url\":\"https:\/\/direkcije.rs\/wp-content\/uploads\/2024\/02\/Skupstina_20221013.jpg\",\"contentUrl\":\"https:\/\/direkcije.rs\/wp-content\/uploads\/2024\/02\/Skupstina_20221013.jpg\",\"width\":1600,\"height\":555},{\"@type\":\"BreadcrumbList\",\"@id\":\"https:\/\/direkcije.rs\/?page_id=588#breadcrumb\",\"itemListElement\":[{\"@type\":\"ListItem\",\"position\":1,\"name\":\"Home\",\"item\":\"https:\/\/direkcije.rs\/\"},{\"@type\":\"ListItem\",\"position\":2,\"name\":\"Sindikat PTT Srbije\"}]},{\"@type\":\"WebSite\",\"@id\":\"https:\/\/direkcije.rs\/#website\",\"url\":\"https:\/\/direkcije.rs\/\",\"name\":\"Sindikalna organizacija DIREKCIJE\",\"description\":\"deo Sindikata PTTa\",\"publisher\":{\"@id\":\"https:\/\/direkcije.rs\/#organization\"},\"alternateName\":\"Direkcije\",\"potentialAction\":[{\"@type\":\"SearchAction\",\"target\":{\"@type\":\"EntryPoint\",\"urlTemplate\":\"https:\/\/direkcije.rs\/?s={search_term_string}\"},\"query-input\":{\"@type\":\"PropertyValueSpecification\",\"valueRequired\":true,\"valueName\":\"search_term_string\"}}],\"inLanguage\":\"sr-RS\"},{\"@type\":\"Organization\",\"@id\":\"https:\/\/direkcije.rs\/#organization\",\"name\":\"Sindikalna organizacija DIREKCIJE\",\"alternateName\":\"Direkcije\",\"url\":\"https:\/\/direkcije.rs\/\",\"logo\":{\"@type\":\"ImageObject\",\"inLanguage\":\"sr-RS\",\"@id\":\"https:\/\/direkcije.rs\/#\/schema\/logo\/image\/\",\"url\":\"https:\/\/direkcije.rs\/wp-content\/uploads\/2024\/02\/Copy-of-Sindikat-logo.jpg\",\"contentUrl\":\"https:\/\/direkcije.rs\/wp-content\/uploads\/2024\/02\/Copy-of-Sindikat-logo.jpg\",\"width\":238,\"height\":238,\"caption\":\"Sindikalna organizacija DIREKCIJE\"},\"image\":{\"@id\":\"https:\/\/direkcije.rs\/#\/schema\/logo\/image\/\"},\"sameAs\":[\"https:\/\/www.facebook.com\/profile.php?id=61556769311237\"]}]}<\/script>\n<!-- \/ Yoast SEO plugin. -->","yoast_head_json":{"title":"Sindikat PTT Srbije - Sindikalna organizacija DIREKCIJE","robots":{"index":"index","follow":"follow","max-snippet":"max-snippet:-1","max-image-preview":"max-image-preview:large","max-video-preview":"max-video-preview:-1"},"canonical":"https:\/\/direkcije.rs\/?page_id=588","og_locale":"sr_RS","og_type":"article","og_title":"Sindikat PTT Srbije - Sindikalna organizacija DIREKCIJE","og_description":"U \u010dlanstvu Sindikata PTT Srbije se nalazi pribli\u017eno tre\u0107ina svih zaposlenih u JP \u201cPo\u0161ta Srbije\u201d, koji su organizovani u 35 sindikalnih organizacija. Najvi\u0161i organ Sindikata PTT Srbije je Skup\u0161tina koja ima promenljiv broj \u010dlanova u zavisnosti od broja sindikalnih organizacija i broja \u010dlanova u njima, \u0161to se konstatuje na po\u010detku zasedanja Skup\u0161tine. Skup\u0161tinu \u010dine predsednici &hellip; Read more \"Sindikat PTT Srbije\"","og_url":"https:\/\/direkcije.rs\/?page_id=588","og_site_name":"Sindikalna organizacija DIREKCIJE","article_publisher":"https:\/\/www.facebook.com\/profile.php?id=61556769311237","article_modified_time":"2024-03-01T13:33:20+00:00","og_image":[{"url":"https:\/\/direkcije.rs\/wp-content\/uploads\/2024\/02\/Skupstina_20221013.jpg","type":"","width":"","height":""}],"twitter_card":"summary_large_image","twitter_misc":{"\u041f\u0440\u043e\u0446\u0435\u045a\u0435\u043d\u043e \u0432\u0440\u0435\u043c\u0435 \u0447\u0438\u0442\u0430\u045a\u0430":"1 \u043c\u0438\u043d\u0443\u0442"},"schema":{"@context":"https:\/\/schema.org","@graph":[{"@type":"WebPage","@id":"https:\/\/direkcije.rs\/?page_id=588","url":"https:\/\/direkcije.rs\/?page_id=588","name":"Sindikat PTT Srbije - Sindikalna organizacija DIREKCIJE","isPartOf":{"@id":"https:\/\/direkcije.rs\/#website"},"primaryImageOfPage":{"@id":"https:\/\/direkcije.rs\/?page_id=588#primaryimage"},"image":{"@id":"https:\/\/direkcije.rs\/?page_id=588#primaryimage"},"thumbnailUrl":"https:\/\/direkcije.rs\/wp-content\/uploads\/2024\/02\/Skupstina_20221013.jpg","datePublished":"2024-02-06T11:06:35+00:00","dateModified":"2024-03-01T13:33:20+00:00","breadcrumb":{"@id":"https:\/\/direkcije.rs\/?page_id=588#breadcrumb"},"inLanguage":"sr-RS","potentialAction":[{"@type":"ReadAction","target":["https:\/\/direkcije.rs\/?page_id=588"]}]},{"@type":"ImageObject","inLanguage":"sr-RS","@id":"https:\/\/direkcije.rs\/?page_id=588#primaryimage","url":"https:\/\/direkcije.rs\/wp-content\/uploads\/2024\/02\/Skupstina_20221013.jpg","contentUrl":"https:\/\/direkcije.rs\/wp-content\/uploads\/2024\/02\/Skupstina_20221013.jpg","width":1600,"height":555},{"@type":"BreadcrumbList","@id":"https:\/\/direkcije.rs\/?page_id=588#breadcrumb","itemListElement":[{"@type":"ListItem","position":1,"name":"Home","item":"https:\/\/direkcije.rs\/"},{"@type":"ListItem","position":2,"name":"Sindikat PTT Srbije"}]},{"@type":"WebSite","@id":"https:\/\/direkcije.rs\/#website","url":"https:\/\/direkcije.rs\/","name":"Sindikalna organizacija DIREKCIJE","description":"deo Sindikata PTTa","publisher":{"@id":"https:\/\/direkcije.rs\/#organization"},"alternateName":"Direkcije","potentialAction":[{"@type":"SearchAction","target":{"@type":"EntryPoint","urlTemplate":"https:\/\/direkcije.rs\/?s={search_term_string}"},"query-input":{"@type":"PropertyValueSpecification","valueRequired":true,"valueName":"search_term_string"}}],"inLanguage":"sr-RS"},{"@type":"Organization","@id":"https:\/\/direkcije.rs\/#organization","name":"Sindikalna organizacija DIREKCIJE","alternateName":"Direkcije","url":"https:\/\/direkcije.rs\/","logo":{"@type":"ImageObject","inLanguage":"sr-RS","@id":"https:\/\/direkcije.rs\/#\/schema\/logo\/image\/","url":"https:\/\/direkcije.rs\/wp-content\/uploads\/2024\/02\/Copy-of-Sindikat-logo.jpg","contentUrl":"https:\/\/direkcije.rs\/wp-content\/uploads\/2024\/02\/Copy-of-Sindikat-logo.jpg","width":238,"height":238,"caption":"Sindikalna organizacija DIREKCIJE"},"image":{"@id":"https:\/\/direkcije.rs\/#\/schema\/logo\/image\/"},"sameAs":["https:\/\/www.facebook.com\/profile.php?id=61556769311237"]}]}},"_links":{"self":[{"href":"https:\/\/direkcije.rs\/index.php?rest_route=\/wp\/v2\/pages\/588","targetHints":{"allow":["GET"]}}],"collection":[{"href":"https:\/\/direkcije.rs\/index.php?rest_route=\/wp\/v2\/pages"}],"about":[{"href":"https:\/\/direkcije.rs\/index.php?rest_route=\/wp\/v2\/types\/page"}],"author":[{"embeddable":true,"href":"https:\/\/direkcije.rs\/index.php?rest_route=\/wp\/v2\/users\/1"}],"replies":[{"embeddable":true,"href":"https:\/\/direkcije.rs\/index.php?rest_route=%2Fwp%2Fv2%2Fcomments&post=588"}],"version-history":[{"count":0,"href":"https:\/\/direkcije.rs\/index.php?rest_route=\/wp\/v2\/pages\/588\/revisions"}],"wp:attachment":[{"href":"https:\/\/direkcije.rs\/index.php?rest_route=%2Fwp%2Fv2%2Fmedia&parent=588"}],"curies":[{"name":"wp","href":"https:\/\/api.w.org\/{rel}","templated":true}]}}