{"id":836,"date":"2024-02-13T14:56:17","date_gmt":"2024-02-13T13:56:17","guid":{"rendered":"https:\/\/direkcije.rs\/?page_id=836"},"modified":"2024-03-27T13:01:34","modified_gmt":"2024-03-27T12:01:34","slug":"kasa-uzajamne-pomoci","status":"publish","type":"page","link":"https:\/\/direkcije.rs\/?page_id=836","title":{"rendered":"Kasa uzajamne pomo\u0107i"},"content":{"rendered":"\n<figure class=\"wp-block-image size-large has-custom-border\" id=\"wp-block-themeisle-blocks-image-ba86b57d\"><img loading=\"lazy\" decoding=\"async\" width=\"1600\" height=\"840\" src=\"https:\/\/direkcije.rs\/wp-content\/uploads\/2024\/02\/ceramic-money-lighting-toy-piglet-figurine-800858-pxhere.com_-1600x840.jpg\" alt=\"\" class=\"wp-image-1046\" style=\"border-width:1px;border-radius:10px\" srcset=\"https:\/\/direkcije.rs\/wp-content\/uploads\/2024\/02\/ceramic-money-lighting-toy-piglet-figurine-800858-pxhere.com_-1600x840.jpg 1600w, https:\/\/direkcije.rs\/wp-content\/uploads\/2024\/02\/ceramic-money-lighting-toy-piglet-figurine-800858-pxhere.com_-300x157.jpg 300w, https:\/\/direkcije.rs\/wp-content\/uploads\/2024\/02\/ceramic-money-lighting-toy-piglet-figurine-800858-pxhere.com_-200x105.jpg 200w, https:\/\/direkcije.rs\/wp-content\/uploads\/2024\/02\/ceramic-money-lighting-toy-piglet-figurine-800858-pxhere.com_-18x9.jpg 18w, https:\/\/direkcije.rs\/wp-content\/uploads\/2024\/02\/ceramic-money-lighting-toy-piglet-figurine-800858-pxhere.com_.jpg 1620w\" sizes=\"auto, (max-width: 1600px) 100vw, 1600px\" \/><\/figure>\n\n\n\n<div style=\"height:3rem\" aria-hidden=\"true\" class=\"wp-block-spacer\"><\/div>\n\n\n\n<p class=\"has-medium-font-size\" style=\"margin-top:var(--wp--preset--spacing--x-small);margin-bottom:var(--wp--preset--spacing--x-small)\">Jedna od pogodnosti za \u010dlanove na\u0161eg Sindikata je kori\u0161\u0107enje <strong>Kase uzajamne pomo\u0107i<\/strong>, organozovane na principu solidarnosti, a koja predstavlja mogu\u0107nost raspolaganja odre\u0111enim nov\u010danim sredstvima prikupljenim od uloga \u010dlanova.<\/p>\n\n\n\n<p class=\"has-medium-font-size\" style=\"margin-top:var(--wp--preset--spacing--x-small);margin-bottom:var(--wp--preset--spacing--x-small)\">Rad Kase uzajamne pomo\u0107i je regulisan posebnim Pravilnikom, kojim se detaljno propisuje na\u010din kori\u0161\u0107enja sredstava KUPa.<\/p>\n\n\n\n<p class=\"has-medium-font-size\" style=\"margin-top:var(--wp--preset--spacing--x-small);margin-bottom:var(--wp--preset--spacing--x-small)\">Za razliku od Fonda solidarnosti i Sindikata radnika PTTa, <strong>\u010dlanstvo u SO Direkcije sa sobom ne povla\u010di automatsko \u010dlanstvo u Kasi<\/strong>. <\/p>\n\n\n\n<p class=\"has-medium-font-size\" style=\"margin-top:var(--wp--preset--spacing--x-small);margin-bottom:var(--wp--preset--spacing--x-small)\">\u010clan SO Direkcija, koji \u017eeli  da postane \u010dlan Kase Uzajamne pomo\u0107i prvo popunjava <strong>Upisnicu<\/strong>. Nakon toga po\u010dinje da upla\u0107uje pozajmicu u Kasu.<\/p>\n\n\n\n<p class=\"has-medium-font-size\" style=\"margin-top:var(--wp--preset--spacing--x-small);margin-bottom:var(--wp--preset--spacing--x-small)\">Dokument kojim se obra\u0107a Kasi sa zahtevom za pozajmicu se zove <strong>Molba za zajam<\/strong>.<\/p>\n\n\n\n<p class=\"has-medium-font-size\" style=\"margin-top:var(--wp--preset--spacing--x-small);margin-bottom:var(--wp--preset--spacing--x-small)\">Korisnik Kase, prilikom u\u010dlanjenja, bira iznos koji \u017eeli da izdvaja u Kasu (visinu uloga). Taj iznos mu se svakog meseca odbija od drugog dela plate i upla\u0107uje u Kasu. Nakon 6 meseci mo\u017ee se dobiti prva pozajmica u visini trostrukog uloga. Primer: ako je upla\u0107uje mese\u010dni ulog od 1.000,00 din &#8211; nakon 6 meseci mo\u017ee se dobiti pozajmica u trostrukoj vrednosti upla\u0107enih sredstava,  \u0161to u konkretnom primeru zna\u010di 6 * 1.000,00 din = 18.000,00 din.<\/p>\n\n\n\n<p class=\"has-medium-font-size\" style=\"margin-top:var(--wp--preset--spacing--x-small);margin-bottom:var(--wp--preset--spacing--x-small)\">Korisnik bira broj rata u kojima \u0107e vratiti zajam, do makcimalnih 12. Pozajmica se vra\u0107a Kasi u vidu beskamatnog zajma.<br>Nakon \u0161to vrati zajam, korisnik sti\u010de pravo da zatra\u017ei novu pozajmicu.<\/p>\n\n\n\n<div class=\"wp-block-columns has-lightgrey-background-color has-background is-layout-flex wp-container-core-columns-is-layout-1 wp-block-columns-is-layout-flex\" style=\"border-width:1px;border-radius:5px;margin-top:var(--wp--preset--spacing--small);margin-bottom:var(--wp--preset--spacing--small);padding-top:var(--wp--preset--spacing--x-small);padding-right:var(--wp--preset--spacing--x-small);padding-bottom:var(--wp--preset--spacing--x-small);padding-left:var(--wp--preset--spacing--x-small)\">\n<div class=\"wp-block-column is-vertically-aligned-bottom is-layout-flow wp-block-column-is-layout-flow\" style=\"flex-basis:66.66%\">\n<p class=\"has-link-color has-medium-font-size wp-elements-c217acd01cdd90f9e4f6bb7dce412de4\">Za vi\u0161e informacija vezanih za rad Kase, kako postati \u010dlan, kako dobiti pozajmicu i sli\u010dna pitanja, mo\u017eete se obratiti koleginici Dragani Kukobat <a href=\"mailto:%20dragana.kukobat@posta.rs\" target=\"_blank\" rel=\"noreferrer noopener\">dragana.kukobat@posta.rs<\/a>,\u00a0 tel 50427.<\/p>\n<\/div>\n\n\n\n<div class=\"wp-block-column is-layout-flow wp-block-column-is-layout-flow\" style=\"flex-basis:33.33%\">\n<figure class=\"wp-block-image aligncenter size-full has-custom-border\"><img loading=\"lazy\" decoding=\"async\" width=\"250\" height=\"250\" src=\"https:\/\/direkcije.rs\/wp-content\/uploads\/2024\/03\/Gaga.jpg\" alt=\"\" class=\"wp-image-1379\" style=\"border-style:none;border-width:0px;border-radius:10px\" srcset=\"https:\/\/direkcije.rs\/wp-content\/uploads\/2024\/03\/Gaga.jpg 250w, https:\/\/direkcije.rs\/wp-content\/uploads\/2024\/03\/Gaga-150x150.jpg 150w, https:\/\/direkcije.rs\/wp-content\/uploads\/2024\/03\/Gaga-200x200.jpg 200w, https:\/\/direkcije.rs\/wp-content\/uploads\/2024\/03\/Gaga-12x12.jpg 12w\" sizes=\"auto, (max-width: 250px) 100vw, 250px\" \/><\/figure>\n<\/div>\n<\/div>\n\n\n\n<div style=\"height:3rem\" aria-hidden=\"true\" class=\"wp-block-spacer\"><\/div>\n","protected":false},"excerpt":{"rendered":"<p>Jedna od pogodnosti za \u010dlanove na\u0161eg Sindikata je kori\u0161\u0107enje Kase uzajamne pomo\u0107i, organozovane na principu solidarnosti, a koja predstavlja mogu\u0107nost raspolaganja odre\u0111enim nov\u010danim sredstvima prikupljenim od uloga \u010dlanova. Rad Kase uzajamne pomo\u0107i je regulisan posebnim Pravilnikom, kojim se detaljno propisuje na\u010din kori\u0161\u0107enja sredstava KUPa. Za razliku od Fonda solidarnosti i Sindikata radnika PTTa, \u010dlanstvo u &hellip; <\/p>\n<p class=\"link-more\"><a href=\"https:\/\/direkcije.rs\/?page_id=836\" class=\"more-link\">Read more<span class=\"screen-reader-text\"> &#8222;Kasa uzajamne pomo\u0107i&#8220;<\/span><\/a><\/p>\n","protected":false},"author":1,"featured_media":0,"parent":0,"menu_order":0,"comment_status":"closed","ping_status":"closed","template":"","meta":{"_sitemap_exclude":false,"_sitemap_priority":"","_sitemap_frequency":"","_themeisle_gutenberg_block_has_review":false,"footnotes":""},"class_list":["post-836","page","type-page","status-publish","hentry"],"yoast_head":"<!-- This site is optimized with the Yoast SEO plugin v24.7 - https:\/\/yoast.com\/wordpress\/plugins\/seo\/ -->\n<title>Kasa uzajamne pomo\u0107i - Sindikalna organizacija DIREKCIJE<\/title>\n<meta name=\"robots\" content=\"index, follow, max-snippet:-1, max-image-preview:large, max-video-preview:-1\" \/>\n<link rel=\"canonical\" href=\"https:\/\/direkcije.rs\/?page_id=836\" \/>\n<meta property=\"og:locale\" content=\"sr_RS\" \/>\n<meta property=\"og:type\" content=\"article\" \/>\n<meta property=\"og:title\" content=\"Kasa uzajamne pomo\u0107i - Sindikalna organizacija DIREKCIJE\" \/>\n<meta property=\"og:description\" content=\"Jedna od pogodnosti za \u010dlanove na\u0161eg Sindikata je kori\u0161\u0107enje Kase uzajamne pomo\u0107i, organozovane na principu solidarnosti, a koja predstavlja mogu\u0107nost raspolaganja odre\u0111enim nov\u010danim sredstvima prikupljenim od uloga \u010dlanova. Rad Kase uzajamne pomo\u0107i je regulisan posebnim Pravilnikom, kojim se detaljno propisuje na\u010din kori\u0161\u0107enja sredstava KUPa. Za razliku od Fonda solidarnosti i Sindikata radnika PTTa, \u010dlanstvo u &hellip; Read more &quot;Kasa uzajamne pomo\u0107i&quot;\" \/>\n<meta property=\"og:url\" content=\"https:\/\/direkcije.rs\/?page_id=836\" \/>\n<meta property=\"og:site_name\" content=\"Sindikalna organizacija DIREKCIJE\" \/>\n<meta property=\"article:publisher\" content=\"https:\/\/www.facebook.com\/profile.php?id=61556769311237\" \/>\n<meta property=\"article:modified_time\" content=\"2024-03-27T12:01:34+00:00\" \/>\n<meta property=\"og:image\" content=\"https:\/\/direkcije.rs\/wp-content\/uploads\/2024\/02\/ceramic-money-lighting-toy-piglet-figurine-800858-pxhere.com_-1600x840.jpg\" \/>\n<meta name=\"twitter:card\" content=\"summary_large_image\" \/>\n<meta name=\"twitter:label1\" content=\"\u041f\u0440\u043e\u0446\u0435\u045a\u0435\u043d\u043e \u0432\u0440\u0435\u043c\u0435 \u0447\u0438\u0442\u0430\u045a\u0430\" \/>\n\t<meta name=\"twitter:data1\" content=\"2 \u043c\u0438\u043d\u0443\u0442\u0430\" \/>\n<script type=\"application\/ld+json\" class=\"yoast-schema-graph\">{\"@context\":\"https:\/\/schema.org\",\"@graph\":[{\"@type\":\"WebPage\",\"@id\":\"https:\/\/direkcije.rs\/?page_id=836\",\"url\":\"https:\/\/direkcije.rs\/?page_id=836\",\"name\":\"Kasa uzajamne pomo\u0107i - Sindikalna organizacija DIREKCIJE\",\"isPartOf\":{\"@id\":\"https:\/\/direkcije.rs\/#website\"},\"primaryImageOfPage\":{\"@id\":\"https:\/\/direkcije.rs\/?page_id=836#primaryimage\"},\"image\":{\"@id\":\"https:\/\/direkcije.rs\/?page_id=836#primaryimage\"},\"thumbnailUrl\":\"https:\/\/direkcije.rs\/wp-content\/uploads\/2024\/02\/ceramic-money-lighting-toy-piglet-figurine-800858-pxhere.com_-1600x840.jpg\",\"datePublished\":\"2024-02-13T13:56:17+00:00\",\"dateModified\":\"2024-03-27T12:01:34+00:00\",\"breadcrumb\":{\"@id\":\"https:\/\/direkcije.rs\/?page_id=836#breadcrumb\"},\"inLanguage\":\"sr-RS\",\"potentialAction\":[{\"@type\":\"ReadAction\",\"target\":[\"https:\/\/direkcije.rs\/?page_id=836\"]}]},{\"@type\":\"ImageObject\",\"inLanguage\":\"sr-RS\",\"@id\":\"https:\/\/direkcije.rs\/?page_id=836#primaryimage\",\"url\":\"https:\/\/direkcije.rs\/wp-content\/uploads\/2024\/02\/ceramic-money-lighting-toy-piglet-figurine-800858-pxhere.com_.jpg\",\"contentUrl\":\"https:\/\/direkcije.rs\/wp-content\/uploads\/2024\/02\/ceramic-money-lighting-toy-piglet-figurine-800858-pxhere.com_.jpg\",\"width\":1620,\"height\":850},{\"@type\":\"BreadcrumbList\",\"@id\":\"https:\/\/direkcije.rs\/?page_id=836#breadcrumb\",\"itemListElement\":[{\"@type\":\"ListItem\",\"position\":1,\"name\":\"Home\",\"item\":\"https:\/\/direkcije.rs\/\"},{\"@type\":\"ListItem\",\"position\":2,\"name\":\"Kasa uzajamne pomo\u0107i\"}]},{\"@type\":\"WebSite\",\"@id\":\"https:\/\/direkcije.rs\/#website\",\"url\":\"https:\/\/direkcije.rs\/\",\"name\":\"Sindikalna organizacija DIREKCIJE\",\"description\":\"deo Sindikata PTTa\",\"publisher\":{\"@id\":\"https:\/\/direkcije.rs\/#organization\"},\"alternateName\":\"Direkcije\",\"potentialAction\":[{\"@type\":\"SearchAction\",\"target\":{\"@type\":\"EntryPoint\",\"urlTemplate\":\"https:\/\/direkcije.rs\/?s={search_term_string}\"},\"query-input\":{\"@type\":\"PropertyValueSpecification\",\"valueRequired\":true,\"valueName\":\"search_term_string\"}}],\"inLanguage\":\"sr-RS\"},{\"@type\":\"Organization\",\"@id\":\"https:\/\/direkcije.rs\/#organization\",\"name\":\"Sindikalna organizacija DIREKCIJE\",\"alternateName\":\"Direkcije\",\"url\":\"https:\/\/direkcije.rs\/\",\"logo\":{\"@type\":\"ImageObject\",\"inLanguage\":\"sr-RS\",\"@id\":\"https:\/\/direkcije.rs\/#\/schema\/logo\/image\/\",\"url\":\"https:\/\/direkcije.rs\/wp-content\/uploads\/2024\/02\/Copy-of-Sindikat-logo.jpg\",\"contentUrl\":\"https:\/\/direkcije.rs\/wp-content\/uploads\/2024\/02\/Copy-of-Sindikat-logo.jpg\",\"width\":238,\"height\":238,\"caption\":\"Sindikalna organizacija DIREKCIJE\"},\"image\":{\"@id\":\"https:\/\/direkcije.rs\/#\/schema\/logo\/image\/\"},\"sameAs\":[\"https:\/\/www.facebook.com\/profile.php?id=61556769311237\"]}]}<\/script>\n<!-- \/ Yoast SEO plugin. -->","yoast_head_json":{"title":"Kasa uzajamne pomo\u0107i - Sindikalna organizacija DIREKCIJE","robots":{"index":"index","follow":"follow","max-snippet":"max-snippet:-1","max-image-preview":"max-image-preview:large","max-video-preview":"max-video-preview:-1"},"canonical":"https:\/\/direkcije.rs\/?page_id=836","og_locale":"sr_RS","og_type":"article","og_title":"Kasa uzajamne pomo\u0107i - Sindikalna organizacija DIREKCIJE","og_description":"Jedna od pogodnosti za \u010dlanove na\u0161eg Sindikata je kori\u0161\u0107enje Kase uzajamne pomo\u0107i, organozovane na principu solidarnosti, a koja predstavlja mogu\u0107nost raspolaganja odre\u0111enim nov\u010danim sredstvima prikupljenim od uloga \u010dlanova. Rad Kase uzajamne pomo\u0107i je regulisan posebnim Pravilnikom, kojim se detaljno propisuje na\u010din kori\u0161\u0107enja sredstava KUPa. Za razliku od Fonda solidarnosti i Sindikata radnika PTTa, \u010dlanstvo u &hellip; Read more \"Kasa uzajamne pomo\u0107i\"","og_url":"https:\/\/direkcije.rs\/?page_id=836","og_site_name":"Sindikalna organizacija DIREKCIJE","article_publisher":"https:\/\/www.facebook.com\/profile.php?id=61556769311237","article_modified_time":"2024-03-27T12:01:34+00:00","og_image":[{"url":"https:\/\/direkcije.rs\/wp-content\/uploads\/2024\/02\/ceramic-money-lighting-toy-piglet-figurine-800858-pxhere.com_-1600x840.jpg","type":"","width":"","height":""}],"twitter_card":"summary_large_image","twitter_misc":{"\u041f\u0440\u043e\u0446\u0435\u045a\u0435\u043d\u043e \u0432\u0440\u0435\u043c\u0435 \u0447\u0438\u0442\u0430\u045a\u0430":"2 \u043c\u0438\u043d\u0443\u0442\u0430"},"schema":{"@context":"https:\/\/schema.org","@graph":[{"@type":"WebPage","@id":"https:\/\/direkcije.rs\/?page_id=836","url":"https:\/\/direkcije.rs\/?page_id=836","name":"Kasa uzajamne pomo\u0107i - Sindikalna organizacija DIREKCIJE","isPartOf":{"@id":"https:\/\/direkcije.rs\/#website"},"primaryImageOfPage":{"@id":"https:\/\/direkcije.rs\/?page_id=836#primaryimage"},"image":{"@id":"https:\/\/direkcije.rs\/?page_id=836#primaryimage"},"thumbnailUrl":"https:\/\/direkcije.rs\/wp-content\/uploads\/2024\/02\/ceramic-money-lighting-toy-piglet-figurine-800858-pxhere.com_-1600x840.jpg","datePublished":"2024-02-13T13:56:17+00:00","dateModified":"2024-03-27T12:01:34+00:00","breadcrumb":{"@id":"https:\/\/direkcije.rs\/?page_id=836#breadcrumb"},"inLanguage":"sr-RS","potentialAction":[{"@type":"ReadAction","target":["https:\/\/direkcije.rs\/?page_id=836"]}]},{"@type":"ImageObject","inLanguage":"sr-RS","@id":"https:\/\/direkcije.rs\/?page_id=836#primaryimage","url":"https:\/\/direkcije.rs\/wp-content\/uploads\/2024\/02\/ceramic-money-lighting-toy-piglet-figurine-800858-pxhere.com_.jpg","contentUrl":"https:\/\/direkcije.rs\/wp-content\/uploads\/2024\/02\/ceramic-money-lighting-toy-piglet-figurine-800858-pxhere.com_.jpg","width":1620,"height":850},{"@type":"BreadcrumbList","@id":"https:\/\/direkcije.rs\/?page_id=836#breadcrumb","itemListElement":[{"@type":"ListItem","position":1,"name":"Home","item":"https:\/\/direkcije.rs\/"},{"@type":"ListItem","position":2,"name":"Kasa uzajamne pomo\u0107i"}]},{"@type":"WebSite","@id":"https:\/\/direkcije.rs\/#website","url":"https:\/\/direkcije.rs\/","name":"Sindikalna organizacija DIREKCIJE","description":"deo Sindikata PTTa","publisher":{"@id":"https:\/\/direkcije.rs\/#organization"},"alternateName":"Direkcije","potentialAction":[{"@type":"SearchAction","target":{"@type":"EntryPoint","urlTemplate":"https:\/\/direkcije.rs\/?s={search_term_string}"},"query-input":{"@type":"PropertyValueSpecification","valueRequired":true,"valueName":"search_term_string"}}],"inLanguage":"sr-RS"},{"@type":"Organization","@id":"https:\/\/direkcije.rs\/#organization","name":"Sindikalna organizacija DIREKCIJE","alternateName":"Direkcije","url":"https:\/\/direkcije.rs\/","logo":{"@type":"ImageObject","inLanguage":"sr-RS","@id":"https:\/\/direkcije.rs\/#\/schema\/logo\/image\/","url":"https:\/\/direkcije.rs\/wp-content\/uploads\/2024\/02\/Copy-of-Sindikat-logo.jpg","contentUrl":"https:\/\/direkcije.rs\/wp-content\/uploads\/2024\/02\/Copy-of-Sindikat-logo.jpg","width":238,"height":238,"caption":"Sindikalna organizacija DIREKCIJE"},"image":{"@id":"https:\/\/direkcije.rs\/#\/schema\/logo\/image\/"},"sameAs":["https:\/\/www.facebook.com\/profile.php?id=61556769311237"]}]}},"_links":{"self":[{"href":"https:\/\/direkcije.rs\/index.php?rest_route=\/wp\/v2\/pages\/836","targetHints":{"allow":["GET"]}}],"collection":[{"href":"https:\/\/direkcije.rs\/index.php?rest_route=\/wp\/v2\/pages"}],"about":[{"href":"https:\/\/direkcije.rs\/index.php?rest_route=\/wp\/v2\/types\/page"}],"author":[{"embeddable":true,"href":"https:\/\/direkcije.rs\/index.php?rest_route=\/wp\/v2\/users\/1"}],"replies":[{"embeddable":true,"href":"https:\/\/direkcije.rs\/index.php?rest_route=%2Fwp%2Fv2%2Fcomments&post=836"}],"version-history":[{"count":1,"href":"https:\/\/direkcije.rs\/index.php?rest_route=\/wp\/v2\/pages\/836\/revisions"}],"predecessor-version":[{"id":1577,"href":"https:\/\/direkcije.rs\/index.php?rest_route=\/wp\/v2\/pages\/836\/revisions\/1577"}],"wp:attachment":[{"href":"https:\/\/direkcije.rs\/index.php?rest_route=%2Fwp%2Fv2%2Fmedia&parent=836"}],"curies":[{"name":"wp","href":"https:\/\/api.w.org\/{rel}","templated":true}]}}