{"id":840,"date":"2024-02-13T14:56:51","date_gmt":"2024-02-13T13:56:51","guid":{"rendered":"https:\/\/direkcije.rs\/?page_id=840"},"modified":"2025-01-31T11:13:37","modified_gmt":"2025-01-31T10:13:37","slug":"dokumenta","status":"publish","type":"page","link":"https:\/\/direkcije.rs\/?page_id=840","title":{"rendered":"Dokumenta"},"content":{"rendered":"\n<div style=\"height:2rem\" aria-hidden=\"true\" class=\"wp-block-spacer\"><\/div>\n\n\n\n<figure data-wp-context=\"{&quot;imageId&quot;:&quot;69f6d10b1aeba&quot;}\" data-wp-interactive=\"core\/image\" class=\"wp-block-image size-large has-custom-border wp-lightbox-container\" id=\"wp-block-themeisle-blocks-image-5f2d8eea\"><img loading=\"lazy\" decoding=\"async\" width=\"1600\" height=\"741\" data-wp-class--hide=\"state.isContentHidden\" data-wp-class--show=\"state.isContentVisible\" data-wp-init=\"callbacks.setButtonStyles\" data-wp-on-async--click=\"actions.showLightbox\" data-wp-on-async--load=\"callbacks.setButtonStyles\" data-wp-on-async-window--resize=\"callbacks.setButtonStyles\" src=\"https:\/\/direkcije.rs\/wp-content\/uploads\/2024\/02\/wood-office-musical-instrument-start-product-document-1161230-pxhere.com_-1600x741.jpg\" alt=\"\" class=\"wp-image-1097\" style=\"border-radius:5px\" srcset=\"https:\/\/direkcije.rs\/wp-content\/uploads\/2024\/02\/wood-office-musical-instrument-start-product-document-1161230-pxhere.com_-1600x741.jpg 1600w, https:\/\/direkcije.rs\/wp-content\/uploads\/2024\/02\/wood-office-musical-instrument-start-product-document-1161230-pxhere.com_-300x139.jpg 300w, https:\/\/direkcije.rs\/wp-content\/uploads\/2024\/02\/wood-office-musical-instrument-start-product-document-1161230-pxhere.com_-200x93.jpg 200w, https:\/\/direkcije.rs\/wp-content\/uploads\/2024\/02\/wood-office-musical-instrument-start-product-document-1161230-pxhere.com_-18x8.jpg 18w, https:\/\/direkcije.rs\/wp-content\/uploads\/2024\/02\/wood-office-musical-instrument-start-product-document-1161230-pxhere.com_.jpg 1620w\" sizes=\"auto, (max-width: 1600px) 100vw, 1600px\" \/><button\n\t\t\tclass=\"lightbox-trigger\"\n\t\t\ttype=\"button\"\n\t\t\taria-haspopup=\"dialog\"\n\t\t\taria-label=\"\u0423\u0432\u0435\u045b\u0430\u0458 \u0441\u043b\u0438\u043a\u0443\"\n\t\t\tdata-wp-init=\"callbacks.initTriggerButton\"\n\t\t\tdata-wp-on-async--click=\"actions.showLightbox\"\n\t\t\tdata-wp-style--right=\"state.imageButtonRight\"\n\t\t\tdata-wp-style--top=\"state.imageButtonTop\"\n\t\t>\n\t\t\t<svg xmlns=\"http:\/\/www.w3.org\/2000\/svg\" width=\"12\" height=\"12\" fill=\"none\" viewBox=\"0 0 12 12\">\n\t\t\t\t<path fill=\"#fff\" d=\"M2 0a2 2 0 0 0-2 2v2h1.5V2a.5.5 0 0 1 .5-.5h2V0H2Zm2 10.5H2a.5.5 0 0 1-.5-.5V8H0v2a2 2 0 0 0 2 2h2v-1.5ZM8 12v-1.5h2a.5.5 0 0 0 .5-.5V8H12v2a2 2 0 0 1-2 2H8Zm2-12a2 2 0 0 1 2 2v2h-1.5V2a.5.5 0 0 0-.5-.5H8V0h2Z\" \/>\n\t\t\t<\/svg>\n\t\t<\/button><\/figure>\n\n\n\n<div style=\"height:2rem\" aria-hidden=\"true\" class=\"wp-block-spacer\"><\/div>\n\n\n\n<p class=\"has-medium-font-size\" style=\"margin-top:var(--wp--preset--spacing--x-small);margin-bottom:var(--wp--preset--spacing--x-small)\">Ovde mo\u017eete preuzeti dokumenta vezana za rad sindikalne organizacije Direkcije, Sindikata radnika Po\u0161te Srbije ili propisa koje donosi samo preduze\u0107e, a koji su vezani za rad i status sindikata:<\/p>\n\n\n\n<h3 class=\"wp-block-heading\" style=\"margin-top:var(--wp--preset--spacing--x-small);margin-bottom:var(--wp--preset--spacing--x-small);font-size:clamp(14px, 0.875rem + ((1vw - 3.2px) * 0.531), 20px);\">Dokumenta vezana za izbore u SO Direkcije:<\/h3>\n\n\n\n<p class=\"has-text-color has-link-color has-medium-font-size wp-elements-3934ab045cd67364822ff52a923a23eb\" style=\"color:#136ebf\">&#8211;  <a href=\"https:\/\/direkcije.rs\/wp-content\/uploads\/2024\/02\/Izjava_o_prihvatanju_kandidature.pdf\" data-type=\"link\" data-id=\"https:\/\/direkcije.rs\/wp-content\/uploads\/2024\/02\/Izjava_o_prihvatanju_kandidature.pdf\" target=\"_blank\" rel=\"noreferrer noopener\">Izjava o prihvatanju kandidature<\/a><\/p>\n\n\n\n<p class=\"has-text-color has-link-color has-medium-font-size wp-elements-c423432652470996ce4ca665a972b0b4\" style=\"color:#136ebf\">&#8211; <a href=\"https:\/\/direkcije.rs\/wp-content\/uploads\/2024\/02\/Izborna_pravila_SO_Direkcije_2019-09-13.pdf\" data-type=\"link\" data-id=\"https:\/\/direkcije.rs\/wp-content\/uploads\/2024\/02\/Izborna_pravila_SO_Direkcije_2019-09-13.pdf\" target=\"_blank\" rel=\"noreferrer noopener\">Izborna pravila doneta na sastanku 2019_09_13<\/a><\/p>\n\n\n\n<h3 class=\"wp-block-heading\" style=\"margin-top:var(--wp--preset--spacing--x-small);margin-bottom:var(--wp--preset--spacing--x-small);font-size:clamp(14px, 0.875rem + ((1vw - 3.2px) * 0.531), 20px);\">Dokumenta \u010diji je donosilac sindikat:<\/h3>\n\n\n\n<p class=\"has-text-color has-link-color has-medium-font-size wp-elements-5c47a31fcda1fd2153e507efb04c53c9\" style=\"color:#136ebf\">&#8211; <a href=\"https:\/\/direkcije.rs\/wp-content\/uploads\/2024\/03\/2023-Statut_Sindikata.pdf\" target=\"_blank\" rel=\"noreferrer noopener\">Statut Sindikata PTT Srbije<\/a><\/p>\n\n\n\n<p class=\"has-text-color has-link-color has-medium-font-size wp-elements-c03d19eba5deede2ccb6074c983ff48f\" style=\"color:#136ebf\">&#8211; <a href=\"https:\/\/direkcije.rs\/wp-content\/uploads\/2024\/02\/2023-12-18-Pravilnik-Fond.pdf\" target=\"_blank\" rel=\"noreferrer noopener\">Pravilnik Fonda solidarnosti<\/a><\/p>\n\n\n\n<p class=\"has-text-color has-link-color has-medium-font-size wp-elements-20e4c82193c296aad867d629af099c43\" style=\"color:#136ebf\">&#8211; <a href=\"https:\/\/direkcije.rs\/wp-content\/uploads\/2024\/02\/2023-12-Uputstvo-Fond.pdf\" target=\"_blank\" rel=\"noreferrer noopener\">Uputstvo Fond Solidarnosti<\/a><\/p>\n\n\n\n<p class=\"has-text-color has-link-color has-medium-font-size wp-elements-9f539e4c609ae3d7d86831e6462552ac\" style=\"color:#136ebf\">&#8211; <a href=\"https:\/\/direkcije.rs\/wp-content\/uploads\/2024\/02\/2024-01-03-Zahtev-Fond.pdf\" target=\"_blank\" rel=\"noreferrer noopener\">Zahtev za dodelu pomo\u0107i iz Fonda Solidarnosti<\/a><\/p>\n\n\n\n<h3 class=\"wp-block-heading has-medium-font-size\" style=\"margin-top:var(--wp--preset--spacing--x-small);margin-bottom:var(--wp--preset--spacing--x-small)\">Dokumenta \u010diji je donosilac Po\u0161ta Srbije:<\/h3>\n\n\n\n<p class=\"has-text-color has-link-color has-medium-font-size wp-elements-7dc0522c7cd902647bfb1ed4f1adf928\" style=\"color:#136ebf\">&#8211; <a href=\"https:\/\/www.posta.rs\/DocumentViewer.aspx?IdDokument=403&amp;Dokument=kolektivni-ugovor-cir.pdf\" target=\"_blank\" rel=\"noreferrer noopener\">Kolektivni ugovor 2025<\/a><\/p>\n\n\n\n<h3 class=\"wp-block-heading has-medium-font-size\" style=\"margin-top:var(--wp--preset--spacing--x-small);margin-bottom:var(--wp--preset--spacing--x-small)\">Zakoni:<\/h3>\n\n\n\n<p class=\"has-text-color has-link-color has-medium-font-size wp-elements-887752f26d8a52c48cf89931a90e15cb\" style=\"color:#136ebf\">&#8211; <a href=\"https:\/\/direkcije.rs\/wp-content\/uploads\/2024\/02\/2014-Zakon-o-radu.pdf\" target=\"_blank\" rel=\"noreferrer noopener\">Zakon o radu<\/a><\/p>\n\n\n\n<p class=\"has-text-color has-link-color has-medium-font-size wp-elements-2208c475531f0a858fb88114638b3d88\" style=\"color:#136ebf\">&#8211; <a href=\"https:\/\/direkcije.rs\/wp-content\/uploads\/2024\/02\/2010-Zakon_sprecavanju_zlostavljanja_na_radu.pdf\" target=\"_blank\" rel=\"noreferrer noopener\">Zakon o spre\u010davanju zlostavljanja na radu<\/a><\/p>\n\n\n\n<p class=\"has-text-color has-link-color has-medium-font-size wp-elements-df52db397694836916d68ba4ee9c37b9\" style=\"color:#136ebf\">&#8211; <a href=\"https:\/\/direkcije.rs\/wp-content\/uploads\/2024\/02\/Zakon_o_bezbednosti_i_zdravlju_na_radu.pdf\" target=\"_blank\" rel=\"noreferrer noopener\">Zakon o bezbednosti i zdravlju na radu<\/a><\/p>\n\n\n\n<p class=\"has-text-color has-link-color has-medium-font-size wp-elements-0b9871c5b2d15be6a54dd6f5fb1f818e\" style=\"color:#136ebf\">&#8211; <a href=\"https:\/\/direkcije.rs\/wp-content\/uploads\/2024\/02\/2021-Zakon-o-zabrani-diskriminacije.pdf\" data-type=\"link\" data-id=\"https:\/\/direkcije.rs\/wp-content\/uploads\/2024\/02\/2021-Zakon-o-zabrani-diskriminacije.pdf\">Zakon o zabrani diskriminacije<\/a><\/p>\n\n\n\n<h3 class=\"wp-block-heading has-medium-font-size\" style=\"margin-top:var(--wp--preset--spacing--x-small);margin-bottom:var(--wp--preset--spacing--x-small)\">Druga dokumenta \u010diji je donosilac S.O. Direkcije:<\/h3>\n\n\n\n<p class=\"has-text-color has-link-color has-medium-font-size wp-elements-220c9870b9c1aef29b5079c3e27aa295\" style=\"color:#136ebf\">&#8211; <a href=\"https:\/\/direkcije.rs\/wp-content\/uploads\/2024\/02\/Inicijativa-za-organizovanje-izleta.pdf\" target=\"_blank\" rel=\"noreferrer noopener\">Inicijativa za organizovanje izleta<\/a><\/p>\n\n\n\n<p class=\"has-text-color has-link-color has-medium-font-size wp-elements-75a95a7324ba84d4cc709009eb0b56b3\" style=\"color:#136ebf\">&#8211; <a href=\"https:\/\/direkcije.rs\/wp-content\/uploads\/2024\/02\/Pravilnik-o-organizovanju-i-sprovodenju-izleta-Usvojena-verzija.pdf\" target=\"_blank\" rel=\"noreferrer noopener\">Pravilnik o organizovanju i sprovo\u0111enju izleta<\/a><\/p>\n\n\n\n<h3 class=\"wp-block-heading has-medium-font-size\" style=\"margin-top:var(--wp--preset--spacing--x-small);margin-bottom:var(--wp--preset--spacing--x-small)\">Dokumenta Kase uzajamne pomo\u0107i:<\/h3>\n\n\n\n<p class=\"has-text-color has-link-color has-medium-font-size wp-elements-e87c77eeea03c55e1fdc9c9fa8c67e0a\" style=\"color:#136ebf\">&#8211; <a href=\"https:\/\/direkcije.rs\/wp-content\/uploads\/2024\/03\/Pravila-Kase.pdf\" target=\"_blank\" rel=\"noreferrer noopener\">Pravila o radu Kase<\/a><\/p>\n\n\n\n<p class=\"has-text-color has-link-color has-medium-font-size wp-elements-1cf48c18cb71161eb5fa973dfa7b5408\" style=\"color:#136ebf\">&#8211; <a href=\"https:\/\/direkcije.rs\/wp-content\/uploads\/2024\/03\/Upisnica.pdf\" data-type=\"link\" data-id=\"https:\/\/direkcije.rs\/wp-content\/uploads\/2024\/03\/Upisnica.pdf\" target=\"_blank\" rel=\"noreferrer noopener\">Upisnica<\/a><\/p>\n\n\n\n<p class=\"has-text-color has-link-color has-medium-font-size wp-elements-d2d8b1d7275f9cce87744dcc906ce3aa\" style=\"color:#136ebf\">&#8211; <a href=\"https:\/\/direkcije.rs\/wp-content\/uploads\/2024\/03\/Molba-za-zajam.pdf\" target=\"_blank\" rel=\"noreferrer noopener\">Molba za zajam<\/a><\/p>\n\n\n\n<p><\/p>\n\n\n\n<div style=\"height:5rem\" aria-hidden=\"true\" class=\"wp-block-spacer\"><\/div>\n","protected":false},"excerpt":{"rendered":"<p>Ovde mo\u017eete preuzeti dokumenta vezana za rad sindikalne organizacije Direkcije, Sindikata radnika Po\u0161te Srbije ili propisa koje donosi samo preduze\u0107e, a koji su vezani za rad i status sindikata: Dokumenta vezana za izbore u SO Direkcije: &#8211; Izjava o prihvatanju kandidature &#8211; Izborna pravila doneta na sastanku 2019_09_13 Dokumenta \u010diji je donosilac sindikat: &#8211; Statut &hellip; <\/p>\n<p class=\"link-more\"><a href=\"https:\/\/direkcije.rs\/?page_id=840\" class=\"more-link\">Read more<span class=\"screen-reader-text\"> &#8222;Dokumenta&#8220;<\/span><\/a><\/p>\n","protected":false},"author":1,"featured_media":0,"parent":0,"menu_order":0,"comment_status":"closed","ping_status":"closed","template":"","meta":{"_sitemap_exclude":false,"_sitemap_priority":"","_sitemap_frequency":"","_themeisle_gutenberg_block_has_review":false,"footnotes":""},"class_list":["post-840","page","type-page","status-publish","hentry"],"yoast_head":"<!-- This site is optimized with the Yoast SEO plugin v24.7 - https:\/\/yoast.com\/wordpress\/plugins\/seo\/ -->\n<title>Dokumenta - Sindikalna organizacija DIREKCIJE<\/title>\n<meta name=\"robots\" content=\"index, follow, max-snippet:-1, max-image-preview:large, max-video-preview:-1\" \/>\n<link rel=\"canonical\" href=\"https:\/\/direkcije.rs\/?page_id=840\" \/>\n<meta property=\"og:locale\" content=\"sr_RS\" \/>\n<meta property=\"og:type\" content=\"article\" \/>\n<meta property=\"og:title\" content=\"Dokumenta - Sindikalna organizacija DIREKCIJE\" \/>\n<meta property=\"og:description\" content=\"Ovde mo\u017eete preuzeti dokumenta vezana za rad sindikalne organizacije Direkcije, Sindikata radnika Po\u0161te Srbije ili propisa koje donosi samo preduze\u0107e, a koji su vezani za rad i status sindikata: Dokumenta vezana za izbore u SO Direkcije: &#8211; Izjava o prihvatanju kandidature &#8211; Izborna pravila doneta na sastanku 2019_09_13 Dokumenta \u010diji je donosilac sindikat: &#8211; Statut &hellip; Read more &quot;Dokumenta&quot;\" \/>\n<meta property=\"og:url\" content=\"https:\/\/direkcije.rs\/?page_id=840\" \/>\n<meta property=\"og:site_name\" content=\"Sindikalna organizacija DIREKCIJE\" \/>\n<meta property=\"article:publisher\" content=\"https:\/\/www.facebook.com\/profile.php?id=61556769311237\" \/>\n<meta property=\"article:modified_time\" content=\"2025-01-31T10:13:37+00:00\" \/>\n<meta property=\"og:image\" content=\"https:\/\/direkcije.rs\/wp-content\/uploads\/2024\/02\/wood-office-musical-instrument-start-product-document-1161230-pxhere.com_.jpg\" \/>\n\t<meta property=\"og:image:width\" content=\"1620\" \/>\n\t<meta property=\"og:image:height\" content=\"750\" \/>\n\t<meta property=\"og:image:type\" content=\"image\/jpeg\" \/>\n<meta name=\"twitter:card\" content=\"summary_large_image\" \/>\n<meta name=\"twitter:label1\" content=\"\u041f\u0440\u043e\u0446\u0435\u045a\u0435\u043d\u043e \u0432\u0440\u0435\u043c\u0435 \u0447\u0438\u0442\u0430\u045a\u0430\" \/>\n\t<meta name=\"twitter:data1\" content=\"1 \u043c\u0438\u043d\u0443\u0442\" \/>\n<script type=\"application\/ld+json\" class=\"yoast-schema-graph\">{\"@context\":\"https:\/\/schema.org\",\"@graph\":[{\"@type\":\"WebPage\",\"@id\":\"https:\/\/direkcije.rs\/?page_id=840\",\"url\":\"https:\/\/direkcije.rs\/?page_id=840\",\"name\":\"Dokumenta - Sindikalna organizacija DIREKCIJE\",\"isPartOf\":{\"@id\":\"https:\/\/direkcije.rs\/#website\"},\"primaryImageOfPage\":{\"@id\":\"https:\/\/direkcije.rs\/?page_id=840#primaryimage\"},\"image\":{\"@id\":\"https:\/\/direkcije.rs\/?page_id=840#primaryimage\"},\"thumbnailUrl\":\"https:\/\/direkcije.rs\/wp-content\/uploads\/2024\/02\/wood-office-musical-instrument-start-product-document-1161230-pxhere.com_-1600x741.jpg\",\"datePublished\":\"2024-02-13T13:56:51+00:00\",\"dateModified\":\"2025-01-31T10:13:37+00:00\",\"breadcrumb\":{\"@id\":\"https:\/\/direkcije.rs\/?page_id=840#breadcrumb\"},\"inLanguage\":\"sr-RS\",\"potentialAction\":[{\"@type\":\"ReadAction\",\"target\":[\"https:\/\/direkcije.rs\/?page_id=840\"]}]},{\"@type\":\"ImageObject\",\"inLanguage\":\"sr-RS\",\"@id\":\"https:\/\/direkcije.rs\/?page_id=840#primaryimage\",\"url\":\"https:\/\/direkcije.rs\/wp-content\/uploads\/2024\/02\/wood-office-musical-instrument-start-product-document-1161230-pxhere.com_.jpg\",\"contentUrl\":\"https:\/\/direkcije.rs\/wp-content\/uploads\/2024\/02\/wood-office-musical-instrument-start-product-document-1161230-pxhere.com_.jpg\",\"width\":1620,\"height\":750},{\"@type\":\"BreadcrumbList\",\"@id\":\"https:\/\/direkcije.rs\/?page_id=840#breadcrumb\",\"itemListElement\":[{\"@type\":\"ListItem\",\"position\":1,\"name\":\"Home\",\"item\":\"https:\/\/direkcije.rs\/\"},{\"@type\":\"ListItem\",\"position\":2,\"name\":\"Dokumenta\"}]},{\"@type\":\"WebSite\",\"@id\":\"https:\/\/direkcije.rs\/#website\",\"url\":\"https:\/\/direkcije.rs\/\",\"name\":\"Sindikalna organizacija DIREKCIJE\",\"description\":\"deo Sindikata PTTa\",\"publisher\":{\"@id\":\"https:\/\/direkcije.rs\/#organization\"},\"alternateName\":\"Direkcije\",\"potentialAction\":[{\"@type\":\"SearchAction\",\"target\":{\"@type\":\"EntryPoint\",\"urlTemplate\":\"https:\/\/direkcije.rs\/?s={search_term_string}\"},\"query-input\":{\"@type\":\"PropertyValueSpecification\",\"valueRequired\":true,\"valueName\":\"search_term_string\"}}],\"inLanguage\":\"sr-RS\"},{\"@type\":\"Organization\",\"@id\":\"https:\/\/direkcije.rs\/#organization\",\"name\":\"Sindikalna organizacija DIREKCIJE\",\"alternateName\":\"Direkcije\",\"url\":\"https:\/\/direkcije.rs\/\",\"logo\":{\"@type\":\"ImageObject\",\"inLanguage\":\"sr-RS\",\"@id\":\"https:\/\/direkcije.rs\/#\/schema\/logo\/image\/\",\"url\":\"https:\/\/direkcije.rs\/wp-content\/uploads\/2024\/02\/Copy-of-Sindikat-logo.jpg\",\"contentUrl\":\"https:\/\/direkcije.rs\/wp-content\/uploads\/2024\/02\/Copy-of-Sindikat-logo.jpg\",\"width\":238,\"height\":238,\"caption\":\"Sindikalna organizacija DIREKCIJE\"},\"image\":{\"@id\":\"https:\/\/direkcije.rs\/#\/schema\/logo\/image\/\"},\"sameAs\":[\"https:\/\/www.facebook.com\/profile.php?id=61556769311237\"]}]}<\/script>\n<!-- \/ Yoast SEO plugin. -->","yoast_head_json":{"title":"Dokumenta - Sindikalna organizacija DIREKCIJE","robots":{"index":"index","follow":"follow","max-snippet":"max-snippet:-1","max-image-preview":"max-image-preview:large","max-video-preview":"max-video-preview:-1"},"canonical":"https:\/\/direkcije.rs\/?page_id=840","og_locale":"sr_RS","og_type":"article","og_title":"Dokumenta - Sindikalna organizacija DIREKCIJE","og_description":"Ovde mo\u017eete preuzeti dokumenta vezana za rad sindikalne organizacije Direkcije, Sindikata radnika Po\u0161te Srbije ili propisa koje donosi samo preduze\u0107e, a koji su vezani za rad i status sindikata: Dokumenta vezana za izbore u SO Direkcije: &#8211; Izjava o prihvatanju kandidature &#8211; Izborna pravila doneta na sastanku 2019_09_13 Dokumenta \u010diji je donosilac sindikat: &#8211; Statut &hellip; Read more \"Dokumenta\"","og_url":"https:\/\/direkcije.rs\/?page_id=840","og_site_name":"Sindikalna organizacija DIREKCIJE","article_publisher":"https:\/\/www.facebook.com\/profile.php?id=61556769311237","article_modified_time":"2025-01-31T10:13:37+00:00","og_image":[{"width":1620,"height":750,"url":"https:\/\/direkcije.rs\/wp-content\/uploads\/2024\/02\/wood-office-musical-instrument-start-product-document-1161230-pxhere.com_.jpg","type":"image\/jpeg"}],"twitter_card":"summary_large_image","twitter_misc":{"\u041f\u0440\u043e\u0446\u0435\u045a\u0435\u043d\u043e \u0432\u0440\u0435\u043c\u0435 \u0447\u0438\u0442\u0430\u045a\u0430":"1 \u043c\u0438\u043d\u0443\u0442"},"schema":{"@context":"https:\/\/schema.org","@graph":[{"@type":"WebPage","@id":"https:\/\/direkcije.rs\/?page_id=840","url":"https:\/\/direkcije.rs\/?page_id=840","name":"Dokumenta - Sindikalna organizacija DIREKCIJE","isPartOf":{"@id":"https:\/\/direkcije.rs\/#website"},"primaryImageOfPage":{"@id":"https:\/\/direkcije.rs\/?page_id=840#primaryimage"},"image":{"@id":"https:\/\/direkcije.rs\/?page_id=840#primaryimage"},"thumbnailUrl":"https:\/\/direkcije.rs\/wp-content\/uploads\/2024\/02\/wood-office-musical-instrument-start-product-document-1161230-pxhere.com_-1600x741.jpg","datePublished":"2024-02-13T13:56:51+00:00","dateModified":"2025-01-31T10:13:37+00:00","breadcrumb":{"@id":"https:\/\/direkcije.rs\/?page_id=840#breadcrumb"},"inLanguage":"sr-RS","potentialAction":[{"@type":"ReadAction","target":["https:\/\/direkcije.rs\/?page_id=840"]}]},{"@type":"ImageObject","inLanguage":"sr-RS","@id":"https:\/\/direkcije.rs\/?page_id=840#primaryimage","url":"https:\/\/direkcije.rs\/wp-content\/uploads\/2024\/02\/wood-office-musical-instrument-start-product-document-1161230-pxhere.com_.jpg","contentUrl":"https:\/\/direkcije.rs\/wp-content\/uploads\/2024\/02\/wood-office-musical-instrument-start-product-document-1161230-pxhere.com_.jpg","width":1620,"height":750},{"@type":"BreadcrumbList","@id":"https:\/\/direkcije.rs\/?page_id=840#breadcrumb","itemListElement":[{"@type":"ListItem","position":1,"name":"Home","item":"https:\/\/direkcije.rs\/"},{"@type":"ListItem","position":2,"name":"Dokumenta"}]},{"@type":"WebSite","@id":"https:\/\/direkcije.rs\/#website","url":"https:\/\/direkcije.rs\/","name":"Sindikalna organizacija DIREKCIJE","description":"deo Sindikata PTTa","publisher":{"@id":"https:\/\/direkcije.rs\/#organization"},"alternateName":"Direkcije","potentialAction":[{"@type":"SearchAction","target":{"@type":"EntryPoint","urlTemplate":"https:\/\/direkcije.rs\/?s={search_term_string}"},"query-input":{"@type":"PropertyValueSpecification","valueRequired":true,"valueName":"search_term_string"}}],"inLanguage":"sr-RS"},{"@type":"Organization","@id":"https:\/\/direkcije.rs\/#organization","name":"Sindikalna organizacija DIREKCIJE","alternateName":"Direkcije","url":"https:\/\/direkcije.rs\/","logo":{"@type":"ImageObject","inLanguage":"sr-RS","@id":"https:\/\/direkcije.rs\/#\/schema\/logo\/image\/","url":"https:\/\/direkcije.rs\/wp-content\/uploads\/2024\/02\/Copy-of-Sindikat-logo.jpg","contentUrl":"https:\/\/direkcije.rs\/wp-content\/uploads\/2024\/02\/Copy-of-Sindikat-logo.jpg","width":238,"height":238,"caption":"Sindikalna organizacija DIREKCIJE"},"image":{"@id":"https:\/\/direkcije.rs\/#\/schema\/logo\/image\/"},"sameAs":["https:\/\/www.facebook.com\/profile.php?id=61556769311237"]}]}},"_links":{"self":[{"href":"https:\/\/direkcije.rs\/index.php?rest_route=\/wp\/v2\/pages\/840","targetHints":{"allow":["GET"]}}],"collection":[{"href":"https:\/\/direkcije.rs\/index.php?rest_route=\/wp\/v2\/pages"}],"about":[{"href":"https:\/\/direkcije.rs\/index.php?rest_route=\/wp\/v2\/types\/page"}],"author":[{"embeddable":true,"href":"https:\/\/direkcije.rs\/index.php?rest_route=\/wp\/v2\/users\/1"}],"replies":[{"embeddable":true,"href":"https:\/\/direkcije.rs\/index.php?rest_route=%2Fwp%2Fv2%2Fcomments&post=840"}],"version-history":[{"count":2,"href":"https:\/\/direkcije.rs\/index.php?rest_route=\/wp\/v2\/pages\/840\/revisions"}],"predecessor-version":[{"id":1854,"href":"https:\/\/direkcije.rs\/index.php?rest_route=\/wp\/v2\/pages\/840\/revisions\/1854"}],"wp:attachment":[{"href":"https:\/\/direkcije.rs\/index.php?rest_route=%2Fwp%2Fv2%2Fmedia&parent=840"}],"curies":[{"name":"wp","href":"https:\/\/api.w.org\/{rel}","templated":true}]}}