{"id":850,"date":"2024-02-13T15:25:03","date_gmt":"2024-02-13T14:25:03","guid":{"rendered":"https:\/\/direkcije.rs\/?page_id=850"},"modified":"2024-03-01T14:34:37","modified_gmt":"2024-03-01T13:34:37","slug":"preporuke-kada-se-obracate-fondu-za-sredstva","status":"publish","type":"page","link":"https:\/\/direkcije.rs\/?page_id=850","title":{"rendered":"Preporuke kada se obra\u0107ate Fondu za sredstva"},"content":{"rendered":"\n<div class=\"wp-block-columns has-lightgrey-background-color has-background is-layout-flex wp-container-core-columns-is-layout-1 wp-block-columns-is-layout-flex\" style=\"border-width:1px;border-radius:5px;margin-top:var(--wp--preset--spacing--x-small);margin-bottom:var(--wp--preset--spacing--x-small);padding-top:var(--wp--preset--spacing--x-small);padding-right:var(--wp--preset--spacing--x-small);padding-bottom:var(--wp--preset--spacing--x-small);padding-left:var(--wp--preset--spacing--x-small)\">\n<div class=\"wp-block-column is-layout-flow wp-container-core-column-is-layout-1 wp-block-column-is-layout-flow\" style=\"padding-top:0;padding-right:0;padding-bottom:0;padding-left:0;flex-basis:20%\">\n<figure class=\"wp-block-image size-full is-resized has-custom-border\"><img loading=\"lazy\" decoding=\"async\" width=\"364\" height=\"366\" src=\"https:\/\/direkcije.rs\/wp-content\/uploads\/2024\/02\/Jaca.jpg\" alt=\"\" class=\"wp-image-851\" style=\"border-style:none;border-width:0px;border-radius:10px;width:150px\" srcset=\"https:\/\/direkcije.rs\/wp-content\/uploads\/2024\/02\/Jaca.jpg 364w, https:\/\/direkcije.rs\/wp-content\/uploads\/2024\/02\/Jaca-298x300.jpg 298w, https:\/\/direkcije.rs\/wp-content\/uploads\/2024\/02\/Jaca-150x150.jpg 150w, https:\/\/direkcije.rs\/wp-content\/uploads\/2024\/02\/Jaca-60x60.jpg 60w, https:\/\/direkcije.rs\/wp-content\/uploads\/2024\/02\/Jaca-200x201.jpg 200w, https:\/\/direkcije.rs\/wp-content\/uploads\/2024\/02\/Jaca-12x12.jpg 12w\" sizes=\"auto, (max-width: 364px) 100vw, 364px\" \/><\/figure>\n<\/div>\n\n\n\n<div class=\"wp-block-column is-vertically-aligned-bottom is-layout-flow wp-block-column-is-layout-flow\" style=\"flex-basis:90%\">\n<p><strong>Pi\u0161e Jasmina Vukadinovi\u0107 &#8211; predstavnica sindikalne organizacije Direkcije u Fondu Solidarnosti<\/strong><\/p>\n<\/div>\n<\/div>\n\n\n\n<div style=\"height:2rem\" aria-hidden=\"true\" class=\"wp-block-spacer\"><\/div>\n\n\n\n<p class=\"has-medium-font-size\">Nakon dugo godina neprekidnog rada, pokazalo se da je postojanje Fonda solidarnosti svetla ta\u010dka na\u0161eg Sindikata. <\/p>\n\n\n\n<p class=\"has-medium-font-size\">Suo\u010deni sa te\u0161kom materijalnom situacijom, sa malim primanjima i skupo\u0107om, svi na\u0161i \u010dlanovi mogu ra\u010dunati na refundiranje tro\u0161kova (ili dela tro\u0161kova) zdravstvenih usluga, bolni\u010dkog le\u010denja, raznih pomagala, kako za sebe, tako i za \u010dlanove u\u017ee porodice.<\/p>\n\n\n\n<p class=\"has-medium-font-size\">Da ne bi bili u nedoumici, nave\u0161\u0107u taksativno uslove dobijanja solidarne pomo\u0107i i njihove iznose:<\/p>\n\n\n\n<ol class=\"has-medium-font-size wp-block-list\">\n<li>Pla\u0107anje tro\u0161kova zdravstvenih usluga, lekova i bolni\u010dkog le\u010denja u visini prilo\u017eenih ra\u010duna, najvi\u0161e u iznosu do 12.000,00 dinara kao i pomagala u visini prilo\u017eenih ra\u010duna, najvi\u0161e 6.000,00 dinara. Pomagala koja su predmet refundacije su: ve\u0161ta\u010dki delovi tela, inhalator, aparat za merenje \u0161e\u0107era kod dijabeti\u010dara sa test trakama za merenje nivoa glukoze u krvi, stakla za nao\u010dare i so\u010diva (grani\u010dne vrednosti -dioptrija +\/- 5 i vi\u0161e), slu\u0161ni aparati i kompresivne medicinske \u010darape za pro\u0161irene vene;<\/li>\n\n\n\n<li>Pla\u0107anje zdravstvenih usluga, bolni\u010dkog le\u010denja i lekova za decu kao i \u010dlanove u\u017ee porodice (supru\u017enici ili punoletna deca) koji nemaju redovna mese\u010dna primanja, u visini 50% od iznosa prilo\u017eenih ra\u010duna, a najvi\u0161e 10.000,00 dinara, kao i gore navedenih pomogala u visini 50% od iznosa prilo\u017eenih ra\u010duna, a najvi\u0161e&nbsp;6.000,00 dinara;<\/li>\n\n\n\n<li>Smrt \u010dlana Fonda, \u010dlana u\u017ee porodice i smrt roditelja \u010dlana Fonda. Pomo\u0107 po navedenom osnovu odobrava se:\n<ul class=\"wp-block-list\">\n<li>u iznosu od 20.000,00 dinara za smrt \u010dlana Fonda;<\/li>\n\n\n\n<li><span style=\"color: initial;\">u iznosu od 10.000,00 za svako maloletno dete umrlog \u010dlana Fonda;<\/span><\/li>\n\n\n\n<li><span style=\"color: initial;\">u iznosu od&nbsp; 20.000,00 dinara za smrt \u010dlana u\u017ee porodice;<\/span><\/li>\n\n\n\n<li>u iznosu od 10.000,00 dinara za smrt roditelja \u010dlana Fonda;<\/li>\n<\/ul>\n<\/li>\n\n\n\n<li>Pomo\u0107 \u010dlanu Fonda koji je na neprekidnom bolovanju tri meseca u iznosu od 10.000,00 dinara, za svaka 3 puna meseca, \u0161to iznosi maksimalno 40.000,00 dinara godi\u0161nje;<\/li>\n\n\n\n<li>Druge zdravstvene tro\u0161kove i slu\u010dajeve\n<ul class=\"wp-block-list\">\n<li><span style=\"color: initial;\">Bez prilo\u017eenih ra\u010duna, za te\u017ee bolesti (na osnovu dijagnoze) u iznosu od 12.000,00 dinara;<\/span><\/li>\n\n\n\n<li>U visini prilo\u017eenih ra\u010duna, a najvi\u0161e 12.000,00 dinara;<\/li>\n<\/ul>\n<\/li>\n\n\n\n<li>Solidarna pomo\u0107 deci ili supru\u017enicima (uz prilo\u017een dokaz o nezaposlenosti ako je u pitanju punoletno lice), se odobrava za te\u017ee bolesti, na dijagnozu, bez prilo\u017eenih fiskalnih ra\u010duna u iznosu od 12.000,00 dinara;<\/li>\n\n\n\n<li>Ro\u0111enje i usvajanje deteta&nbsp; u iznosu od 10.000,00 dinara;<\/li>\n\n\n\n<li>Ubla\u017eavanje posledica elementarnih nepogoda ili vanrednih doga\u0111aja na objektu za stanovanje, odobrava se u visini nastale \u0161tete, a maksimalno do 15.000,00 dinara;<\/li>\n\n\n\n<li>Pomo\u0107 \u010dlanu Fonda koji je na radnom mestu pretrpeo oru\u017eanu plja\u010dku ili ujed psa\n<ul class=\"wp-block-list\">\n<li><span style=\"color: initial;\">pretrpljeni strah i bol prilikom oru\u017eane plja\u010dke \u2013 u iznosu od 7.000,00 dinara;<\/span><\/li>\n\n\n\n<li>ujed psa na radnom mestu \u2013 u iznosu od 4.000,00 dinara.<\/li>\n<\/ul>\n<\/li>\n<\/ol>\n\n\n\n<p class=\"has-medium-font-size\">Uz popunjen zahtev za dobijanje solidarne pomo\u0107i, potrebno je prilo\u017eiti minimalnu lekarsku dokumentaciju koja ukazuje na opravdanost zahteva, poput izve\u0161taja doktora u kojem je navedena vrsta pregleda ili vrsta terapije u slu\u010daju refundacije lekova kao i potreba kori\u0161\u0107enja pomagala i sli\u010dno. Fiskalni ra\u010duni ne mogu biti stariji od \u0161est meseci a lekarska dokumentacija ne mo\u017ee biti starija od godinu dana. Kada je u pitanju odobravanje solidarnih pomo\u0107i vezanih za o\u010duvanje zdravlja ili le\u010denje, mo\u017eete dva puta godi\u0161nje dobiti solidarnu pomo\u0107.<\/p>\n\n\n\n<p class=\"has-medium-font-size\">Kao \u010dlan komisije Fonda solidarnosti, \u017eelim da uka\u017eem na naj\u010de\u0161\u0107e gre\u0161ke koju \u010dlanovi \u010dine pri tra\u017eenju solidarne pomo\u0107i:<\/p>\n\n\n\n<ul class=\"wp-block-list\">\n<li class=\"has-medium-font-size\">naj\u010de\u0161\u0107e nedostaje odgovaraju\u0107a medicinska dokumentacija ili je ona starija od godinu dana<\/li>\n\n\n\n<li class=\"has-medium-font-size\">komisija \u0107e sa fiskalnih ra\u010duna refundirati tro\u0161kove samo onih lekova koji su prepisani i navedeni u prilo\u017eenoj medicinskoj dokumentaciji. Ukoliko se radi o nekom leku koji je zamena, to treba i naglasiti.<\/li>\n\n\n\n<li class=\"has-medium-font-size\">\u010desto se ne prilo\u017ei potvrda o nezaposlenosti ili o \u0161kolovanju deteta koje je punoletno<\/li>\n\n\n\n<li class=\"has-medium-font-size\">prilo\u017eeni ra\u010duni moraju biti original i ne stariji od \u0161est meseci<\/li>\n<\/ul>\n\n\n\n<p class=\"has-medium-font-size\">Zahtevi se predaju sindikalnom predstavniku do 15og u teku\u0107em mesecu.<\/p>\n\n\n\n<p class=\"has-medium-font-size\">Za sve nedoumice i pomo\u0107 u realizaciji zahteva za solidarnu pomo\u0107, mo\u017eete me kontaktirati na telefon 064\/6650-112.<\/p>\n\n\n\n<div style=\"height:5rem\" aria-hidden=\"true\" class=\"wp-block-spacer\"><\/div>\n","protected":false},"excerpt":{"rendered":"<p>Pi\u0161e Jasmina Vukadinovi\u0107 &#8211; predstavnica sindikalne organizacije Direkcije u Fondu Solidarnosti Nakon dugo godina neprekidnog rada, pokazalo se da je postojanje Fonda solidarnosti svetla ta\u010dka na\u0161eg Sindikata. Suo\u010deni sa te\u0161kom materijalnom situacijom, sa malim primanjima i skupo\u0107om, svi na\u0161i \u010dlanovi mogu ra\u010dunati na refundiranje tro\u0161kova (ili dela tro\u0161kova) zdravstvenih usluga, bolni\u010dkog le\u010denja, raznih pomagala, kako &hellip; <\/p>\n<p class=\"link-more\"><a href=\"https:\/\/direkcije.rs\/?page_id=850\" class=\"more-link\">Read more<span class=\"screen-reader-text\"> &#8222;Preporuke kada se obra\u0107ate Fondu za sredstva&#8220;<\/span><\/a><\/p>\n","protected":false},"author":1,"featured_media":0,"parent":0,"menu_order":0,"comment_status":"closed","ping_status":"closed","template":"","meta":{"_sitemap_exclude":false,"_sitemap_priority":"","_sitemap_frequency":"","_themeisle_gutenberg_block_has_review":false,"footnotes":""},"class_list":["post-850","page","type-page","status-publish","hentry"],"yoast_head":"<!-- This site is optimized with the Yoast SEO plugin v24.7 - https:\/\/yoast.com\/wordpress\/plugins\/seo\/ -->\n<title>Preporuke kada se obra\u0107ate Fondu za sredstva - Sindikalna organizacija DIREKCIJE<\/title>\n<meta name=\"robots\" content=\"index, follow, max-snippet:-1, max-image-preview:large, max-video-preview:-1\" \/>\n<link rel=\"canonical\" href=\"https:\/\/direkcije.rs\/?page_id=850\" \/>\n<meta property=\"og:locale\" content=\"sr_RS\" \/>\n<meta property=\"og:type\" content=\"article\" \/>\n<meta property=\"og:title\" content=\"Preporuke kada se obra\u0107ate Fondu za sredstva - Sindikalna organizacija DIREKCIJE\" \/>\n<meta property=\"og:description\" content=\"Pi\u0161e Jasmina Vukadinovi\u0107 &#8211; predstavnica sindikalne organizacije Direkcije u Fondu Solidarnosti Nakon dugo godina neprekidnog rada, pokazalo se da je postojanje Fonda solidarnosti svetla ta\u010dka na\u0161eg Sindikata. Suo\u010deni sa te\u0161kom materijalnom situacijom, sa malim primanjima i skupo\u0107om, svi na\u0161i \u010dlanovi mogu ra\u010dunati na refundiranje tro\u0161kova (ili dela tro\u0161kova) zdravstvenih usluga, bolni\u010dkog le\u010denja, raznih pomagala, kako &hellip; Read more &quot;Preporuke kada se obra\u0107ate Fondu za sredstva&quot;\" \/>\n<meta property=\"og:url\" content=\"https:\/\/direkcije.rs\/?page_id=850\" \/>\n<meta property=\"og:site_name\" content=\"Sindikalna organizacija DIREKCIJE\" \/>\n<meta property=\"article:publisher\" content=\"https:\/\/www.facebook.com\/profile.php?id=61556769311237\" \/>\n<meta property=\"article:modified_time\" content=\"2024-03-01T13:34:37+00:00\" \/>\n<meta property=\"og:image\" content=\"https:\/\/direkcije.rs\/wp-content\/uploads\/2024\/02\/Jaca.jpg\" \/>\n<meta name=\"twitter:card\" content=\"summary_large_image\" \/>\n<meta name=\"twitter:label1\" content=\"\u041f\u0440\u043e\u0446\u0435\u045a\u0435\u043d\u043e \u0432\u0440\u0435\u043c\u0435 \u0447\u0438\u0442\u0430\u045a\u0430\" \/>\n\t<meta name=\"twitter:data1\" content=\"3 \u043c\u0438\u043d\u0443\u0442\u0430\" \/>\n<script type=\"application\/ld+json\" class=\"yoast-schema-graph\">{\"@context\":\"https:\/\/schema.org\",\"@graph\":[{\"@type\":\"WebPage\",\"@id\":\"https:\/\/direkcije.rs\/?page_id=850\",\"url\":\"https:\/\/direkcije.rs\/?page_id=850\",\"name\":\"Preporuke kada se obra\u0107ate Fondu za sredstva - Sindikalna organizacija DIREKCIJE\",\"isPartOf\":{\"@id\":\"https:\/\/direkcije.rs\/#website\"},\"primaryImageOfPage\":{\"@id\":\"https:\/\/direkcije.rs\/?page_id=850#primaryimage\"},\"image\":{\"@id\":\"https:\/\/direkcije.rs\/?page_id=850#primaryimage\"},\"thumbnailUrl\":\"https:\/\/direkcije.rs\/wp-content\/uploads\/2024\/02\/Jaca.jpg\",\"datePublished\":\"2024-02-13T14:25:03+00:00\",\"dateModified\":\"2024-03-01T13:34:37+00:00\",\"breadcrumb\":{\"@id\":\"https:\/\/direkcije.rs\/?page_id=850#breadcrumb\"},\"inLanguage\":\"sr-RS\",\"potentialAction\":[{\"@type\":\"ReadAction\",\"target\":[\"https:\/\/direkcije.rs\/?page_id=850\"]}]},{\"@type\":\"ImageObject\",\"inLanguage\":\"sr-RS\",\"@id\":\"https:\/\/direkcije.rs\/?page_id=850#primaryimage\",\"url\":\"https:\/\/direkcije.rs\/wp-content\/uploads\/2024\/02\/Jaca.jpg\",\"contentUrl\":\"https:\/\/direkcije.rs\/wp-content\/uploads\/2024\/02\/Jaca.jpg\",\"width\":364,\"height\":366,\"caption\":\"Foto: Nikola Dmitra\u0161inovi\u0107\"},{\"@type\":\"BreadcrumbList\",\"@id\":\"https:\/\/direkcije.rs\/?page_id=850#breadcrumb\",\"itemListElement\":[{\"@type\":\"ListItem\",\"position\":1,\"name\":\"Home\",\"item\":\"https:\/\/direkcije.rs\/\"},{\"@type\":\"ListItem\",\"position\":2,\"name\":\"Preporuke kada se obra\u0107ate Fondu za sredstva\"}]},{\"@type\":\"WebSite\",\"@id\":\"https:\/\/direkcije.rs\/#website\",\"url\":\"https:\/\/direkcije.rs\/\",\"name\":\"Sindikalna organizacija DIREKCIJE\",\"description\":\"deo Sindikata PTTa\",\"publisher\":{\"@id\":\"https:\/\/direkcije.rs\/#organization\"},\"alternateName\":\"Direkcije\",\"potentialAction\":[{\"@type\":\"SearchAction\",\"target\":{\"@type\":\"EntryPoint\",\"urlTemplate\":\"https:\/\/direkcije.rs\/?s={search_term_string}\"},\"query-input\":{\"@type\":\"PropertyValueSpecification\",\"valueRequired\":true,\"valueName\":\"search_term_string\"}}],\"inLanguage\":\"sr-RS\"},{\"@type\":\"Organization\",\"@id\":\"https:\/\/direkcije.rs\/#organization\",\"name\":\"Sindikalna organizacija DIREKCIJE\",\"alternateName\":\"Direkcije\",\"url\":\"https:\/\/direkcije.rs\/\",\"logo\":{\"@type\":\"ImageObject\",\"inLanguage\":\"sr-RS\",\"@id\":\"https:\/\/direkcije.rs\/#\/schema\/logo\/image\/\",\"url\":\"https:\/\/direkcije.rs\/wp-content\/uploads\/2024\/02\/Copy-of-Sindikat-logo.jpg\",\"contentUrl\":\"https:\/\/direkcije.rs\/wp-content\/uploads\/2024\/02\/Copy-of-Sindikat-logo.jpg\",\"width\":238,\"height\":238,\"caption\":\"Sindikalna organizacija DIREKCIJE\"},\"image\":{\"@id\":\"https:\/\/direkcije.rs\/#\/schema\/logo\/image\/\"},\"sameAs\":[\"https:\/\/www.facebook.com\/profile.php?id=61556769311237\"]}]}<\/script>\n<!-- \/ Yoast SEO plugin. -->","yoast_head_json":{"title":"Preporuke kada se obra\u0107ate Fondu za sredstva - Sindikalna organizacija DIREKCIJE","robots":{"index":"index","follow":"follow","max-snippet":"max-snippet:-1","max-image-preview":"max-image-preview:large","max-video-preview":"max-video-preview:-1"},"canonical":"https:\/\/direkcije.rs\/?page_id=850","og_locale":"sr_RS","og_type":"article","og_title":"Preporuke kada se obra\u0107ate Fondu za sredstva - Sindikalna organizacija DIREKCIJE","og_description":"Pi\u0161e Jasmina Vukadinovi\u0107 &#8211; predstavnica sindikalne organizacije Direkcije u Fondu Solidarnosti Nakon dugo godina neprekidnog rada, pokazalo se da je postojanje Fonda solidarnosti svetla ta\u010dka na\u0161eg Sindikata. Suo\u010deni sa te\u0161kom materijalnom situacijom, sa malim primanjima i skupo\u0107om, svi na\u0161i \u010dlanovi mogu ra\u010dunati na refundiranje tro\u0161kova (ili dela tro\u0161kova) zdravstvenih usluga, bolni\u010dkog le\u010denja, raznih pomagala, kako &hellip; Read more \"Preporuke kada se obra\u0107ate Fondu za sredstva\"","og_url":"https:\/\/direkcije.rs\/?page_id=850","og_site_name":"Sindikalna organizacija DIREKCIJE","article_publisher":"https:\/\/www.facebook.com\/profile.php?id=61556769311237","article_modified_time":"2024-03-01T13:34:37+00:00","og_image":[{"url":"https:\/\/direkcije.rs\/wp-content\/uploads\/2024\/02\/Jaca.jpg","type":"","width":"","height":""}],"twitter_card":"summary_large_image","twitter_misc":{"\u041f\u0440\u043e\u0446\u0435\u045a\u0435\u043d\u043e \u0432\u0440\u0435\u043c\u0435 \u0447\u0438\u0442\u0430\u045a\u0430":"3 \u043c\u0438\u043d\u0443\u0442\u0430"},"schema":{"@context":"https:\/\/schema.org","@graph":[{"@type":"WebPage","@id":"https:\/\/direkcije.rs\/?page_id=850","url":"https:\/\/direkcije.rs\/?page_id=850","name":"Preporuke kada se obra\u0107ate Fondu za sredstva - Sindikalna organizacija DIREKCIJE","isPartOf":{"@id":"https:\/\/direkcije.rs\/#website"},"primaryImageOfPage":{"@id":"https:\/\/direkcije.rs\/?page_id=850#primaryimage"},"image":{"@id":"https:\/\/direkcije.rs\/?page_id=850#primaryimage"},"thumbnailUrl":"https:\/\/direkcije.rs\/wp-content\/uploads\/2024\/02\/Jaca.jpg","datePublished":"2024-02-13T14:25:03+00:00","dateModified":"2024-03-01T13:34:37+00:00","breadcrumb":{"@id":"https:\/\/direkcije.rs\/?page_id=850#breadcrumb"},"inLanguage":"sr-RS","potentialAction":[{"@type":"ReadAction","target":["https:\/\/direkcije.rs\/?page_id=850"]}]},{"@type":"ImageObject","inLanguage":"sr-RS","@id":"https:\/\/direkcije.rs\/?page_id=850#primaryimage","url":"https:\/\/direkcije.rs\/wp-content\/uploads\/2024\/02\/Jaca.jpg","contentUrl":"https:\/\/direkcije.rs\/wp-content\/uploads\/2024\/02\/Jaca.jpg","width":364,"height":366,"caption":"Foto: Nikola Dmitra\u0161inovi\u0107"},{"@type":"BreadcrumbList","@id":"https:\/\/direkcije.rs\/?page_id=850#breadcrumb","itemListElement":[{"@type":"ListItem","position":1,"name":"Home","item":"https:\/\/direkcije.rs\/"},{"@type":"ListItem","position":2,"name":"Preporuke kada se obra\u0107ate Fondu za sredstva"}]},{"@type":"WebSite","@id":"https:\/\/direkcije.rs\/#website","url":"https:\/\/direkcije.rs\/","name":"Sindikalna organizacija DIREKCIJE","description":"deo Sindikata PTTa","publisher":{"@id":"https:\/\/direkcije.rs\/#organization"},"alternateName":"Direkcije","potentialAction":[{"@type":"SearchAction","target":{"@type":"EntryPoint","urlTemplate":"https:\/\/direkcije.rs\/?s={search_term_string}"},"query-input":{"@type":"PropertyValueSpecification","valueRequired":true,"valueName":"search_term_string"}}],"inLanguage":"sr-RS"},{"@type":"Organization","@id":"https:\/\/direkcije.rs\/#organization","name":"Sindikalna organizacija DIREKCIJE","alternateName":"Direkcije","url":"https:\/\/direkcije.rs\/","logo":{"@type":"ImageObject","inLanguage":"sr-RS","@id":"https:\/\/direkcije.rs\/#\/schema\/logo\/image\/","url":"https:\/\/direkcije.rs\/wp-content\/uploads\/2024\/02\/Copy-of-Sindikat-logo.jpg","contentUrl":"https:\/\/direkcije.rs\/wp-content\/uploads\/2024\/02\/Copy-of-Sindikat-logo.jpg","width":238,"height":238,"caption":"Sindikalna organizacija DIREKCIJE"},"image":{"@id":"https:\/\/direkcije.rs\/#\/schema\/logo\/image\/"},"sameAs":["https:\/\/www.facebook.com\/profile.php?id=61556769311237"]}]}},"_links":{"self":[{"href":"https:\/\/direkcije.rs\/index.php?rest_route=\/wp\/v2\/pages\/850","targetHints":{"allow":["GET"]}}],"collection":[{"href":"https:\/\/direkcije.rs\/index.php?rest_route=\/wp\/v2\/pages"}],"about":[{"href":"https:\/\/direkcije.rs\/index.php?rest_route=\/wp\/v2\/types\/page"}],"author":[{"embeddable":true,"href":"https:\/\/direkcije.rs\/index.php?rest_route=\/wp\/v2\/users\/1"}],"replies":[{"embeddable":true,"href":"https:\/\/direkcije.rs\/index.php?rest_route=%2Fwp%2Fv2%2Fcomments&post=850"}],"version-history":[{"count":0,"href":"https:\/\/direkcije.rs\/index.php?rest_route=\/wp\/v2\/pages\/850\/revisions"}],"wp:attachment":[{"href":"https:\/\/direkcije.rs\/index.php?rest_route=%2Fwp%2Fv2%2Fmedia&parent=850"}],"curies":[{"name":"wp","href":"https:\/\/api.w.org\/{rel}","templated":true}]}}